{"id":11380,"date":"2019-05-29T11:59:37","date_gmt":"2019-05-29T11:59:37","guid":{"rendered":"https:\/\/muralunique.com\/?post_type=product&#038;p=11380"},"modified":"2022-03-16T17:38:18","modified_gmt":"2022-03-16T21:38:18","slug":"coucher-de-soleil-sur-un-lac","status":"publish","type":"product","link":"https:\/\/www.muralunique.com\/fr\/produit\/coucher-de-soleil-sur-un-lac\/","title":{"rendered":"Coucher de Soleil sur un Lac"},"content":{"rendered":"<p>-Murale en papier peint d&#8217;un coucher de soleil paisible sur un lac. M\u00eame avec un petit mur, cette murale cr\u00e9era l&#8217;ambiance parfaite. Peut facilement \u00eatre coup\u00e9 pour un mur de 8 &#8216;(2,44m).<\/p>\n<p>-La murale comprend des laizes de 18\u2033 (45cm) de largeur. Par exemple, une murale de 6\u2032 (1,83m) de largeur a 4 laizes et une murale de 12\u2032 (3,66m) de largeur a 8 laizes.<\/p>\n<p>-Murale en papier\u00a0peint pr\u00e9encoll\u00e9e, lavable, s\u2019enl\u00e8ve \u00e0 sec et r\u00e9utilisable. Facile \u00e0 installer, se pose comme du papier\u00a0peint (tapisserie).<\/p>\n<p>-murale coucher de soleil, murale en papier peint coucher de soleil, tapisserie coucher de soleil, papier peint coucher de soleil<\/p>\n","protected":false},"excerpt":{"rendered":"<p>-Murale en papier peint d&#8217;un coucher de soleil paisible sur un lac. M\u00eame avec un petit mur, cette murale cr\u00e9era l&#8217;ambiance parfaite. Peut facilement \u00eatre coup\u00e9 pour un mur de 8 &#8216;(2,44m). -La murale comprend des laizes de 18\u2033 (45cm) de largeur. Par exemple, une murale de 6\u2032 (1,83m) de largeur a 4 laizes et [&hellip;]<\/p>\n","protected":false},"featured_media":49644,"template":"","meta":{"_acf_changed":false},"product_brand":[203],"product_cat":[153,150,141,401],"product_tag":[9432,9517,9427,9014,9063,9135,9219,9137,9508],"class_list":{"0":"post-11380","1":"product","2":"type-product","3":"status-publish","4":"has-post-thumbnail","6":"product_brand-muralunique-com","7":"product_cat-eau-et-plages","8":"product_cat-fleurs-et-feuillages","9":"product_cat-nature-et-paysages","10":"product_cat-tous-nos-produits","11":"product_tag-coucher-de-soleil","12":"product_tag-eau","13":"product_tag-ete","14":"product_tag-feuillage","15":"product_tag-gazon","16":"product_tag-lac","17":"product_tag-nature-fr","18":"product_tag-paysage","19":"product_tag-vue","21":"first","22":"instock","23":"taxable","24":"shipping-taxable","25":"purchasable","26":"product-type-variable","27":"has-default-attributes"},"acf":[],"_links":{"self":[{"href":"https:\/\/www.muralunique.com\/fr\/wp-json\/wp\/v2\/product\/11380","targetHints":{"allow":["GET"]}}],"collection":[{"href":"https:\/\/www.muralunique.com\/fr\/wp-json\/wp\/v2\/product"}],"about":[{"href":"https:\/\/www.muralunique.com\/fr\/wp-json\/wp\/v2\/types\/product"}],"wp:featuredmedia":[{"embeddable":true,"href":"https:\/\/www.muralunique.com\/fr\/wp-json\/wp\/v2\/media\/49644"}],"wp:attachment":[{"href":"https:\/\/www.muralunique.com\/fr\/wp-json\/wp\/v2\/media?parent=11380"}],"wp:term":[{"taxonomy":"product_brand","embeddable":true,"href":"https:\/\/www.muralunique.com\/fr\/wp-json\/wp\/v2\/product_brand?post=11380"},{"taxonomy":"product_cat","embeddable":true,"href":"https:\/\/www.muralunique.com\/fr\/wp-json\/wp\/v2\/product_cat?post=11380"},{"taxonomy":"product_tag","embeddable":true,"href":"https:\/\/www.muralunique.com\/fr\/wp-json\/wp\/v2\/product_tag?post=11380"}],"curies":[{"name":"wp","href":"https:\/\/api.w.org\/{rel}","templated":true}]}}