{"id":11386,"date":"2019-05-31T11:38:24","date_gmt":"2019-05-31T11:38:24","guid":{"rendered":"https:\/\/muralunique.com\/?post_type=product&#038;p=11386"},"modified":"2022-03-16T17:38:18","modified_gmt":"2022-03-16T21:38:18","slug":"deesse-de-la-nature","status":"publish","type":"product","link":"https:\/\/www.muralunique.com\/fr\/produit\/deesse-de-la-nature\/","title":{"rendered":"D\u00e9esse de la Nature"},"content":{"rendered":"<p>-Murale en papier peint\u00a0repr\u00e9sentant le visage d&#8217;une femme dans une peinture num\u00e9rique de style r\u00e9aliste, illustrant le th\u00e8me &#8220;renaissance&#8221; qui grandit myst\u00e9rieusement du sol de la for\u00eat.<\/p>\n<p>-La murale comprend des laizes de 18\u2033 (45cm) de largeur. Par exemple, une murale de 6\u2032 (1,83m) de largeur a 4 laizes et une murale de 12\u2032 (3,66m) de largeur a 8 laizes.<\/p>\n<p>-Murale en papier\u00a0peint pr\u00e9encoll\u00e9e, lavable, s\u2019enl\u00e8ve \u00e0 sec et r\u00e9utilisable. Facile \u00e0 installer, se pose comme du papier\u00a0peint (tapisserie).<\/p>\n<p>-murale de visage, murale en papier peint avec visage, tapisserie visage, papier peint visage, murale abstraite<\/p>\n","protected":false},"excerpt":{"rendered":"<p>-Murale en papier peint\u00a0repr\u00e9sentant le visage d&#8217;une femme dans une peinture num\u00e9rique de style r\u00e9aliste, illustrant le th\u00e8me &#8220;renaissance&#8221; qui grandit myst\u00e9rieusement du sol de la for\u00eat. -La murale comprend des laizes de 18\u2033 (45cm) de largeur. Par exemple, une murale de 6\u2032 (1,83m) de largeur a 4 laizes et une murale de 12\u2032 (3,66m) [&hellip;]<\/p>\n","protected":false},"featured_media":43417,"template":"","meta":{"_acf_changed":false},"product_brand":[203],"product_cat":[125,131,138,401],"product_tag":[8751,9441,9442,9219,8975],"class_list":{"0":"post-11386","1":"product","2":"type-product","3":"status-publish","4":"has-post-thumbnail","6":"product_brand-muralunique-com","7":"product_cat-abstrait-et-geometrie","8":"product_cat-adolescents","9":"product_cat-oriental-religion-spiritualite","10":"product_cat-tous-nos-produits","11":"product_tag-abstrait","12":"product_tag-ado","13":"product_tag-adolescents","14":"product_tag-nature-fr","15":"product_tag-visage","17":"first","18":"instock","19":"taxable","20":"shipping-taxable","21":"purchasable","22":"product-type-variable","23":"has-default-attributes"},"acf":[],"_links":{"self":[{"href":"https:\/\/www.muralunique.com\/fr\/wp-json\/wp\/v2\/product\/11386","targetHints":{"allow":["GET"]}}],"collection":[{"href":"https:\/\/www.muralunique.com\/fr\/wp-json\/wp\/v2\/product"}],"about":[{"href":"https:\/\/www.muralunique.com\/fr\/wp-json\/wp\/v2\/types\/product"}],"wp:featuredmedia":[{"embeddable":true,"href":"https:\/\/www.muralunique.com\/fr\/wp-json\/wp\/v2\/media\/43417"}],"wp:attachment":[{"href":"https:\/\/www.muralunique.com\/fr\/wp-json\/wp\/v2\/media?parent=11386"}],"wp:term":[{"taxonomy":"product_brand","embeddable":true,"href":"https:\/\/www.muralunique.com\/fr\/wp-json\/wp\/v2\/product_brand?post=11386"},{"taxonomy":"product_cat","embeddable":true,"href":"https:\/\/www.muralunique.com\/fr\/wp-json\/wp\/v2\/product_cat?post=11386"},{"taxonomy":"product_tag","embeddable":true,"href":"https:\/\/www.muralunique.com\/fr\/wp-json\/wp\/v2\/product_tag?post=11386"}],"curies":[{"name":"wp","href":"https:\/\/api.w.org\/{rel}","templated":true}]}}