{"id":11392,"date":"2019-06-03T11:39:53","date_gmt":"2019-06-03T11:39:53","guid":{"rendered":"https:\/\/muralunique.com\/?post_type=product&#038;p=11392"},"modified":"2022-03-16T17:38:18","modified_gmt":"2022-03-16T21:38:18","slug":"blocs-arc-en-ciel","status":"publish","type":"product","link":"https:\/\/www.muralunique.com\/fr\/produit\/blocs-arc-en-ciel\/","title":{"rendered":"Blocs Arc-en-Ciel"},"content":{"rendered":"<p>-Photo murale color\u00e9e repr\u00e9sentant un arc-en-ciel de blocs (type l\u00e9go). Cette murale est parfaite pour cr\u00e9er une atmosph\u00e8re vivante et stimulante et est un tr\u00e8s bon choix pour une chambre d&#8217;enfants, une salle de jeux, une \u00e9cole, etc.<\/p>\n<p>-La murale comprend des laizes de 18\u2033 (45cm) de largeur. Par exemple, une murale de 6\u2032 (1,83m) de largeur a 4 laizes et une murale de 12\u2032 (3,66m) de largeur a 8 laizes.<\/p>\n<p>-Murale en papier\u00a0peint pr\u00e9encoll\u00e9e, lavable, s\u2019enl\u00e8ve \u00e0 sec et r\u00e9utilisable. Facile \u00e0 installer, se pose comme du papier\u00a0peint (tapisserie).<\/p>\n<p>-murale de l\u00e9gos, murale en papier peint de l\u00e9gos, murale de blocs, tapisserie de l\u00e9gos, tapisserie de blocs<\/p>\n","protected":false},"excerpt":{"rendered":"<p>-Photo murale color\u00e9e repr\u00e9sentant un arc-en-ciel de blocs (type l\u00e9go). Cette murale est parfaite pour cr\u00e9er une atmosph\u00e8re vivante et stimulante et est un tr\u00e8s bon choix pour une chambre d&#8217;enfants, une salle de jeux, une \u00e9cole, etc. -La murale comprend des laizes de 18\u2033 (45cm) de largeur. Par exemple, une murale de 6\u2032 (1,83m) [&hellip;]<\/p>\n","protected":false},"featured_media":11393,"template":"","meta":{"_acf_changed":false},"product_brand":[203],"product_cat":[173,401],"product_tag":[9312,8828,8920,8894,8895,9125],"class_list":{"0":"post-11392","1":"product","2":"type-product","3":"status-publish","4":"has-post-thumbnail","6":"product_brand-muralunique-com","7":"product_cat-enfants","8":"product_cat-tous-nos-produits","9":"product_tag-arc-en-ciel","10":"product_tag-block-fr","11":"product_tag-construction-fr","12":"product_tag-enfant","13":"product_tag-enfants","14":"product_tag-gamins","16":"first","17":"instock","18":"taxable","19":"shipping-taxable","20":"purchasable","21":"product-type-variable","22":"has-default-attributes"},"acf":[],"_links":{"self":[{"href":"https:\/\/www.muralunique.com\/fr\/wp-json\/wp\/v2\/product\/11392","targetHints":{"allow":["GET"]}}],"collection":[{"href":"https:\/\/www.muralunique.com\/fr\/wp-json\/wp\/v2\/product"}],"about":[{"href":"https:\/\/www.muralunique.com\/fr\/wp-json\/wp\/v2\/types\/product"}],"wp:featuredmedia":[{"embeddable":true,"href":"https:\/\/www.muralunique.com\/fr\/wp-json\/wp\/v2\/media\/11393"}],"wp:attachment":[{"href":"https:\/\/www.muralunique.com\/fr\/wp-json\/wp\/v2\/media?parent=11392"}],"wp:term":[{"taxonomy":"product_brand","embeddable":true,"href":"https:\/\/www.muralunique.com\/fr\/wp-json\/wp\/v2\/product_brand?post=11392"},{"taxonomy":"product_cat","embeddable":true,"href":"https:\/\/www.muralunique.com\/fr\/wp-json\/wp\/v2\/product_cat?post=11392"},{"taxonomy":"product_tag","embeddable":true,"href":"https:\/\/www.muralunique.com\/fr\/wp-json\/wp\/v2\/product_tag?post=11392"}],"curies":[{"name":"wp","href":"https:\/\/api.w.org\/{rel}","templated":true}]}}