{"id":11417,"date":"2019-06-12T09:27:49","date_gmt":"2019-06-12T09:27:49","guid":{"rendered":"https:\/\/muralunique.com\/?post_type=product&#038;p=11417"},"modified":"2022-03-16T17:38:17","modified_gmt":"2022-03-16T21:38:17","slug":"promenade-dans-la-tourbiere","status":"publish","type":"product","link":"https:\/\/www.muralunique.com\/fr\/produit\/promenade-dans-la-tourbiere\/","title":{"rendered":"Promenade dans la Tourbi\u00e8re"},"content":{"rendered":"<p>-Photo murale trompe l&#8217;oeil d&#8217;un trottoir de bois dans la tourbi\u00e8re. Cette murale est parfaite pour un petit mur et donnera un effet de profondeur \u00e0 n&#8217;importe quelle pi\u00e8ce.\u00a0La qualit\u00e9 (r\u00e9solution) de cette image est exceptionnelle.<\/p>\n<p>-La murale comprend des laizes de 18&#8243; (45cm) de largeur. Par exemple, une murale de 6&#8242; (1,83m) de largeur a 4 laizes et une murale de 12&#8242; (3,66m) de largeur a 8 laizes.<\/p>\n<p>-Murale en papier\u00a0peint pr\u00e9encoll\u00e9e, lavable, s&#8217;enl\u00e8ve \u00e0 sec et r\u00e9utilisable. Facile \u00e0 installer, se pose comme du papier\u00a0peint (tapisserie).<\/p>\n<p>-Photographie de Donn Petelka. Vous pouvez obtenir plus d&#8217;informations \u00e0 cette adresse:\u00a0<u><a style=\"color: #1155cc; font-family: verdana, sans-serif; font-size: large;\" href=\"mailto:donnpetelka@gmail.com\" target=\"_blank\" rel=\"noopener noreferrer\">donnpetelka@gmail.com<\/a><\/u>.<\/p>\n<p>-murale de la nature, murale en papier peint trompe l&#8217;oeil, tapisserie de la nature, papier peint paysage, tapisserie for\u00eat<\/p>\n","protected":false},"excerpt":{"rendered":"<p>-Photo murale trompe l&#8217;oeil d&#8217;un trottoir de bois dans la tourbi\u00e8re. Cette murale est parfaite pour un petit mur et donnera un effet de profondeur \u00e0 n&#8217;importe quelle pi\u00e8ce.\u00a0La qualit\u00e9 (r\u00e9solution) de cette image est exceptionnelle. -La murale comprend des laizes de 18&#8243; (45cm) de largeur. Par exemple, une murale de 6&#8242; (1,83m) de largeur [&hellip;]<\/p>\n","protected":false},"featured_media":31917,"template":"","meta":{"_acf_changed":false},"product_brand":[197],"product_cat":[141,401,163,427],"product_tag":[9258,9019,9219,9137,9483,9612,9485],"class_list":{"0":"post-11417","1":"product","2":"type-product","3":"status-publish","4":"has-post-thumbnail","6":"artist-donn-petelka-fr","7":"product_brand-donn-petelka-2","8":"product_cat-nature-et-paysages","9":"product_cat-tous-nos-produits","10":"product_cat-trompe-loeil","11":"product_cat-ultra-haute-d-finition-photos","12":"product_tag-chemin","13":"product_tag-foret","14":"product_tag-nature-fr","15":"product_tag-paysage","16":"product_tag-trompe-l-oeil","17":"product_tag-trompe-loeil-fr","18":"product_tag-trompe-oeil-fr","20":"first","21":"instock","22":"taxable","23":"shipping-taxable","24":"purchasable","25":"product-type-variable","26":"has-default-attributes"},"acf":[],"_links":{"self":[{"href":"https:\/\/www.muralunique.com\/fr\/wp-json\/wp\/v2\/product\/11417","targetHints":{"allow":["GET"]}}],"collection":[{"href":"https:\/\/www.muralunique.com\/fr\/wp-json\/wp\/v2\/product"}],"about":[{"href":"https:\/\/www.muralunique.com\/fr\/wp-json\/wp\/v2\/types\/product"}],"wp:featuredmedia":[{"embeddable":true,"href":"https:\/\/www.muralunique.com\/fr\/wp-json\/wp\/v2\/media\/31917"}],"wp:attachment":[{"href":"https:\/\/www.muralunique.com\/fr\/wp-json\/wp\/v2\/media?parent=11417"}],"wp:term":[{"taxonomy":"product_brand","embeddable":true,"href":"https:\/\/www.muralunique.com\/fr\/wp-json\/wp\/v2\/product_brand?post=11417"},{"taxonomy":"product_cat","embeddable":true,"href":"https:\/\/www.muralunique.com\/fr\/wp-json\/wp\/v2\/product_cat?post=11417"},{"taxonomy":"product_tag","embeddable":true,"href":"https:\/\/www.muralunique.com\/fr\/wp-json\/wp\/v2\/product_tag?post=11417"}],"curies":[{"name":"wp","href":"https:\/\/api.w.org\/{rel}","templated":true}]}}