{"id":11430,"date":"2019-06-14T11:40:11","date_gmt":"2019-06-14T11:40:11","guid":{"rendered":"https:\/\/muralunique.com\/?post_type=product&#038;p=11430"},"modified":"2022-03-16T17:38:17","modified_gmt":"2022-03-16T21:38:17","slug":"quai-sur-un-lac-au-coucher-de-soleil","status":"publish","type":"product","link":"https:\/\/www.muralunique.com\/fr\/produit\/quai-sur-un-lac-au-coucher-de-soleil\/","title":{"rendered":"Quai sur un Lac au Coucher de Soleil"},"content":{"rendered":"<p>-Murale en papier peint avec une texture de canevas d&#8217;un quai sur un lac au coucher de soleil. Cette murale trompe l&#8217;\u0153il cr\u00e9era un lieu id\u00e9al pour la m\u00e9ditation et la d\u00e9tente.<\/p>\n<p>-La murale comprend des laizes de 18&#8243; (45cm) de largeur. Par exemple, une murale de 6&#8242; (1,83m) de largeur a 4 laizes et une murale de 12&#8242; (3,66m) de largeur a 8 laizes.<\/p>\n<p>-Murale en papier peint pr\u00e9encoll\u00e9e, lavable, s&#8217;enl\u00e8ve \u00e0 sec et r\u00e9utilisable. Facile \u00e0 installer, se pose comme du papier peint (tapisserie).<\/p>\n<p>-murale de lac, murale en papier peint de lac, murale de quai sur un lac, papier peint de lac, tapisserie de lac<\/p>\n","protected":false},"excerpt":{"rendered":"<p>-Murale en papier peint avec une texture de canevas d&#8217;un quai sur un lac au coucher de soleil. Cette murale trompe l&#8217;\u0153il cr\u00e9era un lieu id\u00e9al pour la m\u00e9ditation et la d\u00e9tente. -La murale comprend des laizes de 18&#8243; (45cm) de largeur. Par exemple, une murale de 6&#8242; (1,83m) de largeur a 4 laizes et [&hellip;]<\/p>\n","protected":false},"featured_media":56891,"template":"","meta":{"_acf_changed":false},"product_brand":[203],"product_cat":[153,401,163],"product_tag":[8864,9432,9517,9135,9182,9261,9467,9483,9482,9485],"class_list":{"0":"post-11430","1":"product","2":"type-product","3":"status-publish","4":"has-post-thumbnail","6":"product_brand-muralunique-com","7":"product_cat-eau-et-plages","8":"product_cat-tous-nos-produits","9":"product_cat-trompe-loeil","10":"product_tag-calme","11":"product_tag-coucher-de-soleil","12":"product_tag-eau","13":"product_tag-lac","14":"product_tag-meditation-fr","15":"product_tag-paisible","16":"product_tag-tranquilite","17":"product_tag-trompe-l-oeil","18":"product_tag-trompe-loeil","19":"product_tag-trompe-oeil-fr","21":"first","22":"instock","23":"taxable","24":"shipping-taxable","25":"purchasable","26":"product-type-variable","27":"has-default-attributes"},"acf":[],"_links":{"self":[{"href":"https:\/\/www.muralunique.com\/fr\/wp-json\/wp\/v2\/product\/11430","targetHints":{"allow":["GET"]}}],"collection":[{"href":"https:\/\/www.muralunique.com\/fr\/wp-json\/wp\/v2\/product"}],"about":[{"href":"https:\/\/www.muralunique.com\/fr\/wp-json\/wp\/v2\/types\/product"}],"wp:featuredmedia":[{"embeddable":true,"href":"https:\/\/www.muralunique.com\/fr\/wp-json\/wp\/v2\/media\/56891"}],"wp:attachment":[{"href":"https:\/\/www.muralunique.com\/fr\/wp-json\/wp\/v2\/media?parent=11430"}],"wp:term":[{"taxonomy":"product_brand","embeddable":true,"href":"https:\/\/www.muralunique.com\/fr\/wp-json\/wp\/v2\/product_brand?post=11430"},{"taxonomy":"product_cat","embeddable":true,"href":"https:\/\/www.muralunique.com\/fr\/wp-json\/wp\/v2\/product_cat?post=11430"},{"taxonomy":"product_tag","embeddable":true,"href":"https:\/\/www.muralunique.com\/fr\/wp-json\/wp\/v2\/product_tag?post=11430"}],"curies":[{"name":"wp","href":"https:\/\/api.w.org\/{rel}","templated":true}]}}