{"id":11436,"date":"2019-06-18T12:52:07","date_gmt":"2019-06-18T12:52:07","guid":{"rendered":"https:\/\/muralunique.com\/?post_type=product&#038;p=11436"},"modified":"2022-03-16T17:38:17","modified_gmt":"2022-03-16T21:38:17","slug":"planches-de-bois-multicolores-2","status":"publish","type":"product","link":"https:\/\/www.muralunique.com\/fr\/produit\/planches-de-bois-multicolores-2\/","title":{"rendered":"Planches de Bois Multicolores"},"content":{"rendered":"<p>-Murale en papier peint de planches de bois multicolores. Cette murale est le choix id\u00e9al pour une salle de jeux ou une chambre d\u2019enfant, mais c\u2019est \u00e9galement une excellente option pour n&#8217;importe quelle pi\u00e8ce o\u00f9 vous souhaitez apporter de la couleur et de la vie.<\/p>\n<p>-La murale comprend des laizes de 18\u2033 (45cm) de largeur. Par exemple, une murale de 6\u2032 (1,83m) de largeur a 4 laizes et une murale de 12\u2032 (3,66m) de largeur a 8 laizes.<\/p>\n<p>-Murale en papier\u00a0peint pr\u00e9encoll\u00e9e, lavable, s\u2019enl\u00e8ve \u00e0 sec et r\u00e9utilisable. Facile \u00e0 installer, se pose comme du papier\u00a0peint (tapisserie).<\/p>\n<p>-murale de planches de bois multicolores, tapisserie de planches de bois multicolores, papier peint de planches de bois multicolores, murale en papier peint de bois, murale color\u00e9e<\/p>\n","protected":false},"excerpt":{"rendered":"<p>-Murale en papier peint de planches de bois multicolores. Cette murale est le choix id\u00e9al pour une salle de jeux ou une chambre d\u2019enfant, mais c\u2019est \u00e9galement une excellente option pour n&#8217;importe quelle pi\u00e8ce o\u00f9 vous souhaitez apporter de la couleur et de la vie. -La murale comprend des laizes de 18\u2033 (45cm) de largeur. [&hellip;]<\/p>\n","protected":false},"featured_media":11437,"template":"","meta":{"_acf_changed":false},"product_brand":[203],"product_cat":[173,169,401],"product_tag":[9312,9538,8894,8895,9125,9283,9447,9448,9449],"class_list":{"0":"post-11436","1":"product","2":"type-product","3":"status-publish","4":"has-post-thumbnail","6":"product_brand-muralunique-com","7":"product_cat-enfants","8":"product_cat-textures-2","9":"product_cat-tous-nos-produits","10":"product_tag-arc-en-ciel","11":"product_tag-bois","12":"product_tag-enfant","13":"product_tag-enfants","14":"product_tag-gamins","15":"product_tag-planches","16":"product_tag-texture-fr","17":"product_tag-texture-fr-2","18":"product_tag-textures","20":"first","21":"instock","22":"taxable","23":"shipping-taxable","24":"purchasable","25":"product-type-variable","26":"has-default-attributes"},"acf":[],"_links":{"self":[{"href":"https:\/\/www.muralunique.com\/fr\/wp-json\/wp\/v2\/product\/11436","targetHints":{"allow":["GET"]}}],"collection":[{"href":"https:\/\/www.muralunique.com\/fr\/wp-json\/wp\/v2\/product"}],"about":[{"href":"https:\/\/www.muralunique.com\/fr\/wp-json\/wp\/v2\/types\/product"}],"wp:featuredmedia":[{"embeddable":true,"href":"https:\/\/www.muralunique.com\/fr\/wp-json\/wp\/v2\/media\/11437"}],"wp:attachment":[{"href":"https:\/\/www.muralunique.com\/fr\/wp-json\/wp\/v2\/media?parent=11436"}],"wp:term":[{"taxonomy":"product_brand","embeddable":true,"href":"https:\/\/www.muralunique.com\/fr\/wp-json\/wp\/v2\/product_brand?post=11436"},{"taxonomy":"product_cat","embeddable":true,"href":"https:\/\/www.muralunique.com\/fr\/wp-json\/wp\/v2\/product_cat?post=11436"},{"taxonomy":"product_tag","embeddable":true,"href":"https:\/\/www.muralunique.com\/fr\/wp-json\/wp\/v2\/product_tag?post=11436"}],"curies":[{"name":"wp","href":"https:\/\/api.w.org\/{rel}","templated":true}]}}