{"id":11469,"date":"2019-06-30T12:50:42","date_gmt":"2019-06-30T12:50:42","guid":{"rendered":"https:\/\/muralunique.com\/?post_type=product&#038;p=11469"},"modified":"2022-03-16T17:38:17","modified_gmt":"2022-03-16T21:38:17","slug":"tunnel-darbres","status":"publish","type":"product","link":"https:\/\/www.muralunique.com\/fr\/produit\/tunnel-darbres\/","title":{"rendered":"Tunnel d&#8217;Arbres"},"content":{"rendered":"<p>-Photo murale en papier peint d&#8217;un tunnel d&#8217;arbres.\u00a0La qualit\u00e9 de cette murale trompe l&#8217;oeil est\u00a0exceptionnelle (220\u00a0M\u00e9gaPixels).<\/p>\n<p>-La murale comprend des laizes de 18\u2033 (45cm) de largeur. Par exemple, une murale de 6\u2032 (1,83m) de largeur a 4 laizes et une murale de 12\u2032 (3,66m) de largeur a 8 laizes.<\/p>\n<p>-Murale en papier\u00a0peint pr\u00e9encoll\u00e9e, lavable, s\u2019enl\u00e8ve \u00e0 sec et r\u00e9utilisable. Facile \u00e0 installer, se pose comme du papier\u00a0peint (tapisserie).<\/p>\n<p>-Photographie de Donn Petelka. Vous pouvez obtenir plus d&#8217;informations \u00e0 cette adresse:\u00a0<a href=\"mailto:donnpetelka@gmail.com\" target=\"_blank\" rel=\"noopener noreferrer\">donnpetelka@gmail.com<\/a>.<\/p>\n<p>-murale trompe l&#8217;oeil, murale d&#8217;arbres, murale de for\u00eat, murale en papier pient trompe l&#8217;oeil, murale d&#8217;un tunnel d&#8217;arbres<\/p>\n","protected":false},"excerpt":{"rendered":"<p>-Photo murale en papier peint d&#8217;un tunnel d&#8217;arbres.\u00a0La qualit\u00e9 de cette murale trompe l&#8217;oeil est\u00a0exceptionnelle (220\u00a0M\u00e9gaPixels). -La murale comprend des laizes de 18\u2033 (45cm) de largeur. Par exemple, une murale de 6\u2032 (1,83m) de largeur a 4 laizes et une murale de 12\u2032 (3,66m) de largeur a 8 laizes. -Murale en papier\u00a0peint pr\u00e9encoll\u00e9e, lavable, s\u2019enl\u00e8ve [&hellip;]<\/p>\n","protected":false},"featured_media":31919,"template":"","meta":{"_acf_changed":false},"product_brand":[197],"product_cat":[141,401,163,427],"product_tag":[9477,9478,9019,9219,9137,9331,9483,9612,9485,9491],"class_list":{"0":"post-11469","1":"product","2":"type-product","3":"status-publish","4":"has-post-thumbnail","6":"artist-donn-petelka-fr","7":"product_brand-donn-petelka-2","8":"product_cat-nature-et-paysages","9":"product_cat-tous-nos-produits","10":"product_cat-trompe-loeil","11":"product_cat-ultra-haute-d-finition-photos","12":"product_tag-arbre","13":"product_tag-arbres","14":"product_tag-foret","15":"product_tag-nature-fr","16":"product_tag-paysage","17":"product_tag-route","18":"product_tag-trompe-l-oeil","19":"product_tag-trompe-loeil-fr","20":"product_tag-trompe-oeil-fr","21":"product_tag-tunnel-fr","23":"first","24":"instock","25":"taxable","26":"shipping-taxable","27":"purchasable","28":"product-type-variable","29":"has-default-attributes"},"acf":[],"_links":{"self":[{"href":"https:\/\/www.muralunique.com\/fr\/wp-json\/wp\/v2\/product\/11469","targetHints":{"allow":["GET"]}}],"collection":[{"href":"https:\/\/www.muralunique.com\/fr\/wp-json\/wp\/v2\/product"}],"about":[{"href":"https:\/\/www.muralunique.com\/fr\/wp-json\/wp\/v2\/types\/product"}],"wp:featuredmedia":[{"embeddable":true,"href":"https:\/\/www.muralunique.com\/fr\/wp-json\/wp\/v2\/media\/31919"}],"wp:attachment":[{"href":"https:\/\/www.muralunique.com\/fr\/wp-json\/wp\/v2\/media?parent=11469"}],"wp:term":[{"taxonomy":"product_brand","embeddable":true,"href":"https:\/\/www.muralunique.com\/fr\/wp-json\/wp\/v2\/product_brand?post=11469"},{"taxonomy":"product_cat","embeddable":true,"href":"https:\/\/www.muralunique.com\/fr\/wp-json\/wp\/v2\/product_cat?post=11469"},{"taxonomy":"product_tag","embeddable":true,"href":"https:\/\/www.muralunique.com\/fr\/wp-json\/wp\/v2\/product_tag?post=11469"}],"curies":[{"name":"wp","href":"https:\/\/api.w.org\/{rel}","templated":true}]}}