{"id":11486,"date":"2019-07-30T10:14:32","date_gmt":"2019-07-30T10:14:32","guid":{"rendered":"https:\/\/muralunique.com\/?post_type=product&#038;p=11486"},"modified":"2023-05-23T16:56:22","modified_gmt":"2023-05-23T20:56:22","slug":"foret-ensoleillee-au-printemps","status":"publish","type":"product","link":"https:\/\/www.muralunique.com\/fr\/produit\/foret-ensoleillee-au-printemps\/","title":{"rendered":"For\u00eat Ensoleill\u00e9e au Printemps"},"content":{"rendered":"<p>-Murale en papier peint panoramique d&#8217;une for\u00eat verte paisible et ensoleill\u00e9e. Cette murale est parfaite pour donner de la vie \u00e0 votre int\u00e9rieur.<\/p>\n<p>-La murale comprend des laizes de 18\u2033 (45cm) de largeur. Par exemple, une murale de 6\u2032 (1,83m) de largeur a 4 laizes et une murale de 12\u2032 (3,66m) de largeur a 8 laizes.<\/p>\n<p>-Murale en papier\u00a0peint pr\u00e9encoll\u00e9e, lavable, s\u2019enl\u00e8ve \u00e0 sec et r\u00e9utilisable. Facile \u00e0 installer, se pose comme du papier\u00a0peint (tapisserie).<\/p>\n<p>-murales de for\u00eats, murales de la nature, murale de for\u00eat, tapisserie de for\u00eat, papier peint de for\u00eat, papier peint de la nature<\/p>\n","protected":false},"excerpt":{"rendered":"<p>-Murale en papier peint panoramique d&#8217;une for\u00eat verte paisible et ensoleill\u00e9e. Cette murale est parfaite pour donner de la vie \u00e0 votre int\u00e9rieur. -La murale comprend des laizes de 18\u2033 (45cm) de largeur. Par exemple, une murale de 6\u2032 (1,83m) de largeur a 4 laizes et une murale de 12\u2032 (3,66m) de largeur a 8 [&hellip;]<\/p>\n","protected":false},"featured_media":28643,"template":"","meta":{"_acf_changed":false},"product_brand":[203],"product_cat":[10434,141,401],"product_tag":[9478,8864,9431,9427,9019,9219,9261,9137,9401,9429,9767,9770,9428,9467],"class_list":{"0":"post-11486","1":"product","2":"type-product","3":"status-publish","4":"has-post-thumbnail","6":"product_brand-muralunique-com","7":"product_cat-images-panoramiques","8":"product_cat-nature-et-paysages","9":"product_cat-tous-nos-produits","10":"product_tag-arbres","11":"product_tag-calme","12":"product_tag-ensoleille","13":"product_tag-ete","14":"product_tag-foret","15":"product_tag-nature-fr","16":"product_tag-paisible","17":"product_tag-paysage","18":"product_tag-printemps-fr","19":"product_tag-rayons-de-soleil","20":"product_tag-rayons-de-soleil-fr","21":"product_tag-rayons-de-soleil-fr-2","22":"product_tag-soleil","23":"product_tag-tranquilite","25":"first","26":"instock","27":"taxable","28":"shipping-taxable","29":"purchasable","30":"product-type-variable","31":"has-default-attributes"},"acf":[],"_links":{"self":[{"href":"https:\/\/www.muralunique.com\/fr\/wp-json\/wp\/v2\/product\/11486","targetHints":{"allow":["GET"]}}],"collection":[{"href":"https:\/\/www.muralunique.com\/fr\/wp-json\/wp\/v2\/product"}],"about":[{"href":"https:\/\/www.muralunique.com\/fr\/wp-json\/wp\/v2\/types\/product"}],"wp:featuredmedia":[{"embeddable":true,"href":"https:\/\/www.muralunique.com\/fr\/wp-json\/wp\/v2\/media\/28643"}],"wp:attachment":[{"href":"https:\/\/www.muralunique.com\/fr\/wp-json\/wp\/v2\/media?parent=11486"}],"wp:term":[{"taxonomy":"product_brand","embeddable":true,"href":"https:\/\/www.muralunique.com\/fr\/wp-json\/wp\/v2\/product_brand?post=11486"},{"taxonomy":"product_cat","embeddable":true,"href":"https:\/\/www.muralunique.com\/fr\/wp-json\/wp\/v2\/product_cat?post=11486"},{"taxonomy":"product_tag","embeddable":true,"href":"https:\/\/www.muralunique.com\/fr\/wp-json\/wp\/v2\/product_tag?post=11486"}],"curies":[{"name":"wp","href":"https:\/\/api.w.org\/{rel}","templated":true}]}}