{"id":11518,"date":"2019-08-13T13:15:36","date_gmt":"2019-08-13T13:15:36","guid":{"rendered":"https:\/\/muralunique.com\/?post_type=product&#038;p=11518"},"modified":"2022-04-16T19:43:48","modified_gmt":"2022-04-16T23:43:48","slug":"alpes-autrichiennes-pres-dinnsbruck","status":"publish","type":"product","link":"https:\/\/www.muralunique.com\/fr\/produit\/alpes-autrichiennes-pres-dinnsbruck\/","title":{"rendered":"Alpes Autrichiennes pr\u00e8s d&#8217;Innsbruck"},"content":{"rendered":"<p>-Murale panoramique extra large d&#8217;une vue des Alpes Autrichiennes pr\u00e8s d&#8217;Innsbruck. Sans aucune r\u00e9p\u00e9tition, cette murale peut couvrir une tr\u00e8s grande surface et am\u00e8nera votre d\u00e9cor \u00e0 un autre niveau. Une excellente solution pour les bureaux, h\u00f4tels, restaurants, ect.<\/p>\n<p>-La murale comprend des laizes de 18&#8243; (45cm) de largeur. Par exemple, une murale de 6&#8242; (1,83m) de largeur a 4 laizes et une murale de 12&#8242; (3,66m) de largeur a 8 laizes.<\/p>\n<p>-Murale en papier\u00a0peint pr\u00e9encoll\u00e9e, lavable, s&#8217;enl\u00e8ve \u00e0 sec et r\u00e9utilisable. Facile \u00e0 installer, se pose comme du papier\u00a0peint (tapisserie).<\/p>\n<p>-murale panoramique, tapisserie panoramique, papier peint panoramique, murale de montagnes, murale de la nature<\/p>\n","protected":false},"excerpt":{"rendered":"<p>-Murale panoramique extra large d&#8217;une vue des Alpes Autrichiennes pr\u00e8s d&#8217;Innsbruck. Sans aucune r\u00e9p\u00e9tition, cette murale peut couvrir une tr\u00e8s grande surface et am\u00e8nera votre d\u00e9cor \u00e0 un autre niveau. Une excellente solution pour les bureaux, h\u00f4tels, restaurants, ect. -La murale comprend des laizes de 18&#8243; (45cm) de largeur. Par exemple, une murale de 6&#8242; [&hellip;]<\/p>\n","protected":false},"featured_media":31923,"template":"","meta":{"_acf_changed":false},"product_brand":[203],"product_cat":[10434,141,401,163],"product_tag":[9478,9790,8864,9427,8691,9208,9209,9219,9261,9137,9467,9483,9482,9485],"class_list":{"0":"post-11518","1":"product","2":"type-product","3":"status-publish","4":"has-post-thumbnail","6":"product_brand-muralunique-com","7":"product_cat-images-panoramiques","8":"product_cat-nature-et-paysages","9":"product_cat-tous-nos-produits","10":"product_cat-trompe-loeil","11":"product_tag-arbres","12":"product_tag-autriche-fr","13":"product_tag-calme","14":"product_tag-ete","15":"product_tag-europe-fr","16":"product_tag-montagne","17":"product_tag-montagnes","18":"product_tag-nature-fr","19":"product_tag-paisible","20":"product_tag-paysage","21":"product_tag-tranquilite","22":"product_tag-trompe-l-oeil","23":"product_tag-trompe-loeil","24":"product_tag-trompe-oeil-fr","26":"first","27":"instock","28":"taxable","29":"shipping-taxable","30":"purchasable","31":"product-type-variable","32":"has-default-attributes"},"acf":[],"_links":{"self":[{"href":"https:\/\/www.muralunique.com\/fr\/wp-json\/wp\/v2\/product\/11518","targetHints":{"allow":["GET"]}}],"collection":[{"href":"https:\/\/www.muralunique.com\/fr\/wp-json\/wp\/v2\/product"}],"about":[{"href":"https:\/\/www.muralunique.com\/fr\/wp-json\/wp\/v2\/types\/product"}],"wp:featuredmedia":[{"embeddable":true,"href":"https:\/\/www.muralunique.com\/fr\/wp-json\/wp\/v2\/media\/31923"}],"wp:attachment":[{"href":"https:\/\/www.muralunique.com\/fr\/wp-json\/wp\/v2\/media?parent=11518"}],"wp:term":[{"taxonomy":"product_brand","embeddable":true,"href":"https:\/\/www.muralunique.com\/fr\/wp-json\/wp\/v2\/product_brand?post=11518"},{"taxonomy":"product_cat","embeddable":true,"href":"https:\/\/www.muralunique.com\/fr\/wp-json\/wp\/v2\/product_cat?post=11518"},{"taxonomy":"product_tag","embeddable":true,"href":"https:\/\/www.muralunique.com\/fr\/wp-json\/wp\/v2\/product_tag?post=11518"}],"curies":[{"name":"wp","href":"https:\/\/api.w.org\/{rel}","templated":true}]}}