{"id":11544,"date":"2019-08-28T10:08:40","date_gmt":"2019-08-28T10:08:40","guid":{"rendered":"https:\/\/muralunique.com\/?post_type=product&#038;p=11544"},"modified":"2025-10-17T09:09:14","modified_gmt":"2025-10-17T13:09:14","slug":"flamants-roses","status":"publish","type":"product","link":"https:\/\/www.muralunique.com\/fr\/produit\/flamants-roses\/","title":{"rendered":"Flamants Roses"},"content":{"rendered":"<p>-Murale flamboyante de designs floraux color\u00e9s avec des flamants roses. Cette murale de flamants roses cr\u00e9era l\u2019ambiance tropicale parfaite pour votre int\u00e9rieur.<\/p>\n<p><strong>-Cette murale peut \u00eatre r\u00e9p\u00e9t\u00e9e horizontalement et verticalement.<\/strong><\/p>\n<p>-La murale comprend des laizes de 18\u2033 (45cm) de largeur. Par exemple, une murale de 6\u2032 (1,83m) de largeur a 4 laizes et une murale de 12\u2032 (3,66m) de largeur a 8 laizes.<\/p>\n<p>-Murale en papier\u00a0peint pr\u00e9encoll\u00e9e, lavable, s\u2019enl\u00e8ve \u00e0 sec et r\u00e9utilisable. Facile \u00e0 installer, se pose comme du papier\u00a0peint (tapisserie).<\/p>\n<p>-murale de flamants roses, tapisserie de flamants roses, papier peint de flamants roses, murale de flamants, murale en papier peint de flamants<\/p>\n","protected":false},"excerpt":{"rendered":"<p>-Murale flamboyante de designs floraux color\u00e9s avec des flamants roses. Cette murale de flamants roses cr\u00e9era l\u2019ambiance tropicale parfaite pour votre int\u00e9rieur. -Cette murale peut \u00eatre r\u00e9p\u00e9t\u00e9e horizontalement et verticalement. -La murale comprend des laizes de 18\u2033 (45cm) de largeur. Par exemple, une murale de 6\u2032 (1,83m) de largeur a 4 laizes et une murale [&hellip;]<\/p>\n","protected":false},"featured_media":11545,"template":"","meta":{"_acf_changed":false},"product_brand":[203],"product_cat":[134,150,367,10345,401],"product_tag":[8769,9010,9006,8824,9486],"class_list":{"0":"post-11544","1":"product","2":"type-product","3":"status-publish","4":"has-post-thumbnail","6":"product_brand-muralunique-com","7":"product_cat-animaux","8":"product_cat-fleurs-et-feuillages","9":"product_cat-murales-en-r-p-tition","10":"product_cat-murs-extra-hauts-murales-repetition-verticale","11":"product_cat-tous-nos-produits","12":"product_tag-animaux","13":"product_tag-fleurs","14":"product_tag-floral-fr","15":"product_tag-oiseaux","16":"product_tag-tropical-fr","18":"first","19":"instock","20":"taxable","21":"shipping-taxable","22":"purchasable","23":"product-type-variable"},"acf":[],"_links":{"self":[{"href":"https:\/\/www.muralunique.com\/fr\/wp-json\/wp\/v2\/product\/11544","targetHints":{"allow":["GET"]}}],"collection":[{"href":"https:\/\/www.muralunique.com\/fr\/wp-json\/wp\/v2\/product"}],"about":[{"href":"https:\/\/www.muralunique.com\/fr\/wp-json\/wp\/v2\/types\/product"}],"wp:featuredmedia":[{"embeddable":true,"href":"https:\/\/www.muralunique.com\/fr\/wp-json\/wp\/v2\/media\/11545"}],"wp:attachment":[{"href":"https:\/\/www.muralunique.com\/fr\/wp-json\/wp\/v2\/media?parent=11544"}],"wp:term":[{"taxonomy":"product_brand","embeddable":true,"href":"https:\/\/www.muralunique.com\/fr\/wp-json\/wp\/v2\/product_brand?post=11544"},{"taxonomy":"product_cat","embeddable":true,"href":"https:\/\/www.muralunique.com\/fr\/wp-json\/wp\/v2\/product_cat?post=11544"},{"taxonomy":"product_tag","embeddable":true,"href":"https:\/\/www.muralunique.com\/fr\/wp-json\/wp\/v2\/product_tag?post=11544"}],"curies":[{"name":"wp","href":"https:\/\/api.w.org\/{rel}","templated":true}]}}