{"id":11572,"date":"2019-09-02T17:59:54","date_gmt":"2019-09-02T17:59:54","guid":{"rendered":"https:\/\/muralunique.com\/?post_type=product&#038;p=11572"},"modified":"2023-03-10T16:11:41","modified_gmt":"2023-03-10T21:11:41","slug":"jardin-rustique","status":"publish","type":"product","link":"https:\/\/www.muralunique.com\/fr\/produit\/jardin-rustique\/","title":{"rendered":"Jardin Rustique"},"content":{"rendered":"<p>-Photo murale d&#8217;un jardin rustique. Transformez votre int\u00e9rieur en utilisant la beaut\u00e9 et l&#8217;authenticit\u00e9 de la nature avec cette magnifique murale d&#8217;un petit jardin rustique en campagne.<\/p>\n<p>-La murale comprend des laizes de 18\u2033 (45cm) de largeur. Par exemple, une murale de 6\u2032 (1,83m) de largeur a 4 laizes et une murale de 12\u2032 (3,66m) de largeur a 8 laizes.<\/p>\n<p>-Murale en papier\u00a0peint pr\u00e9encoll\u00e9e, lavable, s\u2019enl\u00e8ve \u00e0 sec et r\u00e9utilisable. Facile \u00e0 installer, se pose comme du papier\u00a0peint (tapisserie).<\/p>\n<p>-murale jardin rustique, murale papier peint jardin rustique, tapisserie jardin rustique, papier peint jardin rustique, murale trompe l&#8217;oeil<\/p>\n","protected":false},"excerpt":{"rendered":"<p>-Photo murale d&#8217;un jardin rustique. Transformez votre int\u00e9rieur en utilisant la beaut\u00e9 et l&#8217;authenticit\u00e9 de la nature avec cette magnifique murale d&#8217;un petit jardin rustique en campagne. -La murale comprend des laizes de 18\u2033 (45cm) de largeur. Par exemple, une murale de 6\u2032 (1,83m) de largeur a 4 laizes et une murale de 12\u2032 (3,66m) [&hellip;]<\/p>\n","protected":false},"featured_media":31925,"template":"","meta":{"_acf_changed":false},"product_brand":[203],"product_cat":[150,141,401,163],"product_tag":[9538,8926,9258,9014,9010,9006,9044,9219,9137,8849,9483,9612,9485],"class_list":{"0":"post-11572","1":"product","2":"type-product","3":"status-publish","4":"has-post-thumbnail","6":"product_brand-muralunique-com","7":"product_cat-fleurs-et-feuillages","8":"product_cat-nature-et-paysages","9":"product_cat-tous-nos-produits","10":"product_cat-trompe-loeil","11":"product_tag-bois","12":"product_tag-campagne","13":"product_tag-chemin","14":"product_tag-feuillage","15":"product_tag-fleurs","16":"product_tag-floral-fr","17":"product_tag-jardin","18":"product_tag-nature-fr","19":"product_tag-paysage","20":"product_tag-pont","21":"product_tag-trompe-l-oeil","22":"product_tag-trompe-loeil-fr","23":"product_tag-trompe-oeil-fr","25":"first","26":"instock","27":"taxable","28":"shipping-taxable","29":"purchasable","30":"product-type-variable","31":"has-default-attributes"},"acf":[],"_links":{"self":[{"href":"https:\/\/www.muralunique.com\/fr\/wp-json\/wp\/v2\/product\/11572","targetHints":{"allow":["GET"]}}],"collection":[{"href":"https:\/\/www.muralunique.com\/fr\/wp-json\/wp\/v2\/product"}],"about":[{"href":"https:\/\/www.muralunique.com\/fr\/wp-json\/wp\/v2\/types\/product"}],"wp:featuredmedia":[{"embeddable":true,"href":"https:\/\/www.muralunique.com\/fr\/wp-json\/wp\/v2\/media\/31925"}],"wp:attachment":[{"href":"https:\/\/www.muralunique.com\/fr\/wp-json\/wp\/v2\/media?parent=11572"}],"wp:term":[{"taxonomy":"product_brand","embeddable":true,"href":"https:\/\/www.muralunique.com\/fr\/wp-json\/wp\/v2\/product_brand?post=11572"},{"taxonomy":"product_cat","embeddable":true,"href":"https:\/\/www.muralunique.com\/fr\/wp-json\/wp\/v2\/product_cat?post=11572"},{"taxonomy":"product_tag","embeddable":true,"href":"https:\/\/www.muralunique.com\/fr\/wp-json\/wp\/v2\/product_tag?post=11572"}],"curies":[{"name":"wp","href":"https:\/\/api.w.org\/{rel}","templated":true}]}}