{"id":11578,"date":"2019-09-03T17:05:20","date_gmt":"2019-09-03T17:05:20","guid":{"rendered":"https:\/\/muralunique.com\/?post_type=product&#038;p=11578"},"modified":"2022-04-16T19:44:15","modified_gmt":"2022-04-16T23:44:15","slug":"marbre-gris","status":"publish","type":"product","link":"https:\/\/www.muralunique.com\/fr\/produit\/marbre-gris\/","title":{"rendered":"Marbre Gris"},"content":{"rendered":"<p>-Photo murale d&#8217;un\u00a0marbre gris et blanc. Les marbres dans les tons de gris et de blanc sont tr\u00e8s tendances dans les cuisines et les salles de bain, bien qu&#8217;ils peuvent \u00e9galement cr\u00e9er un d\u00e9cor spectaculaire dans n&#8217;importe quelle pi\u00e8ce de la maison. Ils sont un incontournable pour cr\u00e9er un d\u00e9cor moderne et contemporain.<\/p>\n<p>-La murale comprend des laizes de 18&#8243; (45cm) de largeur. Par exemple, une murale de 6&#8242; (1,83m) de largeur a 4 laizes et une murale de 12&#8242; (3,66m) de largeur a 8 laizes.<\/p>\n<p>-Murale en papier\u00a0peint pr\u00e9encoll\u00e9e, lavable, s&#8217;enl\u00e8ve \u00e0 sec et r\u00e9utilisable. Facile \u00e0 installer, se pose comme du papier\u00a0peint (tapisserie).<\/p>\n<p>-murale de marbre gris, murale en papier peint de marbre, papier peint de marbre, tapisserie marbre gris, murale texture de marbre<\/p>\n","protected":false},"excerpt":{"rendered":"<p>-Photo murale d&#8217;un\u00a0marbre gris et blanc. Les marbres dans les tons de gris et de blanc sont tr\u00e8s tendances dans les cuisines et les salles de bain, bien qu&#8217;ils peuvent \u00e9galement cr\u00e9er un d\u00e9cor spectaculaire dans n&#8217;importe quelle pi\u00e8ce de la maison. Ils sont un incontournable pour cr\u00e9er un d\u00e9cor moderne et contemporain. -La murale [&hellip;]<\/p>\n","protected":false},"featured_media":39202,"template":"","meta":{"_acf_changed":false},"product_brand":[203],"product_cat":[169,401],"product_tag":[8921,9187,9515,9447,9448,9449],"class_list":{"0":"post-11578","1":"product","2":"type-product","3":"status-publish","4":"has-post-thumbnail","6":"product_brand-muralunique-com","7":"product_cat-textures-2","8":"product_cat-tous-nos-produits","9":"product_tag-contemporain","10":"product_tag-moderne","11":"product_tag-mur","12":"product_tag-texture-fr","13":"product_tag-texture-fr-2","14":"product_tag-textures","16":"first","17":"instock","18":"taxable","19":"shipping-taxable","20":"purchasable","21":"product-type-variable","22":"has-default-attributes"},"acf":[],"_links":{"self":[{"href":"https:\/\/www.muralunique.com\/fr\/wp-json\/wp\/v2\/product\/11578","targetHints":{"allow":["GET"]}}],"collection":[{"href":"https:\/\/www.muralunique.com\/fr\/wp-json\/wp\/v2\/product"}],"about":[{"href":"https:\/\/www.muralunique.com\/fr\/wp-json\/wp\/v2\/types\/product"}],"wp:featuredmedia":[{"embeddable":true,"href":"https:\/\/www.muralunique.com\/fr\/wp-json\/wp\/v2\/media\/39202"}],"wp:attachment":[{"href":"https:\/\/www.muralunique.com\/fr\/wp-json\/wp\/v2\/media?parent=11578"}],"wp:term":[{"taxonomy":"product_brand","embeddable":true,"href":"https:\/\/www.muralunique.com\/fr\/wp-json\/wp\/v2\/product_brand?post=11578"},{"taxonomy":"product_cat","embeddable":true,"href":"https:\/\/www.muralunique.com\/fr\/wp-json\/wp\/v2\/product_cat?post=11578"},{"taxonomy":"product_tag","embeddable":true,"href":"https:\/\/www.muralunique.com\/fr\/wp-json\/wp\/v2\/product_tag?post=11578"}],"curies":[{"name":"wp","href":"https:\/\/api.w.org\/{rel}","templated":true}]}}