{"id":1160,"date":"2020-01-15T18:40:37","date_gmt":"2020-01-15T17:40:37","guid":{"rendered":"https:\/\/muralunique.com\/produit\/creer-votre-murale-personnalisee\/"},"modified":"2026-03-04T17:00:14","modified_gmt":"2026-03-04T22:00:14","slug":"murales-sur-mesure","status":"publish","type":"product","link":"https:\/\/www.muralunique.com\/fr\/produit\/murales-sur-mesure\/","title":{"rendered":"Cr\u00e9er votre murale sur mesure"},"content":{"rendered":"<p><strong>D\u00e9lai moyen de production : 5 \u00e0 7 jours ouvrables<\/strong><\/p>\n<p>-Pour nous assurer de vous imprimer une belle murale, nous acceptons seulement les images avec une qualit\u00e9 sup\u00e9rieure \u00e0 25 dpi<strong>**<\/strong> (Si votre image a une qualit\u00e9 inf\u00e9rieure \u00e0 25 dpi, il vous sera impossible de l\u2019importer dans cette section et un message s\u2019affichera).<\/p>\n<p>-Si nous avons des doutes sur la qualit\u00e9 de l\u2019image ou des doutes sur le r\u00e9sultat final, nous communiquerons avec vous. Il vous sera possible d\u2019annuler votre commande sans aucuns frais.<\/p>\n<p>-Nos murales sont imprim\u00e9es sur du papier de haute qualit\u00e9. Elles sont pr\u00e9encoll\u00e9es, lavables, s&#8217;enl\u00e8vent \u00e0 sec et elles sont r\u00e9utilisables.<\/p>\n<p>-Nos murales sont imprim\u00e9es sur des laizes de 18&#8243; (45cm) de largeur. Se pose comme du papier peint pr\u00e9encoll\u00e9 r\u00e9gulier (tapisserie).<\/p>\n<p>&#8211;<strong>Les murales sur mesure sont non remboursables.<\/strong> Soyez certain d\u2019avoir les bonnes mesures. N\u2019h\u00e9sitez pas \u00e0 consulter notre section <strong><a href=\"https:\/\/www.muralunique.com\/fr\/comment-ca-fonctionne\/\">Comment prendre vos mesures<\/a><\/strong>\u00a0ou <strong><a href=\"https:\/\/www.muralunique.com\/fr\/contact\/\">contactez-nous<\/a><\/strong> si vous avez des questions.<\/p>\n<p><strong>-Quand allez-vous recevoir votre murale? Veuillez ajouter 3 \u00e0 5 jours ouvrables aux d\u00e9lais de livraison mentionn\u00e9s dans <a href=\"https:\/\/www.muralunique.com\/fr\/service-clients\/\">cette section<\/a>.\u00a0<\/strong><\/p>\n<p><strong>**<\/strong>Points par pouce. Par exemple, si vous voulez une murale 144 pouces et que votre image a une r\u00e9solution de 5000 pixels en largeur, vous avez 35 points par pouce (5000 divis\u00e9 par 144).<\/p>\n<h5>O\u00d9 PUIS-JE MAGASINER DES IMAGES SI JE NE TROUVE PAS UNE IMAGE QUE J&#8217;AIME SUR LE SITE DE MURALUNIQUE.COM?<\/h5>\n<h6><strong>&#8211;<a href=\"https:\/\/www.shutterstock.com\/\" rel=\"nofollow noopener\" target=\"_blank\">Shutterstock.com<\/a><\/strong><br \/>\n<strong>&#8211;<a href=\"https:\/\/stock.adobe.com\/\" rel=\"nofollow noopener\" target=\"_blank\">Adobestock.com<\/a><\/strong><br \/>\n<strong>&#8211;<a href=\"https:\/\/www.istockphoto.com\/\" rel=\"nofollow noopener\" target=\"_blank\">Istockphoto.com<\/a><\/strong><br \/>\n<strong>&#8211;<a href=\"https:\/\/www.fotolia.com\/\" rel=\"nofollow noopener\" target=\"_blank\">Fotolia.com<\/a><\/strong><br \/>\n<strong>&#8211;<a href=\"https:\/\/www.dreamstime.com\/\" rel=\"nofollow noopener\" target=\"_blank\">Dreamstime.com<\/a><\/strong><br \/>\n<strong>&#8211;<a href=\"https:\/\/123rf.com\/\" rel=\"nofollow noopener\" target=\"_blank\">123rf.com<\/a><\/strong><br \/>\n<strong>&#8211;<a href=\"https:\/\/www.alamy.com\/\" rel=\"nofollow noopener\" target=\"_blank\">Alamy.com<\/a><\/strong><\/h6>\n","protected":false},"excerpt":{"rendered":"<p>D\u00e9lai moyen de production : 5 \u00e0 7 jours ouvrables -Pour nous assurer de vous imprimer une belle murale, nous acceptons seulement les images avec une qualit\u00e9 sup\u00e9rieure \u00e0 25 dpi** (Si votre image a une qualit\u00e9 inf\u00e9rieure \u00e0 25 dpi, il vous sera impossible de l\u2019importer dans cette section et un message s\u2019affichera). -Si [&hellip;]<\/p>\n","protected":false},"featured_media":0,"template":"","meta":{"_acf_changed":false},"product_brand":[],"product_cat":[10286],"product_tag":[8654],"class_list":{"0":"post-1160","1":"product","2":"type-product","3":"status-publish","5":"product_cat-non-classe","6":"product_tag-murale-perso","8":"first","9":"instock","10":"taxable","11":"shipping-taxable","12":"purchasable","13":"product-type-simple"},"acf":[],"_links":{"self":[{"href":"https:\/\/www.muralunique.com\/fr\/wp-json\/wp\/v2\/product\/1160","targetHints":{"allow":["GET"]}}],"collection":[{"href":"https:\/\/www.muralunique.com\/fr\/wp-json\/wp\/v2\/product"}],"about":[{"href":"https:\/\/www.muralunique.com\/fr\/wp-json\/wp\/v2\/types\/product"}],"wp:attachment":[{"href":"https:\/\/www.muralunique.com\/fr\/wp-json\/wp\/v2\/media?parent=1160"}],"wp:term":[{"taxonomy":"product_brand","embeddable":true,"href":"https:\/\/www.muralunique.com\/fr\/wp-json\/wp\/v2\/product_brand?post=1160"},{"taxonomy":"product_cat","embeddable":true,"href":"https:\/\/www.muralunique.com\/fr\/wp-json\/wp\/v2\/product_cat?post=1160"},{"taxonomy":"product_tag","embeddable":true,"href":"https:\/\/www.muralunique.com\/fr\/wp-json\/wp\/v2\/product_tag?post=1160"}],"curies":[{"name":"wp","href":"https:\/\/api.w.org\/{rel}","templated":true}]}}