{"id":11623,"date":"2019-09-23T10:18:22","date_gmt":"2019-09-23T10:18:22","guid":{"rendered":"https:\/\/muralunique.com\/?post_type=product&#038;p=11623"},"modified":"2022-04-16T19:43:42","modified_gmt":"2022-04-16T23:43:42","slug":"vieux-mur-de-briques-noir","status":"publish","type":"product","link":"https:\/\/www.muralunique.com\/fr\/produit\/vieux-mur-de-briques-noir\/","title":{"rendered":"Vieux Mur de Briques (Noir)"},"content":{"rendered":"<p>-Murale en papier peint d&#8217;un mur avec texture de briques noires. La qualit\u00e9 (r\u00e9solution) de cette image est exceptionnelle (450\u00a0M\u00e9gaPixels).<\/p>\n<p>-La murale comprend des laizes de 18\u2033 (45cm) de largeur. Par exemple, une murale de 6\u2032 (1,83m) de largeur a 4 laizes et une murale de 12\u2032 (3,66m) de largeur a 8 laizes.<\/p>\n<p>-Murale en papier\u00a0peint pr\u00e9encoll\u00e9e, lavable, s\u2019enl\u00e8ve \u00e0 sec et r\u00e9utilisable. Facile \u00e0 installer, se pose comme du papier\u00a0peint (tapisserie).<\/p>\n<p>-Photographie de Donn Petelka. Vous pouvez obtenir plus d&#8217;informations \u00e0 cette adresse:\u00a0<a href=\"mailto:donnpetelka@gmail.com\" target=\"_blank\" rel=\"noopener noreferrer\">donnpetelka@gmail.com<\/a>.<\/p>\n<p>-murale mur de briques noires, papier peint mur de briques noires, murale texture briques, papier peint texture briques, tapisserie briques<\/p>\n","protected":false},"excerpt":{"rendered":"<p>-Murale en papier peint d&#8217;un mur avec texture de briques noires. La qualit\u00e9 (r\u00e9solution) de cette image est exceptionnelle (450\u00a0M\u00e9gaPixels). -La murale comprend des laizes de 18\u2033 (45cm) de largeur. Par exemple, une murale de 6\u2032 (1,83m) de largeur a 4 laizes et une murale de 12\u2032 (3,66m) de largeur a 8 laizes. -Murale en [&hellip;]<\/p>\n","protected":false},"featured_media":40815,"template":"","meta":{"_acf_changed":false},"product_brand":[197],"product_cat":[10434,169,401,427],"product_tag":[8846,8847,9515,8848,9447,9448,9449,9234],"class_list":{"0":"post-11623","1":"product","2":"type-product","3":"status-publish","4":"has-post-thumbnail","6":"artist-donn-petelka-fr","7":"product_brand-donn-petelka-2","8":"product_cat-images-panoramiques","9":"product_cat-textures-2","10":"product_cat-tous-nos-produits","11":"product_cat-ultra-haute-d-finition-photos","12":"product_tag-brique","13":"product_tag-briques","14":"product_tag-mur","15":"product_tag-mur-de-briques","16":"product_tag-texture-fr","17":"product_tag-texture-fr-2","18":"product_tag-textures","19":"product_tag-vieux","21":"first","22":"instock","23":"taxable","24":"shipping-taxable","25":"purchasable","26":"product-type-variable","27":"has-default-attributes"},"acf":[],"_links":{"self":[{"href":"https:\/\/www.muralunique.com\/fr\/wp-json\/wp\/v2\/product\/11623","targetHints":{"allow":["GET"]}}],"collection":[{"href":"https:\/\/www.muralunique.com\/fr\/wp-json\/wp\/v2\/product"}],"about":[{"href":"https:\/\/www.muralunique.com\/fr\/wp-json\/wp\/v2\/types\/product"}],"wp:featuredmedia":[{"embeddable":true,"href":"https:\/\/www.muralunique.com\/fr\/wp-json\/wp\/v2\/media\/40815"}],"wp:attachment":[{"href":"https:\/\/www.muralunique.com\/fr\/wp-json\/wp\/v2\/media?parent=11623"}],"wp:term":[{"taxonomy":"product_brand","embeddable":true,"href":"https:\/\/www.muralunique.com\/fr\/wp-json\/wp\/v2\/product_brand?post=11623"},{"taxonomy":"product_cat","embeddable":true,"href":"https:\/\/www.muralunique.com\/fr\/wp-json\/wp\/v2\/product_cat?post=11623"},{"taxonomy":"product_tag","embeddable":true,"href":"https:\/\/www.muralunique.com\/fr\/wp-json\/wp\/v2\/product_tag?post=11623"}],"curies":[{"name":"wp","href":"https:\/\/api.w.org\/{rel}","templated":true}]}}