{"id":11639,"date":"2019-09-26T14:19:43","date_gmt":"2019-09-26T14:19:43","guid":{"rendered":"https:\/\/muralunique.com\/?post_type=product&#038;p=11639"},"modified":"2022-03-16T17:38:15","modified_gmt":"2022-03-16T21:38:15","slug":"couches-de-beton-rouge","status":"publish","type":"product","link":"https:\/\/www.muralunique.com\/fr\/produit\/couches-de-beton-rouge\/","title":{"rendered":"Couches de B\u00e9ton (Rouge)"},"content":{"rendered":"<p>-Couches de b\u00e9ton avec du rouge. Murale en ultra haute r\u00e9solution d&#8217;un mur de couches de b\u00e9ton. La qualit\u00e9 (r\u00e9solution) de cette image est exceptionnelle (700 M\u00e9gaPixels).<\/p>\n<p>-La murale comprend des laizes de 18&#8243; (45cm) de largeur. Par exemple, une murale de 6&#8242; (1,83m) de largeur a 4 laizes et une murale de 12&#8242; (3,66m) de largeur a 8 laizes.<\/p>\n<p>-Murale en papier\u00a0peint pr\u00e9encoll\u00e9e, lavable, s&#8217;enl\u00e8ve \u00e0 sec et r\u00e9utilisable. Facile \u00e0 installer, se pose comme du papier\u00a0peint (tapisserie).<\/p>\n<p>-Photographie de Donn Petelka. Vous pouvez obtenir plus d&#8217;informations \u00e0 cette adresse:\u00a0<a href=\"mailto:donnpetelka@gmail.com\" target=\"_blank\" rel=\"noopener noreferrer\">donnpetelka@gmail.com<\/a>.<\/p>\n<p>-murale de textures, murale en papier peint de textures, murale de b\u00e9ton, tapisserie de b\u00e9ton, papier peint de b\u00e9ton<\/p>\n","protected":false},"excerpt":{"rendered":"<p>-Couches de b\u00e9ton avec du rouge. Murale en ultra haute r\u00e9solution d&#8217;un mur de couches de b\u00e9ton. La qualit\u00e9 (r\u00e9solution) de cette image est exceptionnelle (700 M\u00e9gaPixels). -La murale comprend des laizes de 18&#8243; (45cm) de largeur. Par exemple, une murale de 6&#8242; (1,83m) de largeur a 4 laizes et une murale de 12&#8242; (3,66m) [&hellip;]<\/p>\n","protected":false},"featured_media":11640,"template":"","meta":{"_acf_changed":false},"product_brand":[197],"product_cat":[169,401,427],"product_tag":[8919,9447,9448,9449],"class_list":{"0":"post-11639","1":"product","2":"type-product","3":"status-publish","4":"has-post-thumbnail","6":"artist-donn-petelka-fr","7":"product_brand-donn-petelka-2","8":"product_cat-textures-2","9":"product_cat-tous-nos-produits","10":"product_cat-ultra-haute-d-finition-photos","11":"product_tag-beton","12":"product_tag-texture-fr","13":"product_tag-texture-fr-2","14":"product_tag-textures","16":"first","17":"instock","18":"taxable","19":"shipping-taxable","20":"purchasable","21":"product-type-variable","22":"has-default-attributes"},"acf":[],"_links":{"self":[{"href":"https:\/\/www.muralunique.com\/fr\/wp-json\/wp\/v2\/product\/11639","targetHints":{"allow":["GET"]}}],"collection":[{"href":"https:\/\/www.muralunique.com\/fr\/wp-json\/wp\/v2\/product"}],"about":[{"href":"https:\/\/www.muralunique.com\/fr\/wp-json\/wp\/v2\/types\/product"}],"wp:featuredmedia":[{"embeddable":true,"href":"https:\/\/www.muralunique.com\/fr\/wp-json\/wp\/v2\/media\/11640"}],"wp:attachment":[{"href":"https:\/\/www.muralunique.com\/fr\/wp-json\/wp\/v2\/media?parent=11639"}],"wp:term":[{"taxonomy":"product_brand","embeddable":true,"href":"https:\/\/www.muralunique.com\/fr\/wp-json\/wp\/v2\/product_brand?post=11639"},{"taxonomy":"product_cat","embeddable":true,"href":"https:\/\/www.muralunique.com\/fr\/wp-json\/wp\/v2\/product_cat?post=11639"},{"taxonomy":"product_tag","embeddable":true,"href":"https:\/\/www.muralunique.com\/fr\/wp-json\/wp\/v2\/product_tag?post=11639"}],"curies":[{"name":"wp","href":"https:\/\/api.w.org\/{rel}","templated":true}]}}