{"id":11684,"date":"2019-10-03T13:12:57","date_gmt":"2019-10-03T13:12:57","guid":{"rendered":"https:\/\/muralunique.com\/?post_type=product&#038;p=11684"},"modified":"2022-03-16T17:38:15","modified_gmt":"2022-03-16T21:38:15","slug":"rayons-de-soleil-sur-une-foret-dautomne","status":"publish","type":"product","link":"https:\/\/www.muralunique.com\/fr\/produit\/rayons-de-soleil-sur-une-foret-dautomne\/","title":{"rendered":"Rayons de Soleil sur une For\u00eat d&#8217;Automne"},"content":{"rendered":"<p>-Murale en papier peint extra large d&#8217;une petite route dans une for\u00eat paisible en automne. Cette murale est un superbe trompe l&#8217;oeil et donnera de la profondeur et de l&#8217;amplitude \u00e0 n&#8217;importe quelle pi\u00e8ce.<\/p>\n<p>-La murale comprend des laizes de 18\u2033 (45cm) de largeur. Par exemple, une murale de 6\u2032 (1,83m) de largeur a 4 laizes et une murale de 12\u2032 (3,66m) de largeur a 8 laizes.<\/p>\n<p>-Murale en papier\u00a0peint pr\u00e9encoll\u00e9e, lavable, s\u2019enl\u00e8ve \u00e0 sec et r\u00e9utilisable. Facile \u00e0 installer, se pose comme du papier\u00a0peint (tapisserie).<\/p>\n<p>-murales de for\u00eats, murales de la nature, murale de for\u00eat, tapisserie de for\u00eat, papier peint de for\u00eat, papier peint de la nature<\/p>\n","protected":false},"excerpt":{"rendered":"<p>-Murale en papier peint extra large d&#8217;une petite route dans une for\u00eat paisible en automne. Cette murale est un superbe trompe l&#8217;oeil et donnera de la profondeur et de l&#8217;amplitude \u00e0 n&#8217;importe quelle pi\u00e8ce. -La murale comprend des laizes de 18\u2033 (45cm) de largeur. Par exemple, une murale de 6\u2032 (1,83m) de largeur a 4 [&hellip;]<\/p>\n","protected":false},"featured_media":33867,"template":"","meta":{"_acf_changed":false},"product_brand":[203],"product_cat":[10434,141,401,163],"product_tag":[9478,8979,8788,9258,9019,9219,9137,9770,9767,9429,9331,9428,9483,9482,9485],"class_list":{"0":"post-11684","1":"product","2":"type-product","3":"status-publish","4":"has-post-thumbnail","6":"product_brand-muralunique-com","7":"product_cat-images-panoramiques","8":"product_cat-nature-et-paysages","9":"product_cat-tous-nos-produits","10":"product_cat-trompe-loeil","11":"product_tag-arbres","12":"product_tag-automne-fr","13":"product_tag-automne","14":"product_tag-chemin","15":"product_tag-foret","16":"product_tag-nature-fr","17":"product_tag-paysage","18":"product_tag-rayons-de-soleil-fr-2","19":"product_tag-rayons-de-soleil-fr","20":"product_tag-rayons-de-soleil","21":"product_tag-route","22":"product_tag-soleil","23":"product_tag-trompe-l-oeil","24":"product_tag-trompe-loeil","25":"product_tag-trompe-oeil-fr","27":"first","28":"instock","29":"taxable","30":"shipping-taxable","31":"purchasable","32":"product-type-variable","33":"has-default-attributes"},"acf":[],"_links":{"self":[{"href":"https:\/\/www.muralunique.com\/fr\/wp-json\/wp\/v2\/product\/11684","targetHints":{"allow":["GET"]}}],"collection":[{"href":"https:\/\/www.muralunique.com\/fr\/wp-json\/wp\/v2\/product"}],"about":[{"href":"https:\/\/www.muralunique.com\/fr\/wp-json\/wp\/v2\/types\/product"}],"wp:featuredmedia":[{"embeddable":true,"href":"https:\/\/www.muralunique.com\/fr\/wp-json\/wp\/v2\/media\/33867"}],"wp:attachment":[{"href":"https:\/\/www.muralunique.com\/fr\/wp-json\/wp\/v2\/media?parent=11684"}],"wp:term":[{"taxonomy":"product_brand","embeddable":true,"href":"https:\/\/www.muralunique.com\/fr\/wp-json\/wp\/v2\/product_brand?post=11684"},{"taxonomy":"product_cat","embeddable":true,"href":"https:\/\/www.muralunique.com\/fr\/wp-json\/wp\/v2\/product_cat?post=11684"},{"taxonomy":"product_tag","embeddable":true,"href":"https:\/\/www.muralunique.com\/fr\/wp-json\/wp\/v2\/product_tag?post=11684"}],"curies":[{"name":"wp","href":"https:\/\/api.w.org\/{rel}","templated":true}]}}