{"id":11704,"date":"2019-10-17T09:16:13","date_gmt":"2019-10-17T09:16:13","guid":{"rendered":"https:\/\/muralunique.com\/?post_type=product&#038;p=11704"},"modified":"2022-03-16T17:38:14","modified_gmt":"2022-03-16T21:38:14","slug":"graffiti-amour-et-musique","status":"publish","type":"product","link":"https:\/\/www.muralunique.com\/fr\/produit\/graffiti-amour-et-musique\/","title":{"rendered":"Graffiti Amour et Musique"},"content":{"rendered":"<p>-Murale en papier peint color\u00e9e avec les mots &#8220;Amour&#8221; et &#8220;Musique&#8221;. Cette murale est une excellente id\u00e9e de d\u00e9cor pour la chambre \u00e0 coucher ou la salle de jeux d&#8217;un adolescent.<\/p>\n<p>-La murale comprend des laizes de 18&#8243; (45cm) de largeur. Par exemple, une murale de 6&#8242; (1,83m) de largeur a 4 laizes et une murale de 12&#8242; (3,66m) de largeur a 8 laizes.<\/p>\n<p>-Murale en papier\u00a0peint pr\u00e9encoll\u00e9e, lavable, s&#8217;enl\u00e8ve \u00e0 sec et r\u00e9utilisable. Facile \u00e0 installer, se pose comme du papier\u00a0peint (tapisserie).<\/p>\n<p>-murale de graffiti, murale en papier peint de graffiti, tapisserie de graffiti, papier peint de graffiti, murales de graffiti<\/p>\n","protected":false},"excerpt":{"rendered":"<p>-Murale en papier peint color\u00e9e avec les mots &#8220;Amour&#8221; et &#8220;Musique&#8221;. Cette murale est une excellente id\u00e9e de d\u00e9cor pour la chambre \u00e0 coucher ou la salle de jeux d&#8217;un adolescent. -La murale comprend des laizes de 18&#8243; (45cm) de largeur. Par exemple, une murale de 6&#8242; (1,83m) de largeur a 4 laizes et une [&hellip;]<\/p>\n","protected":false},"featured_media":11705,"template":"","meta":{"_acf_changed":false},"product_brand":[203],"product_cat":[131,477,401,425],"product_tag":[9441,9442,9162,9057,9058,9060,9515,9211,9500],"class_list":{"0":"post-11704","1":"product","2":"type-product","3":"status-publish","4":"has-post-thumbnail","6":"product_brand-muralunique-com","7":"product_cat-adolescents","8":"product_cat-musique","9":"product_cat-tous-nos-produits","10":"product_cat-ultra-haute-d-finition-art","11":"product_tag-ado","12":"product_tag-adolescents","13":"product_tag-amour","14":"product_tag-graffiti-fr","15":"product_tag-graffitis-fr","16":"product_tag-grafitis-fr","17":"product_tag-mur","18":"product_tag-musique","19":"product_tag-urbain","21":"first","22":"instock","23":"taxable","24":"shipping-taxable","25":"purchasable","26":"product-type-variable","27":"has-default-attributes"},"acf":[],"_links":{"self":[{"href":"https:\/\/www.muralunique.com\/fr\/wp-json\/wp\/v2\/product\/11704","targetHints":{"allow":["GET"]}}],"collection":[{"href":"https:\/\/www.muralunique.com\/fr\/wp-json\/wp\/v2\/product"}],"about":[{"href":"https:\/\/www.muralunique.com\/fr\/wp-json\/wp\/v2\/types\/product"}],"wp:featuredmedia":[{"embeddable":true,"href":"https:\/\/www.muralunique.com\/fr\/wp-json\/wp\/v2\/media\/11705"}],"wp:attachment":[{"href":"https:\/\/www.muralunique.com\/fr\/wp-json\/wp\/v2\/media?parent=11704"}],"wp:term":[{"taxonomy":"product_brand","embeddable":true,"href":"https:\/\/www.muralunique.com\/fr\/wp-json\/wp\/v2\/product_brand?post=11704"},{"taxonomy":"product_cat","embeddable":true,"href":"https:\/\/www.muralunique.com\/fr\/wp-json\/wp\/v2\/product_cat?post=11704"},{"taxonomy":"product_tag","embeddable":true,"href":"https:\/\/www.muralunique.com\/fr\/wp-json\/wp\/v2\/product_tag?post=11704"}],"curies":[{"name":"wp","href":"https:\/\/api.w.org\/{rel}","templated":true}]}}