{"id":11710,"date":"2019-10-18T11:18:16","date_gmt":"2019-10-18T11:18:16","guid":{"rendered":"https:\/\/muralunique.com\/?post_type=product&#038;p=11710"},"modified":"2022-03-16T17:38:14","modified_gmt":"2022-03-16T21:38:14","slug":"bouquet-de-fleurs-sur-aquarelle","status":"publish","type":"product","link":"https:\/\/www.muralunique.com\/fr\/produit\/bouquet-de-fleurs-sur-aquarelle\/","title":{"rendered":"Bouquet de Fleurs sur Aquarelle"},"content":{"rendered":"<p>-Murale en papier peint d&#8217;un bouquet de fleurs sur aquarelle. Cr\u00e9ez un d\u00e9cor unique avec cette magnifique murale de fleurs sur aquarelle. Cette murale est le choix id\u00e9al pour un salon ou une chambre \u00e0 coucher, mais peut \u00e9galement \u00eatre une excellente option pour n&#8217;importe quelle pi\u00e8ce de votre int\u00e9rieur.<\/p>\n<p>-La murale comprend des laizes de 18\u2033 (45cm) de largeur. Par exemple, une murale de 6\u2032 (1,83m) de largeur a 4 laizes et une murale de 12\u2032 (3,66m) de largeur a 8 laizes.<\/p>\n<p>-Murale en papier\u00a0peint pr\u00e9encoll\u00e9e, lavable, s\u2019enl\u00e8ve \u00e0 sec et r\u00e9utilisable. Facile \u00e0 installer, se pose comme du papier\u00a0peint (tapisserie).<\/p>\n<p>-murale bouquet de fleurs sur aquarelle, murale florale sur aquarelle, papier peint fleurs sur aquarelle, tapisserie fleurs sur aquarelle, murale fleurs sur aquarelle<\/p>\n","protected":false},"excerpt":{"rendered":"<p>-Murale en papier peint d&#8217;un bouquet de fleurs sur aquarelle. Cr\u00e9ez un d\u00e9cor unique avec cette magnifique murale de fleurs sur aquarelle. Cette murale est le choix id\u00e9al pour un salon ou une chambre \u00e0 coucher, mais peut \u00e9galement \u00eatre une excellente option pour n&#8217;importe quelle pi\u00e8ce de votre int\u00e9rieur. -La murale comprend des laizes [&hellip;]<\/p>\n","protected":false},"featured_media":11711,"template":"","meta":{"_acf_changed":false},"product_brand":[],"product_cat":[125,150,401],"product_tag":[8751,9010,9006],"class_list":{"0":"post-11710","1":"product","2":"type-product","3":"status-publish","4":"has-post-thumbnail","6":"product_cat-abstrait-et-geometrie","7":"product_cat-fleurs-et-feuillages","8":"product_cat-tous-nos-produits","9":"product_tag-abstrait","10":"product_tag-fleurs","11":"product_tag-floral-fr","13":"first","14":"instock","15":"taxable","16":"shipping-taxable","17":"purchasable","18":"product-type-variable","19":"has-default-attributes"},"acf":[],"_links":{"self":[{"href":"https:\/\/www.muralunique.com\/fr\/wp-json\/wp\/v2\/product\/11710","targetHints":{"allow":["GET"]}}],"collection":[{"href":"https:\/\/www.muralunique.com\/fr\/wp-json\/wp\/v2\/product"}],"about":[{"href":"https:\/\/www.muralunique.com\/fr\/wp-json\/wp\/v2\/types\/product"}],"wp:featuredmedia":[{"embeddable":true,"href":"https:\/\/www.muralunique.com\/fr\/wp-json\/wp\/v2\/media\/11711"}],"wp:attachment":[{"href":"https:\/\/www.muralunique.com\/fr\/wp-json\/wp\/v2\/media?parent=11710"}],"wp:term":[{"taxonomy":"product_brand","embeddable":true,"href":"https:\/\/www.muralunique.com\/fr\/wp-json\/wp\/v2\/product_brand?post=11710"},{"taxonomy":"product_cat","embeddable":true,"href":"https:\/\/www.muralunique.com\/fr\/wp-json\/wp\/v2\/product_cat?post=11710"},{"taxonomy":"product_tag","embeddable":true,"href":"https:\/\/www.muralunique.com\/fr\/wp-json\/wp\/v2\/product_tag?post=11710"}],"curies":[{"name":"wp","href":"https:\/\/api.w.org\/{rel}","templated":true}]}}