{"id":11717,"date":"2019-10-21T09:21:45","date_gmt":"2019-10-21T09:21:45","guid":{"rendered":"https:\/\/muralunique.com\/?post_type=product&#038;p=11717"},"modified":"2022-03-16T17:38:14","modified_gmt":"2022-03-16T21:38:14","slug":"chinoiserie","status":"publish","type":"product","link":"https:\/\/www.muralunique.com\/fr\/produit\/chinoiserie\/","title":{"rendered":"Chinoiserie"},"content":{"rendered":"<p>-Murale en papier peint de chinoiserie. Cette murale orientale est le choix id\u00e9al pour cr\u00e9er un d\u00e9cor zen et \u00e9l\u00e9gant dans un spa, dans une salle de m\u00e9ditation ou dans n&#8217;importe quelle autre pi\u00e8ce de votre int\u00e9rieur.<\/p>\n<p>-La murale comprend des laizes de 18&#8243; (45cm) de largeur. Par exemple, une murale de 6&#8242; (1,83m) de largeur a 4 laizes et une murale de 12&#8242; (3,66m) de largeur a 8 laizes.<\/p>\n<p>-Murale en papier\u00a0peint pr\u00e9encoll\u00e9e, lavable, s&#8217;enl\u00e8ve \u00e0 sec et r\u00e9utilisable. Facile \u00e0 installer, se pose comme du papier\u00a0peint (tapisserie).<\/p>\n<p>-murale orientale, murale en papier peint orientale, murale chinoiserie, papier peint oriental, tapisserie orientale, papier peint chinoiserie<\/p>\n","protected":false},"excerpt":{"rendered":"<p>-Murale en papier peint de chinoiserie. Cette murale orientale est le choix id\u00e9al pour cr\u00e9er un d\u00e9cor zen et \u00e9l\u00e9gant dans un spa, dans une salle de m\u00e9ditation ou dans n&#8217;importe quelle autre pi\u00e8ce de votre int\u00e9rieur. -La murale comprend des laizes de 18&#8243; (45cm) de largeur. Par exemple, une murale de 6&#8242; (1,83m) de [&hellip;]<\/p>\n","protected":false},"featured_media":11718,"template":"","meta":{"_acf_changed":false},"product_brand":[],"product_cat":[134,150,138,401],"product_tag":[8784,8783,8896,8897,9014,9010,9006,9117,9118,9182,8824,9238,9552],"class_list":{"0":"post-11717","1":"product","2":"type-product","3":"status-publish","4":"has-post-thumbnail","6":"product_cat-animaux","7":"product_cat-fleurs-et-feuillages","8":"product_cat-oriental-religion-spiritualite","9":"product_cat-tous-nos-produits","10":"product_tag-asiatique","11":"product_tag-asie","12":"product_tag-chine","13":"product_tag-chiois","14":"product_tag-feuillage","15":"product_tag-fleurs","16":"product_tag-floral-fr","17":"product_tag-japon","18":"product_tag-japonais","19":"product_tag-meditation-fr","20":"product_tag-oiseaux","21":"product_tag-oriental-fr","22":"product_tag-zen-fr","24":"first","25":"instock","26":"taxable","27":"shipping-taxable","28":"purchasable","29":"product-type-variable","30":"has-default-attributes"},"acf":[],"_links":{"self":[{"href":"https:\/\/www.muralunique.com\/fr\/wp-json\/wp\/v2\/product\/11717","targetHints":{"allow":["GET"]}}],"collection":[{"href":"https:\/\/www.muralunique.com\/fr\/wp-json\/wp\/v2\/product"}],"about":[{"href":"https:\/\/www.muralunique.com\/fr\/wp-json\/wp\/v2\/types\/product"}],"wp:featuredmedia":[{"embeddable":true,"href":"https:\/\/www.muralunique.com\/fr\/wp-json\/wp\/v2\/media\/11718"}],"wp:attachment":[{"href":"https:\/\/www.muralunique.com\/fr\/wp-json\/wp\/v2\/media?parent=11717"}],"wp:term":[{"taxonomy":"product_brand","embeddable":true,"href":"https:\/\/www.muralunique.com\/fr\/wp-json\/wp\/v2\/product_brand?post=11717"},{"taxonomy":"product_cat","embeddable":true,"href":"https:\/\/www.muralunique.com\/fr\/wp-json\/wp\/v2\/product_cat?post=11717"},{"taxonomy":"product_tag","embeddable":true,"href":"https:\/\/www.muralunique.com\/fr\/wp-json\/wp\/v2\/product_tag?post=11717"}],"curies":[{"name":"wp","href":"https:\/\/api.w.org\/{rel}","templated":true}]}}