{"id":11739,"date":"2019-10-29T16:06:13","date_gmt":"2019-10-29T16:06:13","guid":{"rendered":"https:\/\/muralunique.com\/?post_type=product&#038;p=11739"},"modified":"2025-09-30T16:19:55","modified_gmt":"2025-09-30T20:19:55","slug":"mur-occidental-mur-des-lamentations-kotel-jerusalem","status":"publish","type":"product","link":"https:\/\/www.muralunique.com\/fr\/produit\/mur-occidental-mur-des-lamentations-kotel-jerusalem\/","title":{"rendered":"Mur Occidental, Mur des Lamentations, Kotel, J\u00e9rusalem"},"content":{"rendered":"<p>-Murale en papier peint du Mur Occidental, \u00e9galement appel\u00e9 le Mur des Lamentations ou Kotel en H\u00e9breu. Le Mur Occidental est une partie du mur de sout\u00e8nement\u00a0de l&#8217;esplanade du\u00a0Temple de J\u00e9rusalem, situ\u00e9 dans le quartier juif de la vieille ville de J\u00e9rusalem,\u00a0datant du 1er si\u00e8cle, durant l&#8217;ach\u00e8vement de la construction du Temple d&#8217;H\u00e9rode\u00a0(<a href=\"https:\/\/fr.wikipedia.org\/wiki\/Mur_des_Lamentations\" rel=\"nofollow noopener\" target=\"_blank\">www.wikipedia.org<\/a>).<\/p>\n<p>-La murale comprend des laizes de 18\u2033 (45cm) de largeur. Par exemple, une murale de 6\u2032 (1,83m) de largeur a 4 laizes et une murale de 12\u2032 (3,66m) de largeur a 8 laizes.<\/p>\n<p>-Murale en papier\u00a0peint pr\u00e9encoll\u00e9e, lavable, s\u2019enl\u00e8ve \u00e0 sec et r\u00e9utilisable. Facile \u00e0 installer, se pose comme du papier\u00a0peint (tapisserie).<\/p>\n<p>-murale mur occidental, papier peint mur occidental, murale mur des lamentations, papier peint mur des lamentations, murale en papier peint mur occidental<\/p>\n","protected":false},"excerpt":{"rendered":"<p>-Murale en papier peint du Mur Occidental, \u00e9galement appel\u00e9 le Mur des Lamentations ou Kotel en H\u00e9breu. Le Mur Occidental est une partie du mur de sout\u00e8nement\u00a0de l&#8217;esplanade du\u00a0Temple de J\u00e9rusalem, situ\u00e9 dans le quartier juif de la vieille ville de J\u00e9rusalem,\u00a0datant du 1er si\u00e8cle, durant l&#8217;ach\u00e8vement de la construction du Temple d&#8217;H\u00e9rode\u00a0(www.wikipedia.org). -La murale [&hellip;]<\/p>\n","protected":false},"featured_media":11740,"template":"","meta":{"_acf_changed":false},"product_brand":[203],"product_cat":[138,169,401,163],"product_tag":[8698,8745,9515,8747,9416,9417,9322,9321,9443,9447,9448,9449,9483,9612,9485],"class_list":{"0":"post-11739","1":"product","2":"type-product","3":"status-publish","4":"has-post-thumbnail","6":"product_brand-muralunique-com","7":"product_cat-oriental-religion-spiritualite","8":"product_cat-textures-2","9":"product_cat-tous-nos-produits","10":"product_cat-trompe-loeil","11":"product_tag-jerusalem-fr","12":"product_tag-lamentations","13":"product_tag-mur","14":"product_tag-occidental","15":"product_tag-pierre","16":"product_tag-pierres","17":"product_tag-religieux","18":"product_tag-religion-fr","19":"product_tag-temple-fr","20":"product_tag-texture-fr","21":"product_tag-texture-fr-2","22":"product_tag-textures","23":"product_tag-trompe-l-oeil","24":"product_tag-trompe-loeil-fr","25":"product_tag-trompe-oeil-fr","27":"first","28":"instock","29":"taxable","30":"shipping-taxable","31":"purchasable","32":"product-type-variable","33":"has-default-attributes"},"acf":[],"_links":{"self":[{"href":"https:\/\/www.muralunique.com\/fr\/wp-json\/wp\/v2\/product\/11739","targetHints":{"allow":["GET"]}}],"collection":[{"href":"https:\/\/www.muralunique.com\/fr\/wp-json\/wp\/v2\/product"}],"about":[{"href":"https:\/\/www.muralunique.com\/fr\/wp-json\/wp\/v2\/types\/product"}],"wp:featuredmedia":[{"embeddable":true,"href":"https:\/\/www.muralunique.com\/fr\/wp-json\/wp\/v2\/media\/11740"}],"wp:attachment":[{"href":"https:\/\/www.muralunique.com\/fr\/wp-json\/wp\/v2\/media?parent=11739"}],"wp:term":[{"taxonomy":"product_brand","embeddable":true,"href":"https:\/\/www.muralunique.com\/fr\/wp-json\/wp\/v2\/product_brand?post=11739"},{"taxonomy":"product_cat","embeddable":true,"href":"https:\/\/www.muralunique.com\/fr\/wp-json\/wp\/v2\/product_cat?post=11739"},{"taxonomy":"product_tag","embeddable":true,"href":"https:\/\/www.muralunique.com\/fr\/wp-json\/wp\/v2\/product_tag?post=11739"}],"curies":[{"name":"wp","href":"https:\/\/api.w.org\/{rel}","templated":true}]}}