{"id":11752,"date":"2019-11-04T11:04:52","date_gmt":"2019-11-04T11:04:52","guid":{"rendered":"https:\/\/muralunique.com\/?post_type=product&#038;p=11752"},"modified":"2022-03-16T17:38:14","modified_gmt":"2022-03-16T21:38:14","slug":"feuillage-tropical-monochrome","status":"publish","type":"product","link":"https:\/\/www.muralunique.com\/fr\/produit\/feuillage-tropical-monochrome\/","title":{"rendered":"Feuillage Tropical Monochrome"},"content":{"rendered":"<p>-Illustration num\u00e9rique de palmiers. Cette murale monochrome avec feuillage tropical gris et beige est tr\u00e8s tendance et apportera assur\u00e9ment richesse et \u00e9l\u00e9gance \u00e0 votre int\u00e9rieur.<\/p>\n<p>-La murale comprend des laizes de 18\u2033 (45cm) de largeur. Par exemple, une murale de 6\u2032 (1,83m) de largeur a 4 laizes et une murale de 12\u2032 (3,66m) de largeur a 8 laizes.<\/p>\n<p>-Murale en papier\u00a0peint pr\u00e9encoll\u00e9e, lavable, s\u2019enl\u00e8ve \u00e0 sec et r\u00e9utilisable. Facile \u00e0 installer, se pose comme du papier\u00a0peint (tapisserie).<\/p>\n<p>-murale feuillage tropical, papier peint feuillage tropical, tapisserie feuillage tropical, murale en papier peint palmiers, papier peint palmiers, tapisserie palmiers<\/p>\n","protected":false},"excerpt":{"rendered":"<p>-Illustration num\u00e9rique de palmiers. Cette murale monochrome avec feuillage tropical gris et beige est tr\u00e8s tendance et apportera assur\u00e9ment richesse et \u00e9l\u00e9gance \u00e0 votre int\u00e9rieur. -La murale comprend des laizes de 18\u2033 (45cm) de largeur. Par exemple, une murale de 6\u2032 (1,83m) de largeur a 4 laizes et une murale de 12\u2032 (3,66m) de largeur [&hellip;]<\/p>\n","protected":false},"featured_media":26552,"template":"","meta":{"_acf_changed":false},"product_brand":[203],"product_cat":[125,150,401],"product_tag":[8751,9014,10138,9242,9486],"class_list":{"0":"post-11752","1":"product","2":"type-product","3":"status-publish","4":"has-post-thumbnail","6":"product_brand-muralunique-com","7":"product_cat-abstrait-et-geometrie","8":"product_cat-fleurs-et-feuillages","9":"product_cat-tous-nos-produits","10":"product_tag-abstrait","11":"product_tag-feuillage","12":"product_tag-palmier-fr","13":"product_tag-palmiers","14":"product_tag-tropical-fr","16":"first","17":"instock","18":"taxable","19":"shipping-taxable","20":"purchasable","21":"product-type-variable","22":"has-default-attributes"},"acf":[],"_links":{"self":[{"href":"https:\/\/www.muralunique.com\/fr\/wp-json\/wp\/v2\/product\/11752","targetHints":{"allow":["GET"]}}],"collection":[{"href":"https:\/\/www.muralunique.com\/fr\/wp-json\/wp\/v2\/product"}],"about":[{"href":"https:\/\/www.muralunique.com\/fr\/wp-json\/wp\/v2\/types\/product"}],"wp:featuredmedia":[{"embeddable":true,"href":"https:\/\/www.muralunique.com\/fr\/wp-json\/wp\/v2\/media\/26552"}],"wp:attachment":[{"href":"https:\/\/www.muralunique.com\/fr\/wp-json\/wp\/v2\/media?parent=11752"}],"wp:term":[{"taxonomy":"product_brand","embeddable":true,"href":"https:\/\/www.muralunique.com\/fr\/wp-json\/wp\/v2\/product_brand?post=11752"},{"taxonomy":"product_cat","embeddable":true,"href":"https:\/\/www.muralunique.com\/fr\/wp-json\/wp\/v2\/product_cat?post=11752"},{"taxonomy":"product_tag","embeddable":true,"href":"https:\/\/www.muralunique.com\/fr\/wp-json\/wp\/v2\/product_tag?post=11752"}],"curies":[{"name":"wp","href":"https:\/\/api.w.org\/{rel}","templated":true}]}}