{"id":11760,"date":"2019-11-07T10:17:49","date_gmt":"2019-11-07T10:17:49","guid":{"rendered":"https:\/\/muralunique.com\/?post_type=product&#038;p=11760"},"modified":"2022-03-16T17:38:14","modified_gmt":"2022-03-16T21:38:14","slug":"drole-de-girafe","status":"publish","type":"product","link":"https:\/\/www.muralunique.com\/fr\/produit\/drole-de-girafe\/","title":{"rendered":"Dr\u00f4le de Girafe"},"content":{"rendered":"<p>-Murale en papier peint d&#8217;une girafe \u00e0 travers un mur blanc cass\u00e9. Cette murale amusante fera le bonheur des tous petits et est un tr\u00e8s bon choix pour une salle de jeu ou une salle d&#8217;attente de dentiste ou d&#8217;optom\u00e9triste.<\/p>\n<p>-La murale comprend des laizes de 18&#8243; (45cm) de largeur. Par exemple, une murale de 6&#8242; (1,83m) de largeur a 4 laizes et une murale de 12&#8242; (3,66m) de largeur a 8 laizes.<\/p>\n<p>-Murale en papier\u00a0peint pr\u00e9encoll\u00e9e, lavable, s&#8217;enl\u00e8ve \u00e0 sec et r\u00e9utilisable. Facile \u00e0 installer, se pose comme du papier\u00a0peint (tapisserie).<\/p>\n<p>-murale de girafe, murale en papier peint de girafe, papier peint de girafe, tapisserie de girafe, murale dr\u00f4le de girafe<\/p>\n","protected":false},"excerpt":{"rendered":"<p>-Murale en papier peint d&#8217;une girafe \u00e0 travers un mur blanc cass\u00e9. Cette murale amusante fera le bonheur des tous petits et est un tr\u00e8s bon choix pour une salle de jeu ou une salle d&#8217;attente de dentiste ou d&#8217;optom\u00e9triste. -La murale comprend des laizes de 18&#8243; (45cm) de largeur. Par exemple, une murale de [&hellip;]<\/p>\n","protected":false},"featured_media":48484,"template":"","meta":{"_acf_changed":false},"product_brand":[203],"product_cat":[134,173,401,163],"product_tag":[8660,8766,9036,8769,8791,8790,9038,8894,8895,9125,9515,9483,9612,9485],"class_list":{"0":"post-11760","1":"product","2":"type-product","3":"status-publish","4":"has-post-thumbnail","6":"product_brand-muralunique-com","7":"product_cat-animaux","8":"product_cat-enfants","9":"product_cat-tous-nos-produits","10":"product_cat-trompe-loeil","11":"product_tag-3d-fr","12":"product_tag-amusant","13":"product_tag-amusement","14":"product_tag-animaux","15":"product_tag-bebe","16":"product_tag-bebes","17":"product_tag-drole","18":"product_tag-enfant","19":"product_tag-enfants","20":"product_tag-gamins","21":"product_tag-mur","22":"product_tag-trompe-l-oeil","23":"product_tag-trompe-loeil-fr","24":"product_tag-trompe-oeil-fr","26":"first","27":"instock","28":"taxable","29":"shipping-taxable","30":"purchasable","31":"product-type-variable"},"acf":[],"_links":{"self":[{"href":"https:\/\/www.muralunique.com\/fr\/wp-json\/wp\/v2\/product\/11760","targetHints":{"allow":["GET"]}}],"collection":[{"href":"https:\/\/www.muralunique.com\/fr\/wp-json\/wp\/v2\/product"}],"about":[{"href":"https:\/\/www.muralunique.com\/fr\/wp-json\/wp\/v2\/types\/product"}],"wp:featuredmedia":[{"embeddable":true,"href":"https:\/\/www.muralunique.com\/fr\/wp-json\/wp\/v2\/media\/48484"}],"wp:attachment":[{"href":"https:\/\/www.muralunique.com\/fr\/wp-json\/wp\/v2\/media?parent=11760"}],"wp:term":[{"taxonomy":"product_brand","embeddable":true,"href":"https:\/\/www.muralunique.com\/fr\/wp-json\/wp\/v2\/product_brand?post=11760"},{"taxonomy":"product_cat","embeddable":true,"href":"https:\/\/www.muralunique.com\/fr\/wp-json\/wp\/v2\/product_cat?post=11760"},{"taxonomy":"product_tag","embeddable":true,"href":"https:\/\/www.muralunique.com\/fr\/wp-json\/wp\/v2\/product_tag?post=11760"}],"curies":[{"name":"wp","href":"https:\/\/api.w.org\/{rel}","templated":true}]}}