{"id":11766,"date":"2019-11-20T10:11:13","date_gmt":"2019-11-20T10:11:13","guid":{"rendered":"https:\/\/muralunique.com\/?post_type=product&#038;p=11766"},"modified":"2022-03-16T17:38:13","modified_gmt":"2022-03-16T21:38:13","slug":"vue-de-montreal-de-mon-condo-sur-le-mont-royal-couleur","status":"publish","type":"product","link":"https:\/\/www.muralunique.com\/fr\/produit\/vue-de-montreal-de-mon-condo-sur-le-mont-royal-couleur\/","title":{"rendered":"Vue de Montr\u00e9al de mon Condo sur le Mont Royal (Couleur)"},"content":{"rendered":"<p>-Magnifique murale trompe l&#8217;oeil d&#8217;une vue du centre-ville de Montr\u00e9al (Qu\u00e9bec, Canada). La qualit\u00e9 (r\u00e9solution) de cette image est exceptionnelle (450 M\u00e9gaPixels).<\/p>\n<p>-La murale comprend des laizes de 18\u2033 (45cm) de largeur. Par exemple, une murale de 6\u2032 (1,83m) de largeur a 4 laizes et une murale de 12\u2032 (3,66m) de largeur a 8 laizes.<\/p>\n<p>-Murale en papier\u00a0peint pr\u00e9encoll\u00e9e, lavable, s\u2019enl\u00e8ve \u00e0 sec et r\u00e9utilisable. Facile \u00e0 installer, se pose comme du papier\u00a0peint (tapisserie).<\/p>\n<p>-Photographie de Donn Petelka. Vous pouvez obtenir plus d&#8217;informations \u00e0 cette adresse:\u00a0<a href=\"mailto:donnpetelka@gmail.com\" target=\"_blank\" rel=\"noopener noreferrer\">donnpetelka@gmail.com<\/a>.<\/p>\n<p>-murale de montr\u00e9al, murale en papier peint de montr\u00e9al, murale sc\u00e8nes urbaines, murale de villes, papier peint de montr\u00e9al, tapisserie de montr\u00e9al<\/p>\n","protected":false},"excerpt":{"rendered":"<p>-Magnifique murale trompe l&#8217;oeil d&#8217;une vue du centre-ville de Montr\u00e9al (Qu\u00e9bec, Canada). La qualit\u00e9 (r\u00e9solution) de cette image est exceptionnelle (450 M\u00e9gaPixels). -La murale comprend des laizes de 18\u2033 (45cm) de largeur. Par exemple, une murale de 6\u2032 (1,83m) de largeur a 4 laizes et une murale de 12\u2032 (3,66m) de largeur a 8 laizes. [&hellip;]<\/p>\n","protected":false},"featured_media":11767,"template":"","meta":{"_acf_changed":false},"product_brand":[197],"product_cat":[166,401,163,427],"product_tag":[8676,9528,9530,9382,9194,8902,9306,9483,9612,9485,9500,8901,9508],"class_list":{"0":"post-11766","1":"product","2":"type-product","3":"status-publish","4":"has-post-thumbnail","6":"artist-donn-petelka-fr","7":"product_brand-donn-petelka-2","8":"product_cat-scenes-urbaines-villes","9":"product_cat-tous-nos-produits","10":"product_cat-trompe-loeil","11":"product_cat-ultra-haute-d-finition-photos","12":"product_tag-canada-fr","13":"product_tag-fenetre","14":"product_tag-fenetres","15":"product_tag-grattes-ciels","16":"product_tag-montreal-fr","17":"product_tag-paysage-urbain","18":"product_tag-quebec-fr","19":"product_tag-trompe-l-oeil","20":"product_tag-trompe-loeil-fr","21":"product_tag-trompe-oeil-fr","22":"product_tag-urbain","23":"product_tag-ville","24":"product_tag-vue","26":"first","27":"instock","28":"taxable","29":"shipping-taxable","30":"purchasable","31":"product-type-variable","32":"has-default-attributes"},"acf":[],"_links":{"self":[{"href":"https:\/\/www.muralunique.com\/fr\/wp-json\/wp\/v2\/product\/11766","targetHints":{"allow":["GET"]}}],"collection":[{"href":"https:\/\/www.muralunique.com\/fr\/wp-json\/wp\/v2\/product"}],"about":[{"href":"https:\/\/www.muralunique.com\/fr\/wp-json\/wp\/v2\/types\/product"}],"wp:featuredmedia":[{"embeddable":true,"href":"https:\/\/www.muralunique.com\/fr\/wp-json\/wp\/v2\/media\/11767"}],"wp:attachment":[{"href":"https:\/\/www.muralunique.com\/fr\/wp-json\/wp\/v2\/media?parent=11766"}],"wp:term":[{"taxonomy":"product_brand","embeddable":true,"href":"https:\/\/www.muralunique.com\/fr\/wp-json\/wp\/v2\/product_brand?post=11766"},{"taxonomy":"product_cat","embeddable":true,"href":"https:\/\/www.muralunique.com\/fr\/wp-json\/wp\/v2\/product_cat?post=11766"},{"taxonomy":"product_tag","embeddable":true,"href":"https:\/\/www.muralunique.com\/fr\/wp-json\/wp\/v2\/product_tag?post=11766"}],"curies":[{"name":"wp","href":"https:\/\/api.w.org\/{rel}","templated":true}]}}