{"id":11772,"date":"2019-11-21T11:52:28","date_gmt":"2019-11-21T11:52:28","guid":{"rendered":"https:\/\/muralunique.com\/?post_type=product&#038;p=11772"},"modified":"2022-03-16T17:38:13","modified_gmt":"2022-03-16T21:38:13","slug":"carte-antique-de-leurope","status":"publish","type":"product","link":"https:\/\/www.muralunique.com\/fr\/produit\/carte-antique-de-leurope\/","title":{"rendered":"Carte Antique de l&#8217;Europe"},"content":{"rendered":"<p>-Murale en papier peint d&#8217;une carte antique de l&#8217;Europe en noir et blanc. Un tr\u00e8s bon choix pour personnaliser un bureau ou une salle de r\u00e9union mais peut \u00e9galement s&#8217;av\u00e9rer un \u00e9l\u00e9ment d\u00e9coratif int\u00e9ressant pour une chambre \u00e0 coucher, un salon ou m\u00eame une salle \u00e0 diner au style Europ\u00e9en.<\/p>\n<p>-La murale comprend des laizes de 18&#8243; (45cm) de largeur. Par exemple, une murale de 6&#8242; (1,83m) de largeur a 4 laizes et une murale de 12&#8242; (3,66m) de largeur a 8 laizes.<\/p>\n<p>-Murale en papier\u00a0peint pr\u00e9encoll\u00e9e, lavable, s&#8217;enl\u00e8ve \u00e0 sec et r\u00e9utilisable. Facile \u00e0 installer, se pose comme du papier\u00a0peint (tapisserie).<\/p>\n<p>-murale carte antique de l&#8217;Europe, murale de cartes g\u00e9ographiques, papier peint de cartes g\u00e9ographiques, tapisserie de cartes g\u00e9ographiques, murale carte Europe<\/p>\n","protected":false},"excerpt":{"rendered":"<p>-Murale en papier peint d&#8217;une carte antique de l&#8217;Europe en noir et blanc. Un tr\u00e8s bon choix pour personnaliser un bureau ou une salle de r\u00e9union mais peut \u00e9galement s&#8217;av\u00e9rer un \u00e9l\u00e9ment d\u00e9coratif int\u00e9ressant pour une chambre \u00e0 coucher, un salon ou m\u00eame une salle \u00e0 diner au style Europ\u00e9en. -La murale comprend des laizes [&hellip;]<\/p>\n","protected":false},"featured_media":11773,"template":"","meta":{"_acf_changed":false},"product_brand":[203],"product_cat":[160,401],"product_tag":[8771,8787,9171,9172,8691,9046,9045,9234],"class_list":{"0":"post-11772","1":"product","2":"type-product","3":"status-publish","4":"has-post-thumbnail","6":"product_brand-muralunique-com","7":"product_cat-cartes-et-drapeaux","8":"product_cat-tous-nos-produits","9":"product_tag-antique-fr","10":"product_tag-atlas-fr","11":"product_tag-carte-fr","12":"product_tag-cartes","13":"product_tag-europe-fr","14":"product_tag-geographie","15":"product_tag-geographique","16":"product_tag-vieux","18":"first","19":"instock","20":"taxable","21":"shipping-taxable","22":"purchasable","23":"product-type-variable","24":"has-default-attributes"},"acf":[],"_links":{"self":[{"href":"https:\/\/www.muralunique.com\/fr\/wp-json\/wp\/v2\/product\/11772","targetHints":{"allow":["GET"]}}],"collection":[{"href":"https:\/\/www.muralunique.com\/fr\/wp-json\/wp\/v2\/product"}],"about":[{"href":"https:\/\/www.muralunique.com\/fr\/wp-json\/wp\/v2\/types\/product"}],"wp:featuredmedia":[{"embeddable":true,"href":"https:\/\/www.muralunique.com\/fr\/wp-json\/wp\/v2\/media\/11773"}],"wp:attachment":[{"href":"https:\/\/www.muralunique.com\/fr\/wp-json\/wp\/v2\/media?parent=11772"}],"wp:term":[{"taxonomy":"product_brand","embeddable":true,"href":"https:\/\/www.muralunique.com\/fr\/wp-json\/wp\/v2\/product_brand?post=11772"},{"taxonomy":"product_cat","embeddable":true,"href":"https:\/\/www.muralunique.com\/fr\/wp-json\/wp\/v2\/product_cat?post=11772"},{"taxonomy":"product_tag","embeddable":true,"href":"https:\/\/www.muralunique.com\/fr\/wp-json\/wp\/v2\/product_tag?post=11772"}],"curies":[{"name":"wp","href":"https:\/\/api.w.org\/{rel}","templated":true}]}}