{"id":11778,"date":"2019-11-25T14:10:08","date_gmt":"2019-11-25T14:10:08","guid":{"rendered":"https:\/\/muralunique.com\/?post_type=product&#038;p=11778"},"modified":"2022-04-16T19:43:49","modified_gmt":"2022-04-16T23:43:49","slug":"blueprint-de-voiture-plan","status":"publish","type":"product","link":"https:\/\/www.muralunique.com\/fr\/produit\/blueprint-de-voiture-plan\/","title":{"rendered":"Blueprint de Voiture (Plan)"},"content":{"rendered":"<p>-Murale d&#8217;un plan d\u00e9taill\u00e9 de voiture (blueprint).\u00a0Le terme\u00a0blueprint\u00a0d\u00e9signe, en anglais, une reproduction d&#8217;un plan d\u00e9taill\u00e9, ce que l&#8217;on appelle en dessin technique un\u00a0dessin de d\u00e9finition\u00a0(<a href=\"https:\/\/fr.wikipedia.org\/wiki\/Blueprint\" rel=\"nofollow noopener\" target=\"_blank\">wikipedia.org<\/a>).<\/p>\n<p>-La murale comprend des laizes de 18&#8243; (45cm) de largeur. Par exemple, une murale de 6&#8242; (1,83m) de largeur a 4 laizes et une murale de 12&#8242; (3,66m) de largeur a 8 laizes.<\/p>\n<p>-Murale en papier\u00a0peint pr\u00e9encoll\u00e9e, lavable, s&#8217;enl\u00e8ve \u00e0 sec et r\u00e9utilisable. Facile \u00e0 installer, se pose comme du papier\u00a0peint (tapisserie).<\/p>\n<p>-murale blueprint de voiture, tapisserie blueprint de voiture, papier peint blueprint de voiture, murale blueprint, murale en papier peint blueprint<\/p>\n","protected":false},"excerpt":{"rendered":"<p>-Murale d&#8217;un plan d\u00e9taill\u00e9 de voiture (blueprint).\u00a0Le terme\u00a0blueprint\u00a0d\u00e9signe, en anglais, une reproduction d&#8217;un plan d\u00e9taill\u00e9, ce que l&#8217;on appelle en dessin technique un\u00a0dessin de d\u00e9finition\u00a0(wikipedia.org). -La murale comprend des laizes de 18&#8243; (45cm) de largeur. Par exemple, une murale de 6&#8242; (1,83m) de largeur a 4 laizes et une murale de 12&#8242; (3,66m) de largeur [&hellip;]<\/p>\n","protected":false},"featured_media":31409,"template":"","meta":{"_acf_changed":false},"product_brand":[203],"product_cat":[125,401,179],"product_tag":[9890,9891,9892,9893,9469,9470,9471,9786,8874],"class_list":{"0":"post-11778","1":"product","2":"type-product","3":"status-publish","4":"has-post-thumbnail","6":"product_brand-muralunique-com","7":"product_cat-abstrait-et-geometrie","8":"product_cat-tous-nos-produits","9":"product_cat-transports","10":"product_tag-blueprint-fr","11":"product_tag-blueprints-fr","12":"product_tag-plan-fr","13":"product_tag-plans-fr","14":"product_tag-transport-fr","15":"product_tag-transportation","16":"product_tag-transports","17":"product_tag-voiture","18":"product_tag-voitures","20":"first","21":"instock","22":"taxable","23":"shipping-taxable","24":"purchasable","25":"product-type-variable","26":"has-default-attributes"},"acf":[],"_links":{"self":[{"href":"https:\/\/www.muralunique.com\/fr\/wp-json\/wp\/v2\/product\/11778","targetHints":{"allow":["GET"]}}],"collection":[{"href":"https:\/\/www.muralunique.com\/fr\/wp-json\/wp\/v2\/product"}],"about":[{"href":"https:\/\/www.muralunique.com\/fr\/wp-json\/wp\/v2\/types\/product"}],"wp:featuredmedia":[{"embeddable":true,"href":"https:\/\/www.muralunique.com\/fr\/wp-json\/wp\/v2\/media\/31409"}],"wp:attachment":[{"href":"https:\/\/www.muralunique.com\/fr\/wp-json\/wp\/v2\/media?parent=11778"}],"wp:term":[{"taxonomy":"product_brand","embeddable":true,"href":"https:\/\/www.muralunique.com\/fr\/wp-json\/wp\/v2\/product_brand?post=11778"},{"taxonomy":"product_cat","embeddable":true,"href":"https:\/\/www.muralunique.com\/fr\/wp-json\/wp\/v2\/product_cat?post=11778"},{"taxonomy":"product_tag","embeddable":true,"href":"https:\/\/www.muralunique.com\/fr\/wp-json\/wp\/v2\/product_tag?post=11778"}],"curies":[{"name":"wp","href":"https:\/\/api.w.org\/{rel}","templated":true}]}}