{"id":11818,"date":"2019-11-29T14:17:06","date_gmt":"2019-11-29T14:17:06","guid":{"rendered":"https:\/\/muralunique.com\/?post_type=product&#038;p=11818"},"modified":"2022-04-16T19:44:07","modified_gmt":"2022-04-16T23:44:07","slug":"golf-en-automne","status":"publish","type":"product","link":"https:\/\/www.muralunique.com\/fr\/produit\/golf-en-automne\/","title":{"rendered":"Golf en Automne"},"content":{"rendered":"<p>-Murale d&#8217;un terrain de golf en automne. Une sc\u00e8ne parfaite pour les amateurs de golf mais \u00e9galement un tr\u00e8s bon choix pour donner de la profondeur et un look champ\u00eatre \u00e0 une pi\u00e8ce.<\/p>\n<p>-La murale comprend des laizes de 18&#8243; (45cm) de largeur. Par exemple, une murale de 6&#8242; (1,83m) de largeur a 4 laizes et une murale de 12&#8242; (3,66m) de largeur a 8 laizes.<\/p>\n<p>-Murale en papier\u00a0peint pr\u00e9encoll\u00e9e, lavable, s&#8217;enl\u00e8ve \u00e0 sec et r\u00e9utilisable. Facile \u00e0 installer, se pose comme du papier\u00a0peint (tapisserie).<\/p>\n<p>-murale de golf, papier peint de golf, tapisserie de golf, murale en papier peint de golf, murale golf en automne<\/p>\n","protected":false},"excerpt":{"rendered":"<p>-Murale d&#8217;un terrain de golf en automne. Une sc\u00e8ne parfaite pour les amateurs de golf mais \u00e9galement un tr\u00e8s bon choix pour donner de la profondeur et un look champ\u00eatre \u00e0 une pi\u00e8ce. -La murale comprend des laizes de 18&#8243; (45cm) de largeur. Par exemple, une murale de 6&#8242; (1,83m) de largeur a 4 laizes [&hellip;]<\/p>\n","protected":false},"featured_media":31936,"template":"","meta":{"_acf_changed":false},"product_brand":[203],"product_cat":[141,145,401],"product_tag":[8979,8864,8926,9054,9219,9261,8928,8925,9137,9400,9467],"class_list":{"0":"post-11818","1":"product","2":"type-product","3":"status-publish","4":"has-post-thumbnail","6":"product_brand-muralunique-com","7":"product_cat-nature-et-paysages","8":"product_cat-sports-2","9":"product_cat-tous-nos-produits","10":"product_tag-automne-fr","11":"product_tag-calme","12":"product_tag-campagne","13":"product_tag-golf-fr","14":"product_tag-nature-fr","15":"product_tag-paisible","16":"product_tag-parcours","17":"product_tag-pays-fr","18":"product_tag-paysage","19":"product_tag-sports","20":"product_tag-tranquilite","22":"first","23":"instock","24":"taxable","25":"shipping-taxable","26":"purchasable","27":"product-type-variable","28":"has-default-attributes"},"acf":[],"_links":{"self":[{"href":"https:\/\/www.muralunique.com\/fr\/wp-json\/wp\/v2\/product\/11818","targetHints":{"allow":["GET"]}}],"collection":[{"href":"https:\/\/www.muralunique.com\/fr\/wp-json\/wp\/v2\/product"}],"about":[{"href":"https:\/\/www.muralunique.com\/fr\/wp-json\/wp\/v2\/types\/product"}],"wp:featuredmedia":[{"embeddable":true,"href":"https:\/\/www.muralunique.com\/fr\/wp-json\/wp\/v2\/media\/31936"}],"wp:attachment":[{"href":"https:\/\/www.muralunique.com\/fr\/wp-json\/wp\/v2\/media?parent=11818"}],"wp:term":[{"taxonomy":"product_brand","embeddable":true,"href":"https:\/\/www.muralunique.com\/fr\/wp-json\/wp\/v2\/product_brand?post=11818"},{"taxonomy":"product_cat","embeddable":true,"href":"https:\/\/www.muralunique.com\/fr\/wp-json\/wp\/v2\/product_cat?post=11818"},{"taxonomy":"product_tag","embeddable":true,"href":"https:\/\/www.muralunique.com\/fr\/wp-json\/wp\/v2\/product_tag?post=11818"}],"curies":[{"name":"wp","href":"https:\/\/api.w.org\/{rel}","templated":true}]}}