{"id":11845,"date":"2019-12-11T11:47:29","date_gmt":"2019-12-11T11:47:29","guid":{"rendered":"https:\/\/muralunique.com\/?post_type=product&#038;p=11845"},"modified":"2022-04-16T19:44:23","modified_gmt":"2022-04-16T23:44:23","slug":"chutes-huai-may-khamin-thailande","status":"publish","type":"product","link":"https:\/\/www.muralunique.com\/fr\/produit\/chutes-huai-may-khamin-thailande\/","title":{"rendered":"Chutes Huai May Khamin, Tha\u00eflande"},"content":{"rendered":"<p>-Murale en papier peint des chutes Huai May Khamin en Tha\u00eflande. Les cascades de Huai May Khamin sont l&#8217;attraction la plus populaire du parc national de Khuean Srinagarindra. Les chutes d&#8217;eau ont sept niveaux et se terminent dans la rivi\u00e8re Khwae Yai (<a href=\"https:\/\/en.wikipedia.org\/wiki\/Khuean_Srinagarindra_National_Park\" rel=\"nofollow noopener\" target=\"_blank\">wikipedia.org<\/a>).<\/p>\n<p>-La murale comprend des laizes de 18&#8243; (45cm) de largeur. Par exemple, une murale de 6&#8242; (1,83m) de largeur a 4 laizes et une murale de 12&#8242; (3,66m) de largeur a 8 laizes.<\/p>\n<p>-Murale en papier\u00a0peint pr\u00e9encoll\u00e9e, lavable, s&#8217;enl\u00e8ve \u00e0 sec et r\u00e9utilisable. Facile \u00e0 installer, se pose comme du papier\u00a0peint (tapisserie).<\/p>\n<p>-murale de cascades, murale en papier peint de cascades, tapisserie de cascades, papier peint de chutes d&#8217;eau, murale de chutes d&#8217;eau<\/p>\n","protected":false},"excerpt":{"rendered":"<p>-Murale en papier peint des chutes Huai May Khamin en Tha\u00eflande. Les cascades de Huai May Khamin sont l&#8217;attraction la plus populaire du parc national de Khuean Srinagarindra. Les chutes d&#8217;eau ont sept niveaux et se terminent dans la rivi\u00e8re Khwae Yai (wikipedia.org). -La murale comprend des laizes de 18&#8243; (45cm) de largeur. Par exemple, [&hellip;]<\/p>\n","protected":false},"featured_media":31946,"template":"","meta":{"_acf_changed":false},"product_brand":[203],"product_cat":[153,150,141,401],"product_tag":[9518,9517,9014,9219,9237,9252,9217,9137,8737],"class_list":{"0":"post-11845","1":"product","2":"type-product","3":"status-publish","4":"has-post-thumbnail","6":"product_brand-muralunique-com","7":"product_cat-eau-et-plages","8":"product_cat-fleurs-et-feuillages","9":"product_cat-nature-et-paysages","10":"product_cat-tous-nos-produits","11":"product_tag-cascades","12":"product_tag-eau","13":"product_tag-feuillage","14":"product_tag-nature-fr","15":"product_tag-orient-fr","16":"product_tag-parc","17":"product_tag-parc-national","18":"product_tag-paysage","19":"product_tag-thailande","21":"first","22":"instock","23":"taxable","24":"shipping-taxable","25":"purchasable","26":"product-type-variable","27":"has-default-attributes"},"acf":[],"_links":{"self":[{"href":"https:\/\/www.muralunique.com\/fr\/wp-json\/wp\/v2\/product\/11845","targetHints":{"allow":["GET"]}}],"collection":[{"href":"https:\/\/www.muralunique.com\/fr\/wp-json\/wp\/v2\/product"}],"about":[{"href":"https:\/\/www.muralunique.com\/fr\/wp-json\/wp\/v2\/types\/product"}],"wp:featuredmedia":[{"embeddable":true,"href":"https:\/\/www.muralunique.com\/fr\/wp-json\/wp\/v2\/media\/31946"}],"wp:attachment":[{"href":"https:\/\/www.muralunique.com\/fr\/wp-json\/wp\/v2\/media?parent=11845"}],"wp:term":[{"taxonomy":"product_brand","embeddable":true,"href":"https:\/\/www.muralunique.com\/fr\/wp-json\/wp\/v2\/product_brand?post=11845"},{"taxonomy":"product_cat","embeddable":true,"href":"https:\/\/www.muralunique.com\/fr\/wp-json\/wp\/v2\/product_cat?post=11845"},{"taxonomy":"product_tag","embeddable":true,"href":"https:\/\/www.muralunique.com\/fr\/wp-json\/wp\/v2\/product_tag?post=11845"}],"curies":[{"name":"wp","href":"https:\/\/api.w.org\/{rel}","templated":true}]}}