{"id":11906,"date":"2020-01-07T11:09:29","date_gmt":"2020-01-07T11:09:29","guid":{"rendered":"https:\/\/muralunique.com\/?post_type=product&#038;p=11906"},"modified":"2022-03-16T17:38:10","modified_gmt":"2022-03-16T21:38:10","slug":"fleurs-sur-fond-craquele","status":"publish","type":"product","link":"https:\/\/www.muralunique.com\/fr\/produit\/fleurs-sur-fond-craquele\/","title":{"rendered":"Fleurs sur Fond Craquel\u00e9"},"content":{"rendered":"<p>-Murale de fleurs sur fond craquel\u00e9. Tr\u00e8s polyvalente, cette murale classique et \u00e9l\u00e9gante s&#8217;agencera facilement avec vos meubles et accessoires existants.<\/p>\n<p>-La murale comprend des laizes de 18&#8243; (45cm) de largeur. Par exemple, une murale de 6&#8242; (1,83m) de largeur a 4 laizes et une murale de 12&#8242; (3,66m) de largeur a 8 laizes.<\/p>\n<p>-Murale en papier\u00a0peint pr\u00e9encoll\u00e9e, lavable, s&#8217;enl\u00e8ve \u00e0 sec et r\u00e9utilisable. Facile \u00e0 installer, se pose comme du papier\u00a0peint (tapisserie).<\/p>\n<p>-murale florale, murale de fleurs, murale de fleurs sur fond craquel\u00e9, papier peint floral, tapisserie de fleurs<\/p>\n","protected":false},"excerpt":{"rendered":"<p>-Murale de fleurs sur fond craquel\u00e9. Tr\u00e8s polyvalente, cette murale classique et \u00e9l\u00e9gante s&#8217;agencera facilement avec vos meubles et accessoires existants. -La murale comprend des laizes de 18&#8243; (45cm) de largeur. Par exemple, une murale de 6&#8242; (1,83m) de largeur a 4 laizes et une murale de 12&#8242; (3,66m) de largeur a 8 laizes. -Murale [&hellip;]<\/p>\n","protected":false},"featured_media":11907,"template":"","meta":{"_acf_changed":false},"product_brand":[203],"product_cat":[150,10434,169,401],"product_tag":[9010,9006,9447,9448,9449],"class_list":{"0":"post-11906","1":"product","2":"type-product","3":"status-publish","4":"has-post-thumbnail","6":"product_brand-muralunique-com","7":"product_cat-fleurs-et-feuillages","8":"product_cat-images-panoramiques","9":"product_cat-textures-2","10":"product_cat-tous-nos-produits","11":"product_tag-fleurs","12":"product_tag-floral-fr","13":"product_tag-texture-fr","14":"product_tag-texture-fr-2","15":"product_tag-textures","17":"first","18":"instock","19":"taxable","20":"shipping-taxable","21":"purchasable","22":"product-type-variable","23":"has-default-attributes"},"acf":[],"_links":{"self":[{"href":"https:\/\/www.muralunique.com\/fr\/wp-json\/wp\/v2\/product\/11906","targetHints":{"allow":["GET"]}}],"collection":[{"href":"https:\/\/www.muralunique.com\/fr\/wp-json\/wp\/v2\/product"}],"about":[{"href":"https:\/\/www.muralunique.com\/fr\/wp-json\/wp\/v2\/types\/product"}],"wp:featuredmedia":[{"embeddable":true,"href":"https:\/\/www.muralunique.com\/fr\/wp-json\/wp\/v2\/media\/11907"}],"wp:attachment":[{"href":"https:\/\/www.muralunique.com\/fr\/wp-json\/wp\/v2\/media?parent=11906"}],"wp:term":[{"taxonomy":"product_brand","embeddable":true,"href":"https:\/\/www.muralunique.com\/fr\/wp-json\/wp\/v2\/product_brand?post=11906"},{"taxonomy":"product_cat","embeddable":true,"href":"https:\/\/www.muralunique.com\/fr\/wp-json\/wp\/v2\/product_cat?post=11906"},{"taxonomy":"product_tag","embeddable":true,"href":"https:\/\/www.muralunique.com\/fr\/wp-json\/wp\/v2\/product_tag?post=11906"}],"curies":[{"name":"wp","href":"https:\/\/api.w.org\/{rel}","templated":true}]}}