{"id":11922,"date":"2020-01-07T13:26:27","date_gmt":"2020-01-07T13:26:27","guid":{"rendered":"https:\/\/muralunique.com\/?post_type=product&#038;p=11922"},"modified":"2022-04-16T19:43:43","modified_gmt":"2022-04-16T23:43:43","slug":"branches-de-saule","status":"publish","type":"product","link":"https:\/\/www.muralunique.com\/fr\/produit\/branches-de-saule\/","title":{"rendered":"Branches de Saule"},"content":{"rendered":"<p>-Jolie murale en papier peint de branches de saule qui descendent sur un fond blanc avec des petits oiseaux. Une murale simple et originale, parfaite pour donner un look rustique \u00e0 votre int\u00e9rieur. Une bonne option pour une salle \u00e0 manger, un salon, une chambre \u00e0 coucher ou m\u00eame une salle de bain.<\/p>\n<p>-La murale comprend des laizes de 18&#8243; (45cm) de largeur. Par exemple, une murale de 6&#8242; (1,83m) de largeur a 4 laizes et une murale de 12&#8242; (3,66m) de largeur a 8 laizes.<\/p>\n<p>-Murale en papier\u00a0peint pr\u00e9encoll\u00e9e, lavable, s&#8217;enl\u00e8ve \u00e0 sec et r\u00e9utilisable. Facile \u00e0 installer, se pose comme du papier\u00a0peint (tapisserie).<\/p>\n<p>-murale branches de saule, papier peint branches de saule, murale avec branches, papier peint avec branches, murale de feuillage<\/p>\n","protected":false},"excerpt":{"rendered":"<p>-Jolie murale en papier peint de branches de saule qui descendent sur un fond blanc avec des petits oiseaux. Une murale simple et originale, parfaite pour donner un look rustique \u00e0 votre int\u00e9rieur. Une bonne option pour une salle \u00e0 manger, un salon, une chambre \u00e0 coucher ou m\u00eame une salle de bain. -La murale [&hellip;]<\/p>\n","protected":false},"featured_media":63273,"template":"","meta":{"_acf_changed":false},"product_brand":[203],"product_cat":[134,150,401],"product_tag":[8768,8769,8841,8842,9014,9142,9144,8823,8824,10136],"class_list":{"0":"post-11922","1":"product","2":"type-product","3":"status-publish","4":"has-post-thumbnail","6":"product_brand-muralunique-com","7":"product_cat-animaux","8":"product_cat-fleurs-et-feuillages","9":"product_cat-tous-nos-produits","10":"product_tag-animal","11":"product_tag-animaux","12":"product_tag-branche","13":"product_tag-branches-fr","14":"product_tag-feuillage","15":"product_tag-feuille","16":"product_tag-feuilles","17":"product_tag-oiseau","18":"product_tag-oiseaux","19":"product_tag-saule","21":"first","22":"instock","23":"taxable","24":"shipping-taxable","25":"purchasable","26":"product-type-variable","27":"has-default-attributes"},"acf":[],"_links":{"self":[{"href":"https:\/\/www.muralunique.com\/fr\/wp-json\/wp\/v2\/product\/11922","targetHints":{"allow":["GET"]}}],"collection":[{"href":"https:\/\/www.muralunique.com\/fr\/wp-json\/wp\/v2\/product"}],"about":[{"href":"https:\/\/www.muralunique.com\/fr\/wp-json\/wp\/v2\/types\/product"}],"wp:featuredmedia":[{"embeddable":true,"href":"https:\/\/www.muralunique.com\/fr\/wp-json\/wp\/v2\/media\/63273"}],"wp:attachment":[{"href":"https:\/\/www.muralunique.com\/fr\/wp-json\/wp\/v2\/media?parent=11922"}],"wp:term":[{"taxonomy":"product_brand","embeddable":true,"href":"https:\/\/www.muralunique.com\/fr\/wp-json\/wp\/v2\/product_brand?post=11922"},{"taxonomy":"product_cat","embeddable":true,"href":"https:\/\/www.muralunique.com\/fr\/wp-json\/wp\/v2\/product_cat?post=11922"},{"taxonomy":"product_tag","embeddable":true,"href":"https:\/\/www.muralunique.com\/fr\/wp-json\/wp\/v2\/product_tag?post=11922"}],"curies":[{"name":"wp","href":"https:\/\/api.w.org\/{rel}","templated":true}]}}