{"id":11930,"date":"2020-01-08T09:58:05","date_gmt":"2020-01-08T09:58:05","guid":{"rendered":"https:\/\/muralunique.com\/?post_type=product&#038;p=11930"},"modified":"2022-03-16T17:38:09","modified_gmt":"2022-03-16T21:38:09","slug":"foret-brumeuse-de-hetres-et-de-chenes-en-automne","status":"publish","type":"product","link":"https:\/\/www.muralunique.com\/fr\/produit\/foret-brumeuse-de-hetres-et-de-chenes-en-automne\/","title":{"rendered":"For\u00eat Brumeuse de H\u00eatres et de Ch\u00eanes en Automne"},"content":{"rendered":"<p>-Photo murale d&#8217;une for\u00eat\u00a0brumeuse de h\u00eatres et de ch\u00eanes en automne. Rapprochez-vous de la nature et cr\u00e9ez un d\u00e9cor paisible et relaxant avec cette splendide murale de for\u00eat.<\/p>\n<p>-La murale comprend des laizes de 18&#8243; (45cm) de largeur. Par exemple, une murale de 6&#8242; (1,83m) de largeur a 4 laizes et une murale de 12&#8242; (3,66m) de largeur a 8 laizes.<\/p>\n<p>-Murale en papier\u00a0peint pr\u00e9encoll\u00e9e, lavable, s&#8217;enl\u00e8ve \u00e0 sec et r\u00e9utilisable. Facile \u00e0 installer, se pose comme du papier\u00a0peint (tapisserie).<\/p>\n<p>-murale de for\u00eat, papier peint de for\u00eat, tapisserie de for\u00eat, murale for\u00eat brumeuse de h\u00eatres et de ch\u00eanes, papier peint for\u00eat brumeuse de h\u00eatres et de ch\u00eanes<\/p>\n","protected":false},"excerpt":{"rendered":"<p>-Photo murale d&#8217;une for\u00eat\u00a0brumeuse de h\u00eatres et de ch\u00eanes en automne. Rapprochez-vous de la nature et cr\u00e9ez un d\u00e9cor paisible et relaxant avec cette splendide murale de for\u00eat. -La murale comprend des laizes de 18&#8243; (45cm) de largeur. Par exemple, une murale de 6&#8242; (1,83m) de largeur a 4 laizes et une murale de 12&#8242; [&hellip;]<\/p>\n","protected":false},"featured_media":31964,"template":"","meta":{"_acf_changed":false},"product_brand":[203],"product_cat":[10434,141,401],"product_tag":[9478,8979,8788,9013,8864,9019,8812,8813,9219,9261,9137,9467],"class_list":{"0":"post-11930","1":"product","2":"type-product","3":"status-publish","4":"has-post-thumbnail","6":"product_brand-muralunique-com","7":"product_cat-images-panoramiques","8":"product_cat-nature-et-paysages","9":"product_cat-tous-nos-produits","10":"product_tag-arbres","11":"product_tag-automne-fr","12":"product_tag-automne","13":"product_tag-brouillard","14":"product_tag-calme","15":"product_tag-foret","16":"product_tag-hetre","17":"product_tag-hetres","18":"product_tag-nature-fr","19":"product_tag-paisible","20":"product_tag-paysage","21":"product_tag-tranquilite","23":"first","24":"instock","25":"taxable","26":"shipping-taxable","27":"purchasable","28":"product-type-variable","29":"has-default-attributes"},"acf":[],"_links":{"self":[{"href":"https:\/\/www.muralunique.com\/fr\/wp-json\/wp\/v2\/product\/11930","targetHints":{"allow":["GET"]}}],"collection":[{"href":"https:\/\/www.muralunique.com\/fr\/wp-json\/wp\/v2\/product"}],"about":[{"href":"https:\/\/www.muralunique.com\/fr\/wp-json\/wp\/v2\/types\/product"}],"wp:featuredmedia":[{"embeddable":true,"href":"https:\/\/www.muralunique.com\/fr\/wp-json\/wp\/v2\/media\/31964"}],"wp:attachment":[{"href":"https:\/\/www.muralunique.com\/fr\/wp-json\/wp\/v2\/media?parent=11930"}],"wp:term":[{"taxonomy":"product_brand","embeddable":true,"href":"https:\/\/www.muralunique.com\/fr\/wp-json\/wp\/v2\/product_brand?post=11930"},{"taxonomy":"product_cat","embeddable":true,"href":"https:\/\/www.muralunique.com\/fr\/wp-json\/wp\/v2\/product_cat?post=11930"},{"taxonomy":"product_tag","embeddable":true,"href":"https:\/\/www.muralunique.com\/fr\/wp-json\/wp\/v2\/product_tag?post=11930"}],"curies":[{"name":"wp","href":"https:\/\/api.w.org\/{rel}","templated":true}]}}