{"id":11956,"date":"2020-01-09T11:56:33","date_gmt":"2020-01-09T11:56:33","guid":{"rendered":"https:\/\/muralunique.com\/?post_type=product&#038;p=11956"},"modified":"2023-08-24T16:54:58","modified_gmt":"2023-08-24T20:54:58","slug":"roseaux-blancs-dans-le-vent","status":"publish","type":"product","link":"https:\/\/www.muralunique.com\/fr\/produit\/roseaux-blancs-dans-le-vent\/","title":{"rendered":"Roseaux Blancs dans le Vent"},"content":{"rendered":"<p>-Donnez un coup de fra\u00eecheur \u00e0 vos murs et \u00e0 votre int\u00e9rieur avec cette murale en papier peint spectaculaire de roseaux blancs dans le vent. Une tr\u00e8s bonne id\u00e9e d\u00e9co pour n&#8217;importe pi\u00e8ce de votre maison.<\/p>\n<p>-La murale comprend des laizes de 18&#8243; (45cm) de largeur. Par exemple, une murale de 6&#8242; (1,83m) de largeur a 4 laizes et une murale de 12&#8242; (3,66m) de largeur a 8 laizes.<\/p>\n<p>-Murale en papier\u00a0peint pr\u00e9encoll\u00e9e, lavable, s&#8217;enl\u00e8ve \u00e0 sec et r\u00e9utilisable. Facile \u00e0 installer, se pose comme du papier\u00a0peint (tapisserie).<\/p>\n<p>-murale roseaux blancs, murale en papier peint de roseaux, papier peint roseaux blancs, tapisserie roseaux blancs, murale de roseaux<\/p>\n","protected":false},"excerpt":{"rendered":"<p>-Donnez un coup de fra\u00eecheur \u00e0 vos murs et \u00e0 votre int\u00e9rieur avec cette murale en papier peint spectaculaire de roseaux blancs dans le vent. Une tr\u00e8s bonne id\u00e9e d\u00e9co pour n&#8217;importe pi\u00e8ce de votre maison. -La murale comprend des laizes de 18&#8243; (45cm) de largeur. Par exemple, une murale de 6&#8242; (1,83m) de largeur [&hellip;]<\/p>\n","protected":false},"featured_media":75428,"template":"","meta":{"_acf_changed":false},"product_brand":[203],"product_cat":[150,305,401],"product_tag":[9014,9078,10135,10034,10035,9413,9414,9527],"class_list":{"0":"post-11956","1":"product","2":"type-product","3":"status-publish","4":"has-post-thumbnail","6":"product_brand-muralunique-com","7":"product_cat-fleurs-et-feuillages","8":"product_cat-produits-vedettes","9":"product_cat-tous-nos-produits","10":"product_tag-feuillage","11":"product_tag-herbe","12":"product_tag-herbes-fr","13":"product_tag-roseau","14":"product_tag-roseaux","15":"product_tag-tige","16":"product_tag-tiges","17":"product_tag-vent","19":"first","20":"instock","21":"taxable","22":"shipping-taxable","23":"purchasable","24":"product-type-variable","25":"has-default-attributes"},"acf":[],"_links":{"self":[{"href":"https:\/\/www.muralunique.com\/fr\/wp-json\/wp\/v2\/product\/11956","targetHints":{"allow":["GET"]}}],"collection":[{"href":"https:\/\/www.muralunique.com\/fr\/wp-json\/wp\/v2\/product"}],"about":[{"href":"https:\/\/www.muralunique.com\/fr\/wp-json\/wp\/v2\/types\/product"}],"wp:featuredmedia":[{"embeddable":true,"href":"https:\/\/www.muralunique.com\/fr\/wp-json\/wp\/v2\/media\/75428"}],"wp:attachment":[{"href":"https:\/\/www.muralunique.com\/fr\/wp-json\/wp\/v2\/media?parent=11956"}],"wp:term":[{"taxonomy":"product_brand","embeddable":true,"href":"https:\/\/www.muralunique.com\/fr\/wp-json\/wp\/v2\/product_brand?post=11956"},{"taxonomy":"product_cat","embeddable":true,"href":"https:\/\/www.muralunique.com\/fr\/wp-json\/wp\/v2\/product_cat?post=11956"},{"taxonomy":"product_tag","embeddable":true,"href":"https:\/\/www.muralunique.com\/fr\/wp-json\/wp\/v2\/product_tag?post=11956"}],"curies":[{"name":"wp","href":"https:\/\/api.w.org\/{rel}","templated":true}]}}