{"id":12022,"date":"2020-01-14T15:55:43","date_gmt":"2020-01-14T15:55:43","guid":{"rendered":"https:\/\/muralunique.com\/?post_type=product&#038;p=12022"},"modified":"2025-09-30T16:18:05","modified_gmt":"2025-09-30T20:18:05","slug":"les-douze-apotres-great-ocean-road-victoria-australie","status":"publish","type":"product","link":"https:\/\/www.muralunique.com\/fr\/produit\/les-douze-apotres-great-ocean-road-victoria-australie\/","title":{"rendered":"Les Douze Ap\u00f4tres, Great Ocean Road, Victoria, Australie"},"content":{"rendered":"<p>-Paysage spectaculaire des douze ap\u00f4tres en Australie. Les douze\u00a0ap\u00f4tres\u00a0d\u00e9signe un regroupement d&#8217;aiguilles de\u00a0calcaire\u00a0d\u00e9passant de l&#8217;eau en bord de\u00a0mer\u00a0dans le\u00a0parc national de Port Campbell, le long de la route\u00a0Great Ocean Road\u00a0\u00e0\u00a0Victoria\u00a0en\u00a0Australie (<a href=\"https:\/\/fr.wikipedia.org\/wiki\/Twelve_Apostles\" rel=\"nofollow noopener\" target=\"_blank\">wikipedia.org<\/a>).<\/p>\n<p>-La murale comprend des laizes de 18&#8243; (45cm) de largeur. Par exemple, une murale de 6&#8242; (1,83m) de largeur a 4 laizes et une murale de 12&#8242; (3,66m) de largeur a 8 laizes.<\/p>\n<p>-Murale en papier\u00a0peint pr\u00e9encoll\u00e9e, lavable, s&#8217;enl\u00e8ve \u00e0 sec et r\u00e9utilisable. Facile \u00e0 installer, se pose comme du papier\u00a0peint.<\/p>\n<p>-murale douze ap\u00f4tres, papier peint douze ap\u00f4tres, murale Australie, papier peint Australie, tapisserie Australie<\/p>\n","protected":false},"excerpt":{"rendered":"<p>-Paysage spectaculaire des douze ap\u00f4tres en Australie. Les douze\u00a0ap\u00f4tres\u00a0d\u00e9signe un regroupement d&#8217;aiguilles de\u00a0calcaire\u00a0d\u00e9passant de l&#8217;eau en bord de\u00a0mer\u00a0dans le\u00a0parc national de Port Campbell, le long de la route\u00a0Great Ocean Road\u00a0\u00e0\u00a0Victoria\u00a0en\u00a0Australie (wikipedia.org). -La murale comprend des laizes de 18&#8243; (45cm) de largeur. Par exemple, une murale de 6&#8242; (1,83m) de largeur a 4 laizes et une [&hellip;]<\/p>\n","protected":false},"featured_media":31942,"template":"","meta":{"_acf_changed":false},"product_brand":[203],"product_cat":[153,128,141,401],"product_tag":[8671,9517,9352,9536,9537,9219,9231,9137,9336,9506],"class_list":{"0":"post-12022","1":"product","2":"type-product","3":"status-publish","4":"has-post-thumbnail","6":"product_brand-muralunique-com","7":"product_cat-eau-et-plages","8":"product_cat-merveilles-du-monde","9":"product_cat-nature-et-paysages","10":"product_cat-tous-nos-produits","11":"product_tag-australie","12":"product_tag-eau","13":"product_tag-mer","14":"product_tag-merveilles","15":"product_tag-merveilles-du-monde","16":"product_tag-nature-fr","17":"product_tag-ocean-fr-2","18":"product_tag-paysage","19":"product_tag-rocks-fr","20":"product_tag-victoria-fr","22":"first","23":"instock","24":"taxable","25":"shipping-taxable","26":"purchasable","27":"product-type-variable","28":"has-default-attributes"},"acf":[],"_links":{"self":[{"href":"https:\/\/www.muralunique.com\/fr\/wp-json\/wp\/v2\/product\/12022","targetHints":{"allow":["GET"]}}],"collection":[{"href":"https:\/\/www.muralunique.com\/fr\/wp-json\/wp\/v2\/product"}],"about":[{"href":"https:\/\/www.muralunique.com\/fr\/wp-json\/wp\/v2\/types\/product"}],"wp:featuredmedia":[{"embeddable":true,"href":"https:\/\/www.muralunique.com\/fr\/wp-json\/wp\/v2\/media\/31942"}],"wp:attachment":[{"href":"https:\/\/www.muralunique.com\/fr\/wp-json\/wp\/v2\/media?parent=12022"}],"wp:term":[{"taxonomy":"product_brand","embeddable":true,"href":"https:\/\/www.muralunique.com\/fr\/wp-json\/wp\/v2\/product_brand?post=12022"},{"taxonomy":"product_cat","embeddable":true,"href":"https:\/\/www.muralunique.com\/fr\/wp-json\/wp\/v2\/product_cat?post=12022"},{"taxonomy":"product_tag","embeddable":true,"href":"https:\/\/www.muralunique.com\/fr\/wp-json\/wp\/v2\/product_tag?post=12022"}],"curies":[{"name":"wp","href":"https:\/\/api.w.org\/{rel}","templated":true}]}}