{"id":24154,"date":"2020-01-31T20:33:15","date_gmt":"2020-01-31T19:33:15","guid":{"rendered":"https:\/\/muralunique.com\/?post_type=product&#038;p=24154"},"modified":"2022-03-16T17:38:08","modified_gmt":"2022-03-16T21:38:08","slug":"bouquet-doeillets-noir-et-blanc","status":"publish","type":"product","link":"https:\/\/www.muralunique.com\/fr\/produit\/bouquet-doeillets-noir-et-blanc\/","title":{"rendered":"Bouquet d&#8217;Oeillets (Noir et Blanc)"},"content":{"rendered":"<p>-Murale en papier peint florale d&#8217;un joli bouquet d&#8217;oeillets en noir et blanc. Les murales de fleurs sont tr\u00e8s tendances pour les murs et sont tr\u00e8s utilis\u00e9es pour ajouter de la vie \u00e0 une pi\u00e8ce.<\/p>\n<p>-La murale comprend des laizes de 18&#8243; (45cm) de largeur. Par exemple, une murale de 6&#8242; (1,83m) de largeur a 4 laizes et une murale de 12&#8242; (3,66m) de largeur a 8 laizes.<\/p>\n<p>-Murale en papier\u00a0peint pr\u00e9encoll\u00e9e, lavable, s&#8217;enl\u00e8ve \u00e0 sec et r\u00e9utilisable. Facile \u00e0 installer, se pose comme du papier\u00a0peint (tapisserie).<\/p>\n<p>-Photographie de Donn Petelka. Vous pouvez obtenir plus d&#8217;informations \u00e0 cette adresse:\u00a0<u><a href=\"mailto:donnpetelka@gmail.com\" target=\"_blank\" rel=\"noopener noreferrer\" data-cke-saved-href=\"mailto:donnpetelka@gmail.com\">donnpetelka@gmail.com<\/a><\/u>.<\/p>\n<p>-murale de fleurs, murale en papier peint de fleurs, photo murale de fleurs, murale en noir et blanc, murale en papier peint en noir et blanc<\/p>\n","protected":false},"excerpt":{"rendered":"<p>-Murale en papier peint florale d&#8217;un joli bouquet d&#8217;oeillets en noir et blanc. Les murales de fleurs sont tr\u00e8s tendances pour les murs et sont tr\u00e8s utilis\u00e9es pour ajouter de la vie \u00e0 une pi\u00e8ce. -La murale comprend des laizes de 18&#8243; (45cm) de largeur. Par exemple, une murale de 6&#8242; (1,83m) de largeur a [&hellip;]<\/p>\n","protected":false},"featured_media":24160,"template":"","meta":{"_acf_changed":false},"product_brand":[],"product_cat":[150,401,427],"product_tag":[9010,9006,8905],"class_list":{"0":"post-24154","1":"product","2":"type-product","3":"status-publish","4":"has-post-thumbnail","6":"artist-donn-petelka-fr","7":"product_cat-fleurs-et-feuillages","8":"product_cat-tous-nos-produits","9":"product_cat-ultra-haute-d-finition-photos","10":"product_tag-fleurs","11":"product_tag-floral-fr","12":"product_tag-plan-rapproche","14":"first","15":"instock","16":"taxable","17":"shipping-taxable","18":"purchasable","19":"product-type-variable","20":"has-default-attributes"},"acf":[],"_links":{"self":[{"href":"https:\/\/www.muralunique.com\/fr\/wp-json\/wp\/v2\/product\/24154","targetHints":{"allow":["GET"]}}],"collection":[{"href":"https:\/\/www.muralunique.com\/fr\/wp-json\/wp\/v2\/product"}],"about":[{"href":"https:\/\/www.muralunique.com\/fr\/wp-json\/wp\/v2\/types\/product"}],"wp:featuredmedia":[{"embeddable":true,"href":"https:\/\/www.muralunique.com\/fr\/wp-json\/wp\/v2\/media\/24160"}],"wp:attachment":[{"href":"https:\/\/www.muralunique.com\/fr\/wp-json\/wp\/v2\/media?parent=24154"}],"wp:term":[{"taxonomy":"product_brand","embeddable":true,"href":"https:\/\/www.muralunique.com\/fr\/wp-json\/wp\/v2\/product_brand?post=24154"},{"taxonomy":"product_cat","embeddable":true,"href":"https:\/\/www.muralunique.com\/fr\/wp-json\/wp\/v2\/product_cat?post=24154"},{"taxonomy":"product_tag","embeddable":true,"href":"https:\/\/www.muralunique.com\/fr\/wp-json\/wp\/v2\/product_tag?post=24154"}],"curies":[{"name":"wp","href":"https:\/\/api.w.org\/{rel}","templated":true}]}}