{"id":24858,"date":"2020-02-05T14:58:46","date_gmt":"2020-02-05T13:58:46","guid":{"rendered":"https:\/\/muralunique.com\/?post_type=product&#038;p=24858"},"modified":"2022-04-16T19:43:58","modified_gmt":"2022-04-16T23:43:58","slug":"parc-national-du-mont-rainier-etat-de-washington","status":"publish","type":"product","link":"https:\/\/www.muralunique.com\/fr\/produit\/parc-national-du-mont-rainier-etat-de-washington\/","title":{"rendered":"Parc National du Mont Rainier, \u00c9tat de Washington"},"content":{"rendered":"<p>-Murale en papier peint du Parc National du Mont Rainier dans l&#8217;\u00c9tat de Washington aux \u00c9tats-Unis.<\/p>\n<p>-La murale comprend des laizes de 18&#8243; (45cm) de largeur. Par exemple, une murale de 6&#8242; (1,83m) de largeur a 4 laizes et une murale de 12&#8242; (3,66m) de largeur a 8 laizes.<\/p>\n<p>-Murale en papier\u00a0peint pr\u00e9encoll\u00e9e, lavable, s&#8217;enl\u00e8ve \u00e0 sec et r\u00e9utilisable. Facile \u00e0 installer, se pose comme du papier\u00a0peint (tapisserie).<\/p>\n<p>-murale de montagnes, papier peint de montagnes, tapisserie de montagnes, murale de la nature, papier peint paysage<\/p>\n","protected":false},"excerpt":{"rendered":"<p>-Murale en papier peint du Parc National du Mont Rainier dans l&#8217;\u00c9tat de Washington aux \u00c9tats-Unis. -La murale comprend des laizes de 18&#8243; (45cm) de largeur. Par exemple, une murale de 6&#8242; (1,83m) de largeur a 4 laizes et une murale de 12&#8242; (3,66m) de largeur a 8 laizes. -Murale en papier\u00a0peint pr\u00e9encoll\u00e9e, lavable, s&#8217;enl\u00e8ve [&hellip;]<\/p>\n","protected":false},"featured_media":31940,"template":"","meta":{"_acf_changed":false},"product_brand":[],"product_cat":[153,141,401],"product_tag":[9518,9517,9499,9207,9208,9209,9219,9252,9217,9137,8741,8746],"class_list":{"0":"post-24858","1":"product","2":"type-product","3":"status-publish","4":"has-post-thumbnail","6":"product_cat-eau-et-plages","7":"product_cat-nature-et-paysages","8":"product_cat-tous-nos-produits","9":"product_tag-cascades","10":"product_tag-eau","11":"product_tag-etats-unis","12":"product_tag-mont","13":"product_tag-montagne","14":"product_tag-montagnes","15":"product_tag-nature-fr","16":"product_tag-parc","17":"product_tag-parc-national","18":"product_tag-paysage","19":"product_tag-usa-fr","20":"product_tag-washington-fr","22":"first","23":"instock","24":"taxable","25":"shipping-taxable","26":"purchasable","27":"product-type-variable","28":"has-default-attributes"},"acf":[],"_links":{"self":[{"href":"https:\/\/www.muralunique.com\/fr\/wp-json\/wp\/v2\/product\/24858","targetHints":{"allow":["GET"]}}],"collection":[{"href":"https:\/\/www.muralunique.com\/fr\/wp-json\/wp\/v2\/product"}],"about":[{"href":"https:\/\/www.muralunique.com\/fr\/wp-json\/wp\/v2\/types\/product"}],"wp:featuredmedia":[{"embeddable":true,"href":"https:\/\/www.muralunique.com\/fr\/wp-json\/wp\/v2\/media\/31940"}],"wp:attachment":[{"href":"https:\/\/www.muralunique.com\/fr\/wp-json\/wp\/v2\/media?parent=24858"}],"wp:term":[{"taxonomy":"product_brand","embeddable":true,"href":"https:\/\/www.muralunique.com\/fr\/wp-json\/wp\/v2\/product_brand?post=24858"},{"taxonomy":"product_cat","embeddable":true,"href":"https:\/\/www.muralunique.com\/fr\/wp-json\/wp\/v2\/product_cat?post=24858"},{"taxonomy":"product_tag","embeddable":true,"href":"https:\/\/www.muralunique.com\/fr\/wp-json\/wp\/v2\/product_tag?post=24858"}],"curies":[{"name":"wp","href":"https:\/\/api.w.org\/{rel}","templated":true}]}}