{"id":26440,"date":"2020-02-13T21:11:03","date_gmt":"2020-02-13T20:11:03","guid":{"rendered":"https:\/\/muralunique.com\/?post_type=product&#038;p=26440"},"modified":"2022-04-16T19:44:25","modified_gmt":"2022-04-16T23:44:25","slug":"effet-marbre","status":"publish","type":"product","link":"https:\/\/www.muralunique.com\/fr\/produit\/effet-marbre\/","title":{"rendered":"Effet Marbr\u00e9"},"content":{"rendered":"<p>-Murale en papier peint d&#8217;une imitation de marbre gris. Toujours aussi tendance, le marbre demeure un mat\u00e9riau de choix pour la salle de bain. Incorporez-le par petites touches, ou faites-en la texture principale de votre pi\u00e8ce pour lui donner une allure luxueuse.<\/p>\n<p>-La murale comprend des laizes de 18&#8243; (45cm) de largeur. Par exemple, une murale de 6&#8242; (1,83m) de largeur a 4 laizes et une murale de 12&#8242; (3,66m) de largeur a 8 laizes.<\/p>\n<p>-Murale en papier\u00a0peint pr\u00e9encoll\u00e9e, lavable, s&#8217;enl\u00e8ve \u00e0 sec et r\u00e9utilisable. Facile \u00e0 installer, se pose comme du papier\u00a0peint (tapisserie).<\/p>\n<p>-murale imitation marbre, papier peint imitation marbre, tapisserie imitation marbre, murale marbre, papier peint marbre<\/p>\n","protected":false},"excerpt":{"rendered":"<p>-Murale en papier peint d&#8217;une imitation de marbre gris. Toujours aussi tendance, le marbre demeure un mat\u00e9riau de choix pour la salle de bain. Incorporez-le par petites touches, ou faites-en la texture principale de votre pi\u00e8ce pour lui donner une allure luxueuse. -La murale comprend des laizes de 18&#8243; (45cm) de largeur. Par exemple, une [&hellip;]<\/p>\n","protected":false},"featured_media":56458,"template":"","meta":{"_acf_changed":false},"product_brand":[],"product_cat":[169,401],"product_tag":[9175,9174,9447,9448,9449],"class_list":{"0":"post-26440","1":"product","2":"type-product","3":"status-publish","4":"has-post-thumbnail","6":"product_cat-textures-2","7":"product_cat-tous-nos-produits","8":"product_tag-marbre-fr","9":"product_tag-marbre","10":"product_tag-texture-fr","11":"product_tag-texture-fr-2","12":"product_tag-textures","14":"first","15":"instock","16":"taxable","17":"shipping-taxable","18":"purchasable","19":"product-type-variable","20":"has-default-attributes"},"acf":[],"_links":{"self":[{"href":"https:\/\/www.muralunique.com\/fr\/wp-json\/wp\/v2\/product\/26440","targetHints":{"allow":["GET"]}}],"collection":[{"href":"https:\/\/www.muralunique.com\/fr\/wp-json\/wp\/v2\/product"}],"about":[{"href":"https:\/\/www.muralunique.com\/fr\/wp-json\/wp\/v2\/types\/product"}],"wp:featuredmedia":[{"embeddable":true,"href":"https:\/\/www.muralunique.com\/fr\/wp-json\/wp\/v2\/media\/56458"}],"wp:attachment":[{"href":"https:\/\/www.muralunique.com\/fr\/wp-json\/wp\/v2\/media?parent=26440"}],"wp:term":[{"taxonomy":"product_brand","embeddable":true,"href":"https:\/\/www.muralunique.com\/fr\/wp-json\/wp\/v2\/product_brand?post=26440"},{"taxonomy":"product_cat","embeddable":true,"href":"https:\/\/www.muralunique.com\/fr\/wp-json\/wp\/v2\/product_cat?post=26440"},{"taxonomy":"product_tag","embeddable":true,"href":"https:\/\/www.muralunique.com\/fr\/wp-json\/wp\/v2\/product_tag?post=26440"}],"curies":[{"name":"wp","href":"https:\/\/api.w.org\/{rel}","templated":true}]}}