{"id":32157,"date":"2020-04-07T12:46:11","date_gmt":"2020-04-07T16:46:11","guid":{"rendered":"https:\/\/www.muralunique.com\/?post_type=product&#038;p=32157"},"modified":"2025-10-23T08:58:10","modified_gmt":"2025-10-23T12:58:10","slug":"feuillage-tropical-exotique","status":"publish","type":"product","link":"https:\/\/www.muralunique.com\/fr\/produit\/feuillage-tropical-exotique\/","title":{"rendered":"Feuillage Tropical Exotique"},"content":{"rendered":"<p>-Murale en papier peint \u00e9l\u00e9gante et tendance d&#8217;un feuillage tropical exotique. Une excellente fa\u00e7on de cr\u00e9er un mur accent et un paradis tropical dans votre maison. Cette murale tropicale polyvalente peut \u00eatre un bel ajout \u00e0 n&#8217;importe quelle pi\u00e8ce de votre int\u00e9rieur: chambre, salon, cuisine, salle de bain, etc &#8230;<\/p>\n<p><strong>-Cette murale peut \u00eatre r\u00e9p\u00e9t\u00e9e horizontalement.<\/strong><\/p>\n<p>-La murale comprend des laizes de 18\u2033 (45cm) de largeur. Par exemple, une murale de 6\u2032 (1,83m) de largeur a 4 laizes et une murale de 12\u2032 (3,66m) de largeur a 8 laizes.<\/p>\n<p>-Murale en papier\u00a0peint pr\u00e9encoll\u00e9e, lavable, s\u2019enl\u00e8ve \u00e0 sec et r\u00e9utilisable. Facile \u00e0 installer, se pose comme du papier\u00a0peint (tapisserie).<\/p>\n<p>-murale feuillage tropical exotique, murale en papier peint feuillage tropical exotique, murale tropicale, murale feuillage tropical, murale feuillage exotique, papier peint feuillage tropical exotique<\/p>\n","protected":false},"excerpt":{"rendered":"<p>-Murale en papier peint \u00e9l\u00e9gante et tendance d&#8217;un feuillage tropical exotique. Une excellente fa\u00e7on de cr\u00e9er un mur accent et un paradis tropical dans votre maison. Cette murale tropicale polyvalente peut \u00eatre un bel ajout \u00e0 n&#8217;importe quelle pi\u00e8ce de votre int\u00e9rieur: chambre, salon, cuisine, salle de bain, etc &#8230; -Cette murale peut \u00eatre r\u00e9p\u00e9t\u00e9e [&hellip;]<\/p>\n","protected":false},"featured_media":60492,"template":"","meta":{"_acf_changed":false},"product_brand":[],"product_cat":[150,367,305,401],"product_tag":[8970,9014,9010,9006,9156,9157,9486],"class_list":{"0":"post-32157","1":"product","2":"type-product","3":"status-publish","4":"has-post-thumbnail","6":"product_cat-fleurs-et-feuillages","7":"product_cat-murales-en-r-p-tition","8":"product_cat-produits-vedettes","9":"product_cat-tous-nos-produits","10":"product_tag-exotique","11":"product_tag-feuillage","12":"product_tag-fleurs","13":"product_tag-floral-fr","14":"product_tag-lezard","15":"product_tag-lezards","16":"product_tag-tropical-fr","18":"first","19":"instock","20":"taxable","21":"shipping-taxable","22":"purchasable","23":"product-type-variable","24":"has-default-attributes"},"acf":[],"_links":{"self":[{"href":"https:\/\/www.muralunique.com\/fr\/wp-json\/wp\/v2\/product\/32157","targetHints":{"allow":["GET"]}}],"collection":[{"href":"https:\/\/www.muralunique.com\/fr\/wp-json\/wp\/v2\/product"}],"about":[{"href":"https:\/\/www.muralunique.com\/fr\/wp-json\/wp\/v2\/types\/product"}],"wp:featuredmedia":[{"embeddable":true,"href":"https:\/\/www.muralunique.com\/fr\/wp-json\/wp\/v2\/media\/60492"}],"wp:attachment":[{"href":"https:\/\/www.muralunique.com\/fr\/wp-json\/wp\/v2\/media?parent=32157"}],"wp:term":[{"taxonomy":"product_brand","embeddable":true,"href":"https:\/\/www.muralunique.com\/fr\/wp-json\/wp\/v2\/product_brand?post=32157"},{"taxonomy":"product_cat","embeddable":true,"href":"https:\/\/www.muralunique.com\/fr\/wp-json\/wp\/v2\/product_cat?post=32157"},{"taxonomy":"product_tag","embeddable":true,"href":"https:\/\/www.muralunique.com\/fr\/wp-json\/wp\/v2\/product_tag?post=32157"}],"curies":[{"name":"wp","href":"https:\/\/api.w.org\/{rel}","templated":true}]}}