{"id":33434,"date":"2020-04-22T16:58:50","date_gmt":"2020-04-22T20:58:50","guid":{"rendered":"https:\/\/www.muralunique.com\/?post_type=product&#038;p=33434"},"modified":"2025-09-30T16:17:30","modified_gmt":"2025-09-30T20:17:30","slug":"vieux-beton","status":"publish","type":"product","link":"https:\/\/www.muralunique.com\/fr\/produit\/vieux-beton\/","title":{"rendered":"Vieux B\u00e9ton"},"content":{"rendered":"<p>-Murale en papier peint en ultra haute r\u00e9solution d&#8217;une texture de vieux b\u00e9ton. Le b\u00e9ton est tr\u00e8s tendance et celle murale est l&#8217;\u00e9l\u00e9ment d\u00e9co parfait pour votre int\u00e9rieur. Tr\u00e8s polyvalente, cette murale cr\u00e9era un magnifique mur accent dans n&#8217;importe quelle pi\u00e8ce de votre int\u00e9rieur: chambre, salle de bain, salon, bureau, etc&#8230;<\/p>\n<p>-La murale comprend des laizes de 18\u2033 (45cm) de largeur. Par exemple, une murale de 6\u2032 (1,83m) de largeur a 4 laizes et une murale de 12\u2032 (3,66m) de largeur a 8 laizes.<\/p>\n<p>-Murale en papier\u00a0peint pr\u00e9encoll\u00e9e, lavable, s\u2019enl\u00e8ve \u00e0 sec et r\u00e9utilisable. Facile \u00e0 installer, se pose comme du papier\u00a0peint (tapisserie).<\/p>\n<p>-Photographie de Donn Petelka. Vous pouvez obtenir plus d\u2019informations \u00e0 cette adresse:\u00a0<a href=\"mailto:donnpetelka@gmail.com\" target=\"_blank\" rel=\"noopener noreferrer\">donnpetelka@gmail.com<\/a>.<\/p>\n<p>-murale de textures, murale en papier peint de textures, murale de b\u00e9ton, tapisserie de b\u00e9ton, papier peint de b\u00e9ton, murale texture de vieux b\u00e9ton, photo murale texture de vieux b\u00e9ton<\/p>\n","protected":false},"excerpt":{"rendered":"<p>-Murale en papier peint en ultra haute r\u00e9solution d&#8217;une texture de vieux b\u00e9ton. Le b\u00e9ton est tr\u00e8s tendance et celle murale est l&#8217;\u00e9l\u00e9ment d\u00e9co parfait pour votre int\u00e9rieur. Tr\u00e8s polyvalente, cette murale cr\u00e9era un magnifique mur accent dans n&#8217;importe quelle pi\u00e8ce de votre int\u00e9rieur: chambre, salle de bain, salon, bureau, etc&#8230; -La murale comprend des [&hellip;]<\/p>\n","protected":false},"featured_media":34956,"template":"","meta":{"_acf_changed":false},"product_brand":[],"product_cat":[169,401,427],"product_tag":[8919,8882,9447,9448,9449,9234],"class_list":{"0":"post-33434","1":"product","2":"type-product","3":"status-publish","4":"has-post-thumbnail","6":"artist-donn-petelka-fr","7":"product_cat-textures-2","8":"product_cat-tous-nos-produits","9":"product_cat-ultra-haute-d-finition-photos","10":"product_tag-beton","11":"product_tag-ciment","12":"product_tag-texture-fr","13":"product_tag-texture-fr-2","14":"product_tag-textures","15":"product_tag-vieux","17":"first","18":"instock","19":"taxable","20":"shipping-taxable","21":"purchasable","22":"product-type-variable","23":"has-default-attributes"},"acf":[],"_links":{"self":[{"href":"https:\/\/www.muralunique.com\/fr\/wp-json\/wp\/v2\/product\/33434","targetHints":{"allow":["GET"]}}],"collection":[{"href":"https:\/\/www.muralunique.com\/fr\/wp-json\/wp\/v2\/product"}],"about":[{"href":"https:\/\/www.muralunique.com\/fr\/wp-json\/wp\/v2\/types\/product"}],"wp:featuredmedia":[{"embeddable":true,"href":"https:\/\/www.muralunique.com\/fr\/wp-json\/wp\/v2\/media\/34956"}],"wp:attachment":[{"href":"https:\/\/www.muralunique.com\/fr\/wp-json\/wp\/v2\/media?parent=33434"}],"wp:term":[{"taxonomy":"product_brand","embeddable":true,"href":"https:\/\/www.muralunique.com\/fr\/wp-json\/wp\/v2\/product_brand?post=33434"},{"taxonomy":"product_cat","embeddable":true,"href":"https:\/\/www.muralunique.com\/fr\/wp-json\/wp\/v2\/product_cat?post=33434"},{"taxonomy":"product_tag","embeddable":true,"href":"https:\/\/www.muralunique.com\/fr\/wp-json\/wp\/v2\/product_tag?post=33434"}],"curies":[{"name":"wp","href":"https:\/\/api.w.org\/{rel}","templated":true}]}}