{"id":34324,"date":"2020-05-01T14:40:29","date_gmt":"2020-05-01T18:40:29","guid":{"rendered":"https:\/\/www.muralunique.com\/?post_type=product&#038;p=34324"},"modified":"2022-04-16T19:43:56","modified_gmt":"2022-04-16T23:43:56","slug":"abricotier","status":"publish","type":"product","link":"https:\/\/www.muralunique.com\/fr\/produit\/abricotier\/","title":{"rendered":"Abricotier"},"content":{"rendered":"<p>-Photo murale en papier peint d&#8217;un abricotier \u00e0 la campagne. Une murale qui inspire la tranquillit\u00e9 et refl\u00e8te la beaut\u00e9 de m\u00e8re nature. De plus, cette murale a un bel effet trompe l&#8217;oeil qui donnera de la profondeur \u00e0 n&#8217;importe quel petit mur dans votre int\u00e9rieur.<\/p>\n<p>-La murale comprend des laizes de 18\u2033 (45cm) de largeur. Par exemple, une murale de 6\u2032 (1,83m) de largeur a 4 laizes et une murale de 12\u2032 (3,66m) de largeur a 8 laizes.<\/p>\n<p>-Murale en papier\u00a0peint pr\u00e9encoll\u00e9e, lavable, s\u2019enl\u00e8ve \u00e0 sec et r\u00e9utilisable. Facile \u00e0 installer, se pose comme du papier\u00a0peint (tapisserie).<\/p>\n<p>-murale abricotier, photo murale abricotier, murale en papier peint abricotier, murale arbre \u00e0 fruits, murale en papier peint arbre \u00e0 fruit, tapisserie arbre \u00e0 fruits, papier peint arbre \u00e0 fruits, tapisserie abricotier<\/p>\n","protected":false},"excerpt":{"rendered":"<p>-Photo murale en papier peint d&#8217;un abricotier \u00e0 la campagne. Une murale qui inspire la tranquillit\u00e9 et refl\u00e8te la beaut\u00e9 de m\u00e8re nature. De plus, cette murale a un bel effet trompe l&#8217;oeil qui donnera de la profondeur \u00e0 n&#8217;importe quel petit mur dans votre int\u00e9rieur. -La murale comprend des laizes de 18\u2033 (45cm) de [&hellip;]<\/p>\n","protected":false},"featured_media":34323,"template":"","meta":{"_acf_changed":false},"product_brand":[],"product_cat":[471,141,401,163],"product_tag":[9561,9559,9477,9563,8864,8926,9035,9261,9467],"class_list":{"0":"post-34324","1":"product","2":"type-product","3":"status-publish","4":"has-post-thumbnail","6":"product_cat-cuisine-nourriture","7":"product_cat-nature-et-paysages","8":"product_cat-tous-nos-produits","9":"product_cat-trompe-loeil","10":"product_tag-abricot","11":"product_tag-abricotier","12":"product_tag-arbre","13":"product_tag-arbre-a-fruit","14":"product_tag-calme","15":"product_tag-campagne","16":"product_tag-fruits-fr","17":"product_tag-paisible","18":"product_tag-tranquilite","20":"first","21":"instock","22":"taxable","23":"shipping-taxable","24":"purchasable","25":"product-type-variable","26":"has-default-attributes"},"acf":[],"_links":{"self":[{"href":"https:\/\/www.muralunique.com\/fr\/wp-json\/wp\/v2\/product\/34324","targetHints":{"allow":["GET"]}}],"collection":[{"href":"https:\/\/www.muralunique.com\/fr\/wp-json\/wp\/v2\/product"}],"about":[{"href":"https:\/\/www.muralunique.com\/fr\/wp-json\/wp\/v2\/types\/product"}],"wp:featuredmedia":[{"embeddable":true,"href":"https:\/\/www.muralunique.com\/fr\/wp-json\/wp\/v2\/media\/34323"}],"wp:attachment":[{"href":"https:\/\/www.muralunique.com\/fr\/wp-json\/wp\/v2\/media?parent=34324"}],"wp:term":[{"taxonomy":"product_brand","embeddable":true,"href":"https:\/\/www.muralunique.com\/fr\/wp-json\/wp\/v2\/product_brand?post=34324"},{"taxonomy":"product_cat","embeddable":true,"href":"https:\/\/www.muralunique.com\/fr\/wp-json\/wp\/v2\/product_cat?post=34324"},{"taxonomy":"product_tag","embeddable":true,"href":"https:\/\/www.muralunique.com\/fr\/wp-json\/wp\/v2\/product_tag?post=34324"}],"curies":[{"name":"wp","href":"https:\/\/api.w.org\/{rel}","templated":true}]}}