{"id":3471,"date":"2012-01-25T17:51:49","date_gmt":"2012-01-25T17:51:49","guid":{"rendered":"https:\/\/muralunique.com\/?post_type=product&#038;p=3471"},"modified":"2021-10-07T13:42:27","modified_gmt":"2021-10-07T17:42:27","slug":"dimanche-au-parc","status":"publish","type":"product","link":"https:\/\/www.muralunique.com\/fr\/produit\/dimanche-au-parc\/","title":{"rendered":"Dimanche au Parc"},"content":{"rendered":"<p>-Murale en papier peint pour enfants d&#8217;un dimanche paisible au parc.<\/p>\n<p>-La murale comprend des laizes de 18\u2033 (45cm) de largeur. Par exemple, une murale de 6\u2032 (1,83m) de largeur a 4 laizes et une murale de 12\u2032 (3,66m) de largeur a 8 laizes.<\/p>\n<p>-Murale en papier\u00a0peint pr\u00e9encoll\u00e9e, lavable, s\u2019enl\u00e8ve \u00e0 sec et r\u00e9utilisable. Facile \u00e0 installer, se pose comme du papier\u00a0peint (tapisserie).<\/p>\n<p>-Cette toile est une cr\u00e9ation de Johanne P\u00e9pin.<\/p>\n<p>-murale d&#8217;un dimanche au parc, murale d&#8217;art na\u00eff, murale en papier peint pour enfants, tapisserie enfants, papier peint garderies<\/p>\n","protected":false},"excerpt":{"rendered":"<p>-Murale en papier peint pour enfants d&#8217;un dimanche paisible au parc. -La murale comprend des laizes de 18\u2033 (45cm) de largeur. Par exemple, une murale de 6\u2032 (1,83m) de largeur a 4 laizes et une murale de 12\u2032 (3,66m) de largeur a 8 laizes. -Murale en papier\u00a0peint pr\u00e9encoll\u00e9e, lavable, s\u2019enl\u00e8ve \u00e0 sec et r\u00e9utilisable. Facile [&hellip;]<\/p>\n","protected":false},"featured_media":3472,"template":"","meta":{"_acf_changed":false},"product_brand":[133],"product_cat":[173,10434,401,425],"product_tag":[9478,8791,8790,9430,8894,8895,9427,8980,8981,9125,9252],"class_list":{"0":"post-3471","1":"product","2":"type-product","3":"status-publish","4":"has-post-thumbnail","6":"artist-johanne-pepin-fr","7":"product_brand-johanne-pepin","8":"product_cat-enfants","9":"product_cat-images-panoramiques","10":"product_cat-tous-nos-produits","11":"product_cat-ultra-haute-d-finition-art","12":"product_tag-arbres","13":"product_tag-bebe","14":"product_tag-bebes","15":"product_tag-dimanche","16":"product_tag-enfant","17":"product_tag-enfants","18":"product_tag-ete","19":"product_tag-familial-fr","20":"product_tag-famille","21":"product_tag-gamins","22":"product_tag-parc","24":"first","25":"instock","26":"taxable","27":"shipping-taxable","28":"purchasable","29":"product-type-variable","30":"has-default-attributes"},"acf":[],"_links":{"self":[{"href":"https:\/\/www.muralunique.com\/fr\/wp-json\/wp\/v2\/product\/3471","targetHints":{"allow":["GET"]}}],"collection":[{"href":"https:\/\/www.muralunique.com\/fr\/wp-json\/wp\/v2\/product"}],"about":[{"href":"https:\/\/www.muralunique.com\/fr\/wp-json\/wp\/v2\/types\/product"}],"wp:featuredmedia":[{"embeddable":true,"href":"https:\/\/www.muralunique.com\/fr\/wp-json\/wp\/v2\/media\/3472"}],"wp:attachment":[{"href":"https:\/\/www.muralunique.com\/fr\/wp-json\/wp\/v2\/media?parent=3471"}],"wp:term":[{"taxonomy":"product_brand","embeddable":true,"href":"https:\/\/www.muralunique.com\/fr\/wp-json\/wp\/v2\/product_brand?post=3471"},{"taxonomy":"product_cat","embeddable":true,"href":"https:\/\/www.muralunique.com\/fr\/wp-json\/wp\/v2\/product_cat?post=3471"},{"taxonomy":"product_tag","embeddable":true,"href":"https:\/\/www.muralunique.com\/fr\/wp-json\/wp\/v2\/product_tag?post=3471"}],"curies":[{"name":"wp","href":"https:\/\/api.w.org\/{rel}","templated":true}]}}