{"id":3494,"date":"2012-01-18T18:43:09","date_gmt":"2012-01-18T18:43:09","guid":{"rendered":"https:\/\/muralunique.com\/?post_type=product&#038;p=3494"},"modified":"2025-09-30T16:20:13","modified_gmt":"2025-09-30T20:20:13","slug":"foret-de-bambou-sagano-kyoto-japon","status":"publish","type":"product","link":"https:\/\/www.muralunique.com\/fr\/produit\/foret-de-bambou-sagano-kyoto-japon\/","title":{"rendered":"For\u00eat de Bambou Sagano, Kyoto, Japon"},"content":{"rendered":"<p>-Magnifique photo murale en papier peint de la\u00a0c\u00e9l\u00e8bre for\u00eat de bambou\u00a0Sagano, pr\u00e8s de\u00a0Kyoto au Japon.<\/p>\n<p>-La murale comprend des laizes de 18\u2033 (45cm) de largeur. Par exemple, une murale de 6\u2032 (1,83m) de largeur a 4 laizes et une murale de 12\u2032 (3,66m) de largeur a 8 laizes.<\/p>\n<p>-Murale en papier\u00a0peint pr\u00e9encoll\u00e9e, lavable, s\u2019enl\u00e8ve \u00e0 sec et r\u00e9utilisable. Facile \u00e0 installer, se pose comme du papier\u00a0peint (tapisserie).<\/p>\n<p>-murale For\u00eat de Bambou Sagano, photo murale For\u00eat de Bambou Sagano, papier peint For\u00eat de Bambou Sagano, murale Kyoto, photo murale Japon<\/p>\n<p>&nbsp;<\/p>\n","protected":false},"excerpt":{"rendered":"<p>-Magnifique photo murale en papier peint de la\u00a0c\u00e9l\u00e8bre for\u00eat de bambou\u00a0Sagano, pr\u00e8s de\u00a0Kyoto au Japon. -La murale comprend des laizes de 18\u2033 (45cm) de largeur. Par exemple, une murale de 6\u2032 (1,83m) de largeur a 4 laizes et une murale de 12\u2032 (3,66m) de largeur a 8 laizes. -Murale en papier\u00a0peint pr\u00e9encoll\u00e9e, lavable, s\u2019enl\u00e8ve \u00e0 [&hellip;]<\/p>\n","protected":false},"featured_media":31452,"template":"","meta":{"_acf_changed":false},"product_brand":[203],"product_cat":[141,138,401,163],"product_tag":[9478,8784,8783,8796,8797,8864,9427,9019,9117,9118,9132,9219,9238,9261,9137,8728,9467,9483,9612,9485,9552],"class_list":{"0":"post-3494","1":"product","2":"type-product","3":"status-publish","4":"has-post-thumbnail","6":"product_brand-muralunique-com","7":"product_cat-nature-et-paysages","8":"product_cat-oriental-religion-spiritualite","9":"product_cat-tous-nos-produits","10":"product_cat-trompe-loeil","11":"product_tag-arbres","12":"product_tag-asiatique","13":"product_tag-asie","14":"product_tag-bambou","15":"product_tag-bambous","16":"product_tag-calme","17":"product_tag-ete","18":"product_tag-foret","19":"product_tag-japon","20":"product_tag-japonais","21":"product_tag-kyoto-fr","22":"product_tag-nature-fr","23":"product_tag-oriental-fr","24":"product_tag-paisible","25":"product_tag-paysage","26":"product_tag-sagano-fr","27":"product_tag-tranquilite","28":"product_tag-trompe-l-oeil","29":"product_tag-trompe-loeil-fr","30":"product_tag-trompe-oeil-fr","31":"product_tag-zen-fr","33":"first","34":"instock","35":"taxable","36":"shipping-taxable","37":"purchasable","38":"product-type-variable","39":"has-default-attributes"},"acf":[],"_links":{"self":[{"href":"https:\/\/www.muralunique.com\/fr\/wp-json\/wp\/v2\/product\/3494","targetHints":{"allow":["GET"]}}],"collection":[{"href":"https:\/\/www.muralunique.com\/fr\/wp-json\/wp\/v2\/product"}],"about":[{"href":"https:\/\/www.muralunique.com\/fr\/wp-json\/wp\/v2\/types\/product"}],"wp:featuredmedia":[{"embeddable":true,"href":"https:\/\/www.muralunique.com\/fr\/wp-json\/wp\/v2\/media\/31452"}],"wp:attachment":[{"href":"https:\/\/www.muralunique.com\/fr\/wp-json\/wp\/v2\/media?parent=3494"}],"wp:term":[{"taxonomy":"product_brand","embeddable":true,"href":"https:\/\/www.muralunique.com\/fr\/wp-json\/wp\/v2\/product_brand?post=3494"},{"taxonomy":"product_cat","embeddable":true,"href":"https:\/\/www.muralunique.com\/fr\/wp-json\/wp\/v2\/product_cat?post=3494"},{"taxonomy":"product_tag","embeddable":true,"href":"https:\/\/www.muralunique.com\/fr\/wp-json\/wp\/v2\/product_tag?post=3494"}],"curies":[{"name":"wp","href":"https:\/\/api.w.org\/{rel}","templated":true}]}}