{"id":3500,"date":"2012-01-18T18:58:47","date_gmt":"2012-01-18T18:58:47","guid":{"rendered":"https:\/\/muralunique.com\/?post_type=product&#038;p=3500"},"modified":"2021-10-07T13:42:28","modified_gmt":"2021-10-07T17:42:28","slug":"leonard-et-la-lecon-de-musique","status":"publish","type":"product","link":"https:\/\/www.muralunique.com\/fr\/produit\/leonard-et-la-lecon-de-musique\/","title":{"rendered":"L\u00e9onard et la Le\u00e7on de Musique"},"content":{"rendered":"<p>-Une magnifique murale pour enfants provenant d&#8217;une oeuvre originale de Johanne P\u00e9pin.<\/p>\n<p>-La murale comprend des laizes de 18&#8243; (45cm) de largeur. Par exemple, une murale de 6&#8242; (1,83m) de largeur a 4 laizes et une murale de 12&#8242; (3,66m) de largeur a 8 laizes.<\/p>\n<p>-Murale en papier\u00a0peint pr\u00e9encoll\u00e9e, lavable, s&#8217;enl\u00e8ve \u00e0 sec et r\u00e9utilisable. Facile \u00e0 installer, se pose comme du papier\u00a0peint (tapisserie).<\/p>\n<p>-Cr\u00e9ation de Johanne P\u00e9pin.<\/p>\n<p>-murale de musique, murale en papier peint de musique, papier peint de musique, tapisserie pour enfants, murale pour chambres d&#8217;enfants<\/p>\n","protected":false},"excerpt":{"rendered":"<p>-Une magnifique murale pour enfants provenant d&#8217;une oeuvre originale de Johanne P\u00e9pin. -La murale comprend des laizes de 18&#8243; (45cm) de largeur. Par exemple, une murale de 6&#8242; (1,83m) de largeur a 4 laizes et une murale de 12&#8242; (3,66m) de largeur a 8 laizes. -Murale en papier\u00a0peint pr\u00e9encoll\u00e9e, lavable, s&#8217;enl\u00e8ve \u00e0 sec et r\u00e9utilisable. [&hellip;]<\/p>\n","protected":false},"featured_media":3501,"template":"","meta":{"_acf_changed":false},"product_brand":[133],"product_cat":[173,477,401,425],"product_tag":[9477,9478,8791,8790,8978,8894,8895,9427,8977,8976,9125,9110,9147,9212,9211],"class_list":{"0":"post-3500","1":"product","2":"type-product","3":"status-publish","4":"has-post-thumbnail","6":"artist-johanne-pepin-fr","7":"product_brand-johanne-pepin","8":"product_cat-enfants","9":"product_cat-musique","10":"product_cat-tous-nos-produits","11":"product_cat-ultra-haute-d-finition-art","12":"product_tag-arbre","13":"product_tag-arbres","14":"product_tag-bebe","15":"product_tag-bebes","16":"product_tag-conte-de-fee","17":"product_tag-enfant","18":"product_tag-enfants","19":"product_tag-ete","20":"product_tag-fee","21":"product_tag-fees","22":"product_tag-gamins","23":"product_tag-instruments-fr","24":"product_tag-lecon","25":"product_tag-musical-fr","26":"product_tag-musique","28":"first","29":"instock","30":"taxable","31":"shipping-taxable","32":"purchasable","33":"product-type-variable","34":"has-default-attributes"},"acf":[],"_links":{"self":[{"href":"https:\/\/www.muralunique.com\/fr\/wp-json\/wp\/v2\/product\/3500","targetHints":{"allow":["GET"]}}],"collection":[{"href":"https:\/\/www.muralunique.com\/fr\/wp-json\/wp\/v2\/product"}],"about":[{"href":"https:\/\/www.muralunique.com\/fr\/wp-json\/wp\/v2\/types\/product"}],"wp:featuredmedia":[{"embeddable":true,"href":"https:\/\/www.muralunique.com\/fr\/wp-json\/wp\/v2\/media\/3501"}],"wp:attachment":[{"href":"https:\/\/www.muralunique.com\/fr\/wp-json\/wp\/v2\/media?parent=3500"}],"wp:term":[{"taxonomy":"product_brand","embeddable":true,"href":"https:\/\/www.muralunique.com\/fr\/wp-json\/wp\/v2\/product_brand?post=3500"},{"taxonomy":"product_cat","embeddable":true,"href":"https:\/\/www.muralunique.com\/fr\/wp-json\/wp\/v2\/product_cat?post=3500"},{"taxonomy":"product_tag","embeddable":true,"href":"https:\/\/www.muralunique.com\/fr\/wp-json\/wp\/v2\/product_tag?post=3500"}],"curies":[{"name":"wp","href":"https:\/\/api.w.org\/{rel}","templated":true}]}}