{"id":35162,"date":"2020-05-13T15:58:11","date_gmt":"2020-05-13T19:58:11","guid":{"rendered":"https:\/\/www.muralunique.com\/?post_type=product&#038;p=35162"},"modified":"2023-03-08T16:58:21","modified_gmt":"2023-03-08T21:58:21","slug":"feuilles-de-palmier-tropical","status":"publish","type":"product","link":"https:\/\/www.muralunique.com\/fr\/produit\/feuilles-de-palmier-tropical\/","title":{"rendered":"Feuilles de Palmier Tropical"},"content":{"rendered":"<p id=\"tw-target-text\" class=\"tw-data-text tw-text-large tw-ta\" dir=\"ltr\" data-placeholder=\"Translation\"><span lang=\"fr\">-Murale en papier peint de feuilles de palmier tropical en noir et blanc. La murale parfaite pour cr\u00e9er un d\u00e9cor unique et personnalis\u00e9. Les feuillages tropicaux sont tr\u00e8s tendances et polyvalents et sont un tr\u00e8s bon choix pour un mur de salle de bain, de chambre ou de salon (ou n&#8217;importe quelle autre pi\u00e8ce de votre maison).\u00a0<\/span><\/p>\n<p>-La murale comprend des laizes de 18\u2033 (45cm) de largeur. Par exemple, une murale de 6\u2032 (1,83m) de largeur a 4 laizes et une murale de 12\u2032 (3,66m) de largeur a 8 laizes.<\/p>\n<p>-Murale en papier\u00a0peint pr\u00e9encoll\u00e9e, lavable, s\u2019enl\u00e8ve \u00e0 sec et r\u00e9utilisable. Facile \u00e0 installer, se pose comme du papier\u00a0peint (tapisserie).<\/p>\n<p>-murale feuilles de palmier tropical, photo murale feuilles de palmier tropical, papier peint feuilles de palmier tropical, tapisserie feuilles de palmier tropical, tapisserie murale feuilles de palmier tropical, murale tropicale<\/p>\n","protected":false},"excerpt":{"rendered":"<p>-Murale en papier peint de feuilles de palmier tropical en noir et blanc. La murale parfaite pour cr\u00e9er un d\u00e9cor unique et personnalis\u00e9. Les feuillages tropicaux sont tr\u00e8s tendances et polyvalents et sont un tr\u00e8s bon choix pour un mur de salle de bain, de chambre ou de salon (ou n&#8217;importe quelle autre pi\u00e8ce de [&hellip;]<\/p>\n","protected":false},"featured_media":75685,"template":"","meta":{"_acf_changed":false},"product_brand":[],"product_cat":[150,401],"product_tag":[9014,9144,9567,10138,9242,9486],"class_list":{"0":"post-35162","1":"product","2":"type-product","3":"status-publish","4":"has-post-thumbnail","6":"product_cat-fleurs-et-feuillages","7":"product_cat-tous-nos-produits","8":"product_tag-feuillage","9":"product_tag-feuilles","10":"product_tag-feuilles-de-palmier","11":"product_tag-palmier-fr","12":"product_tag-palmiers","13":"product_tag-tropical-fr","15":"first","16":"instock","17":"taxable","18":"shipping-taxable","19":"purchasable","20":"product-type-variable","21":"has-default-attributes"},"acf":[],"_links":{"self":[{"href":"https:\/\/www.muralunique.com\/fr\/wp-json\/wp\/v2\/product\/35162","targetHints":{"allow":["GET"]}}],"collection":[{"href":"https:\/\/www.muralunique.com\/fr\/wp-json\/wp\/v2\/product"}],"about":[{"href":"https:\/\/www.muralunique.com\/fr\/wp-json\/wp\/v2\/types\/product"}],"wp:featuredmedia":[{"embeddable":true,"href":"https:\/\/www.muralunique.com\/fr\/wp-json\/wp\/v2\/media\/75685"}],"wp:attachment":[{"href":"https:\/\/www.muralunique.com\/fr\/wp-json\/wp\/v2\/media?parent=35162"}],"wp:term":[{"taxonomy":"product_brand","embeddable":true,"href":"https:\/\/www.muralunique.com\/fr\/wp-json\/wp\/v2\/product_brand?post=35162"},{"taxonomy":"product_cat","embeddable":true,"href":"https:\/\/www.muralunique.com\/fr\/wp-json\/wp\/v2\/product_cat?post=35162"},{"taxonomy":"product_tag","embeddable":true,"href":"https:\/\/www.muralunique.com\/fr\/wp-json\/wp\/v2\/product_tag?post=35162"}],"curies":[{"name":"wp","href":"https:\/\/api.w.org\/{rel}","templated":true}]}}