{"id":3536,"date":"2012-01-23T17:13:16","date_gmt":"2012-01-23T17:13:16","guid":{"rendered":"https:\/\/muralunique.com\/?post_type=product&#038;p=3536"},"modified":"2021-10-07T13:42:30","modified_gmt":"2021-10-07T17:42:30","slug":"hopital-veterinaire-version-francaise","status":"publish","type":"product","link":"https:\/\/www.muralunique.com\/fr\/produit\/hopital-veterinaire-version-francaise\/","title":{"rendered":"H\u00f4pital V\u00e9t\u00e9rinaire (Version Fran\u00e7aise)"},"content":{"rendered":"<p>-Une murale originale et amusante d&#8217;un h\u00f4pital v\u00e9t\u00e9rinaire. D&#8217;une r\u00e9solution exceptionnelle, cette oeuvre exclusive de Johanne P\u00e9pin fera le bonheur des amoureux des animaux.<\/p>\n<p>-La murale comprend des laizes de 18&#8243; (45cm) de largeur. Par exemple, une murale de 6&#8242; (1,83m) de largeur a 4 laizes et une murale de 12&#8242; (3,66m) de largeur a 8 laizes.<\/p>\n<p>-Murale en papier\u00a0peint pr\u00e9encoll\u00e9e, lavable, s&#8217;enl\u00e8ve \u00e0 sec et r\u00e9utilisable. Facile \u00e0 installer, se pose comme du papier\u00a0peint (tapisserie).<\/p>\n<p>-Cette toile est une cr\u00e9ation de Johanne P\u00e9pin.<\/p>\n<p>-murale h\u00f4pital v\u00e9t\u00e9rinaire, papier peint h\u00f4pital v\u00e9t\u00e9rinaire, tapisserie h\u00f4pital v\u00e9t\u00e9rinaire, murale pour enfants, papier peint pour enfants<\/p>\n","protected":false},"excerpt":{"rendered":"<p>-Une murale originale et amusante d&#8217;un h\u00f4pital v\u00e9t\u00e9rinaire. D&#8217;une r\u00e9solution exceptionnelle, cette oeuvre exclusive de Johanne P\u00e9pin fera le bonheur des amoureux des animaux. -La murale comprend des laizes de 18&#8243; (45cm) de largeur. Par exemple, une murale de 6&#8242; (1,83m) de largeur a 4 laizes et une murale de 12&#8242; (3,66m) de largeur a [&hellip;]<\/p>\n","protected":false},"featured_media":3537,"template":"","meta":{"_acf_changed":false},"product_brand":[133],"product_cat":[134,173,401,425],"product_tag":[8766,9036,8769,8791,8790,9038,8894,8895,9427,9125,9096,9505],"class_list":{"0":"post-3536","1":"product","2":"type-product","3":"status-publish","4":"has-post-thumbnail","6":"artist-johanne-pepin-fr","7":"product_brand-johanne-pepin","8":"product_cat-animaux","9":"product_cat-enfants","10":"product_cat-tous-nos-produits","11":"product_cat-ultra-haute-d-finition-art","12":"product_tag-amusant","13":"product_tag-amusement","14":"product_tag-animaux","15":"product_tag-bebe","16":"product_tag-bebes","17":"product_tag-drole","18":"product_tag-enfant","19":"product_tag-enfants","20":"product_tag-ete","21":"product_tag-gamins","22":"product_tag-hopital","23":"product_tag-veterinaire","25":"first","26":"instock","27":"taxable","28":"shipping-taxable","29":"purchasable","30":"product-type-variable","31":"has-default-attributes"},"acf":[],"_links":{"self":[{"href":"https:\/\/www.muralunique.com\/fr\/wp-json\/wp\/v2\/product\/3536","targetHints":{"allow":["GET"]}}],"collection":[{"href":"https:\/\/www.muralunique.com\/fr\/wp-json\/wp\/v2\/product"}],"about":[{"href":"https:\/\/www.muralunique.com\/fr\/wp-json\/wp\/v2\/types\/product"}],"wp:featuredmedia":[{"embeddable":true,"href":"https:\/\/www.muralunique.com\/fr\/wp-json\/wp\/v2\/media\/3537"}],"wp:attachment":[{"href":"https:\/\/www.muralunique.com\/fr\/wp-json\/wp\/v2\/media?parent=3536"}],"wp:term":[{"taxonomy":"product_brand","embeddable":true,"href":"https:\/\/www.muralunique.com\/fr\/wp-json\/wp\/v2\/product_brand?post=3536"},{"taxonomy":"product_cat","embeddable":true,"href":"https:\/\/www.muralunique.com\/fr\/wp-json\/wp\/v2\/product_cat?post=3536"},{"taxonomy":"product_tag","embeddable":true,"href":"https:\/\/www.muralunique.com\/fr\/wp-json\/wp\/v2\/product_tag?post=3536"}],"curies":[{"name":"wp","href":"https:\/\/api.w.org\/{rel}","templated":true}]}}