{"id":3558,"date":"2012-02-07T14:50:28","date_gmt":"2012-02-07T14:50:28","guid":{"rendered":"https:\/\/muralunique.com\/?post_type=product&#038;p=3558"},"modified":"2023-02-01T09:52:42","modified_gmt":"2023-02-01T14:52:42","slug":"chevaux-sauvages","status":"publish","type":"product","link":"https:\/\/www.muralunique.com\/fr\/produit\/chevaux-sauvages\/","title":{"rendered":"Chevaux Sauvages"},"content":{"rendered":"<p>-Photo murale d&#8217;un groupe de chevaux sauvages au galop.<\/p>\n<p>-La murale comprend des laizes de 18\u2033 (45cm) de largeur. Par exemple, une murale de 6\u2032 (1,83m) de largeur a 4 laizes et une murale de 12\u2032 (3,66m) de largeur a 8 laizes.<\/p>\n<p>-Murale en papier\u00a0peint pr\u00e9encoll\u00e9e, lavable, s\u2019enl\u00e8ve \u00e0 sec et r\u00e9utilisable. Facile \u00e0 installer, se pose comme du papier\u00a0peint (tapisserie).<\/p>\n<p>-murale de cheval, murales de chevaux, murales chevaux sauvages, papier peint cheval, tapisserie chevaux, murales animaux<\/p>\n","protected":false},"excerpt":{"rendered":"<p>-Photo murale d&#8217;un groupe de chevaux sauvages au galop. -La murale comprend des laizes de 18\u2033 (45cm) de largeur. Par exemple, une murale de 6\u2032 (1,83m) de largeur a 4 laizes et une murale de 12\u2032 (3,66m) de largeur a 8 laizes. -Murale en papier\u00a0peint pr\u00e9encoll\u00e9e, lavable, s\u2019enl\u00e8ve \u00e0 sec et r\u00e9utilisable. Facile \u00e0 installer, [&hellip;]<\/p>\n","protected":false},"featured_media":3559,"template":"","meta":{"_acf_changed":false},"product_brand":[203],"product_cat":[131,134,173,401],"product_tag":[9441,9442,8768,8769,9094,9095,8894,8895,9125,9524,9526],"class_list":{"0":"post-3558","1":"product","2":"type-product","3":"status-publish","4":"has-post-thumbnail","6":"product_brand-muralunique-com","7":"product_cat-adolescents","8":"product_cat-animaux","9":"product_cat-enfants","10":"product_cat-tous-nos-produits","11":"product_tag-ado","12":"product_tag-adolescents","13":"product_tag-animal","14":"product_tag-animaux","15":"product_tag-cheval","16":"product_tag-chevaux","17":"product_tag-enfant","18":"product_tag-enfants","19":"product_tag-gamins","20":"product_tag-sauvage","21":"product_tag-vie-sauvage","23":"first","24":"instock","25":"taxable","26":"shipping-taxable","27":"purchasable","28":"product-type-variable","29":"has-default-attributes"},"acf":[],"_links":{"self":[{"href":"https:\/\/www.muralunique.com\/fr\/wp-json\/wp\/v2\/product\/3558","targetHints":{"allow":["GET"]}}],"collection":[{"href":"https:\/\/www.muralunique.com\/fr\/wp-json\/wp\/v2\/product"}],"about":[{"href":"https:\/\/www.muralunique.com\/fr\/wp-json\/wp\/v2\/types\/product"}],"wp:featuredmedia":[{"embeddable":true,"href":"https:\/\/www.muralunique.com\/fr\/wp-json\/wp\/v2\/media\/3559"}],"wp:attachment":[{"href":"https:\/\/www.muralunique.com\/fr\/wp-json\/wp\/v2\/media?parent=3558"}],"wp:term":[{"taxonomy":"product_brand","embeddable":true,"href":"https:\/\/www.muralunique.com\/fr\/wp-json\/wp\/v2\/product_brand?post=3558"},{"taxonomy":"product_cat","embeddable":true,"href":"https:\/\/www.muralunique.com\/fr\/wp-json\/wp\/v2\/product_cat?post=3558"},{"taxonomy":"product_tag","embeddable":true,"href":"https:\/\/www.muralunique.com\/fr\/wp-json\/wp\/v2\/product_tag?post=3558"}],"curies":[{"name":"wp","href":"https:\/\/api.w.org\/{rel}","templated":true}]}}