{"id":3573,"date":"2012-01-26T19:25:57","date_gmt":"2012-01-26T19:25:57","guid":{"rendered":"https:\/\/muralunique.com\/?post_type=product&#038;p=3573"},"modified":"2023-02-01T09:52:48","modified_gmt":"2023-02-01T14:52:48","slug":"foret-blanche","status":"publish","type":"product","link":"https:\/\/www.muralunique.com\/fr\/produit\/foret-blanche\/","title":{"rendered":"For\u00eat Blanche"},"content":{"rendered":"<p>-Magnifique murale en papier peint d&#8217;une for\u00eat en hiver (noir et blanc).<\/p>\n<p>-La murale comprend des laizes de 18\u2033 (45cm) de largeur. Par exemple, une murale de 6\u2032 (1,83m) de largeur a 4 laizes et une murale de 12\u2032 (3,66m) de largeur a 8 laizes.<\/p>\n<p>-Murale en papier\u00a0peint pr\u00e9encoll\u00e9e, lavable, s\u2019enl\u00e8ve \u00e0 sec et r\u00e9utilisable. Facile \u00e0 installer, se pose comme du papier\u00a0peint (tapisserie).<\/p>\n<p>-murale for\u00eat blanche, photo murale for\u00eat blanche, murale en papier peint for\u00eat blanche, papier peint for\u00eat blanche, tapisserie for\u00eat blanche<\/p>\n","protected":false},"excerpt":{"rendered":"<p>-Magnifique murale en papier peint d&#8217;une for\u00eat en hiver (noir et blanc). -La murale comprend des laizes de 18\u2033 (45cm) de largeur. Par exemple, une murale de 6\u2032 (1,83m) de largeur a 4 laizes et une murale de 12\u2032 (3,66m) de largeur a 8 laizes. -Murale en papier\u00a0peint pr\u00e9encoll\u00e9e, lavable, s\u2019enl\u00e8ve \u00e0 sec et r\u00e9utilisable. [&hellip;]<\/p>\n","protected":false},"featured_media":31556,"template":"","meta":{"_acf_changed":false},"product_brand":[203],"product_cat":[141,305,401],"product_tag":[9478,8864,9019,9534,9219,9261,9137,9467],"class_list":{"0":"post-3573","1":"product","2":"type-product","3":"status-publish","4":"has-post-thumbnail","6":"product_brand-muralunique-com","7":"product_cat-nature-et-paysages","8":"product_cat-produits-vedettes","9":"product_cat-tous-nos-produits","10":"product_tag-arbres","11":"product_tag-calme","12":"product_tag-foret","13":"product_tag-hiver","14":"product_tag-nature-fr","15":"product_tag-paisible","16":"product_tag-paysage","17":"product_tag-tranquilite","19":"first","20":"instock","21":"taxable","22":"shipping-taxable","23":"purchasable","24":"product-type-variable","25":"has-default-attributes"},"acf":[],"_links":{"self":[{"href":"https:\/\/www.muralunique.com\/fr\/wp-json\/wp\/v2\/product\/3573","targetHints":{"allow":["GET"]}}],"collection":[{"href":"https:\/\/www.muralunique.com\/fr\/wp-json\/wp\/v2\/product"}],"about":[{"href":"https:\/\/www.muralunique.com\/fr\/wp-json\/wp\/v2\/types\/product"}],"wp:featuredmedia":[{"embeddable":true,"href":"https:\/\/www.muralunique.com\/fr\/wp-json\/wp\/v2\/media\/31556"}],"wp:attachment":[{"href":"https:\/\/www.muralunique.com\/fr\/wp-json\/wp\/v2\/media?parent=3573"}],"wp:term":[{"taxonomy":"product_brand","embeddable":true,"href":"https:\/\/www.muralunique.com\/fr\/wp-json\/wp\/v2\/product_brand?post=3573"},{"taxonomy":"product_cat","embeddable":true,"href":"https:\/\/www.muralunique.com\/fr\/wp-json\/wp\/v2\/product_cat?post=3573"},{"taxonomy":"product_tag","embeddable":true,"href":"https:\/\/www.muralunique.com\/fr\/wp-json\/wp\/v2\/product_tag?post=3573"}],"curies":[{"name":"wp","href":"https:\/\/api.w.org\/{rel}","templated":true}]}}