{"id":3589,"date":"2012-01-07T10:06:14","date_gmt":"2012-01-07T10:06:14","guid":{"rendered":"https:\/\/muralunique.com\/?post_type=product&#038;p=3589"},"modified":"2025-09-30T16:18:04","modified_gmt":"2025-09-30T20:18:04","slug":"larbre-aux-oiseaux","status":"publish","type":"product","link":"https:\/\/www.muralunique.com\/fr\/produit\/larbre-aux-oiseaux\/","title":{"rendered":"L&#8217;Arbre aux Oiseaux"},"content":{"rendered":"<p>-Murale pour enfants originale et exclusive\u00a0d&#8217;un gros arbre avec des petits oiseaux qui s&#8217;amusent. Cette murale est parfaite pour une chambre de b\u00e9b\u00e9, elle s&#8217;agence aussi bien dans une chambre de fille que dans une chambre de gar\u00e7on.<\/p>\n<p>-La murale comprend des laizes de 18&#8243; (45cm) de largeur. Par exemple, une murale de 6&#8242; (1,83m) de largeur a 4 laizes et une murale de 12&#8242; (3,66m) de largeur a 8 laizes.<\/p>\n<p>-Murale en papier\u00a0peint pr\u00e9encoll\u00e9e, lavable, s&#8217;enl\u00e8ve \u00e0 sec et r\u00e9utilisable. Facile \u00e0 installer, se pose comme du papier\u00a0peint (tapisserie).<\/p>\n<p>&#8211;<span style=\"white-space: pre-wrap;\">Cr\u00e9ation originale de l&#8217;artiste Johanne P\u00e9pin.<\/span><\/p>\n<p><span style=\"white-space: pre-wrap;\">-murale pour b\u00e9b\u00e9, murale pour b\u00e9b\u00e9s, papier peint pour chambre de b\u00e9b\u00e9, tapisserie pour chambre de b\u00e9b\u00e9, murale pour enfants<\/span><\/p>\n","protected":false},"excerpt":{"rendered":"<p>-Murale pour enfants originale et exclusive\u00a0d&#8217;un gros arbre avec des petits oiseaux qui s&#8217;amusent. Cette murale est parfaite pour une chambre de b\u00e9b\u00e9, elle s&#8217;agence aussi bien dans une chambre de fille que dans une chambre de gar\u00e7on. -La murale comprend des laizes de 18&#8243; (45cm) de largeur. Par exemple, une murale de 6&#8242; (1,83m) [&hellip;]<\/p>\n","protected":false},"featured_media":3590,"template":"","meta":{"_acf_changed":false},"product_brand":[133],"product_cat":[134,173,401,425],"product_tag":[8766,8769,9477,9478,8791,8790,8864,9038,8894,8895,9427,9014,9142,9144,9125,8824,9261,9428,9467],"class_list":{"0":"post-3589","1":"product","2":"type-product","3":"status-publish","4":"has-post-thumbnail","6":"artist-johanne-pepin-fr","7":"product_brand-johanne-pepin","8":"product_cat-animaux","9":"product_cat-enfants","10":"product_cat-tous-nos-produits","11":"product_cat-ultra-haute-d-finition-art","12":"product_tag-amusant","13":"product_tag-animaux","14":"product_tag-arbre","15":"product_tag-arbres","16":"product_tag-bebe","17":"product_tag-bebes","18":"product_tag-calme","19":"product_tag-drole","20":"product_tag-enfant","21":"product_tag-enfants","22":"product_tag-ete","23":"product_tag-feuillage","24":"product_tag-feuille","25":"product_tag-feuilles","26":"product_tag-gamins","27":"product_tag-oiseaux","28":"product_tag-paisible","29":"product_tag-soleil","30":"product_tag-tranquilite","32":"first","33":"instock","34":"taxable","35":"shipping-taxable","36":"purchasable","37":"product-type-variable","38":"has-default-attributes"},"acf":[],"_links":{"self":[{"href":"https:\/\/www.muralunique.com\/fr\/wp-json\/wp\/v2\/product\/3589","targetHints":{"allow":["GET"]}}],"collection":[{"href":"https:\/\/www.muralunique.com\/fr\/wp-json\/wp\/v2\/product"}],"about":[{"href":"https:\/\/www.muralunique.com\/fr\/wp-json\/wp\/v2\/types\/product"}],"wp:featuredmedia":[{"embeddable":true,"href":"https:\/\/www.muralunique.com\/fr\/wp-json\/wp\/v2\/media\/3590"}],"wp:attachment":[{"href":"https:\/\/www.muralunique.com\/fr\/wp-json\/wp\/v2\/media?parent=3589"}],"wp:term":[{"taxonomy":"product_brand","embeddable":true,"href":"https:\/\/www.muralunique.com\/fr\/wp-json\/wp\/v2\/product_brand?post=3589"},{"taxonomy":"product_cat","embeddable":true,"href":"https:\/\/www.muralunique.com\/fr\/wp-json\/wp\/v2\/product_cat?post=3589"},{"taxonomy":"product_tag","embeddable":true,"href":"https:\/\/www.muralunique.com\/fr\/wp-json\/wp\/v2\/product_tag?post=3589"}],"curies":[{"name":"wp","href":"https:\/\/api.w.org\/{rel}","templated":true}]}}