{"id":3602,"date":"2012-02-07T14:26:41","date_gmt":"2012-02-07T14:26:41","guid":{"rendered":"https:\/\/muralunique.com\/?post_type=product&#038;p=3602"},"modified":"2022-04-16T19:43:55","modified_gmt":"2022-04-16T23:43:55","slug":"rose-rouge","status":"publish","type":"product","link":"https:\/\/www.muralunique.com\/fr\/produit\/rose-rouge\/","title":{"rendered":"Rose Rouge"},"content":{"rendered":"<p>-Une magnifique photo murale en papier peint d&#8217;un plan rapproch\u00e9 d&#8217;une rose rouge.<\/p>\n<p>-La murale comprend des laizes de 18\u2033 (45cm) de largeur. Par exemple, une murale de 6\u2032 (1,83m) de largeur a 4 laizes et une murale de 12\u2032 (3,66m) de largeur a 8 laizes.<\/p>\n<p>-Murale en papier\u00a0peint pr\u00e9encoll\u00e9e, lavable, s\u2019enl\u00e8ve \u00e0 sec et r\u00e9utilisable. Facile \u00e0 installer, se pose comme du papier\u00a0peint (tapisserie).<\/p>\n<p>-murale rose rouge, photo murale rose rouge, murale en papier peint rose rouge, papier peint rose rouge, tapisserie rose rouge<\/p>\n","protected":false},"excerpt":{"rendered":"<p>-Une magnifique photo murale en papier peint d&#8217;un plan rapproch\u00e9 d&#8217;une rose rouge. -La murale comprend des laizes de 18\u2033 (45cm) de largeur. Par exemple, une murale de 6\u2032 (1,83m) de largeur a 4 laizes et une murale de 12\u2032 (3,66m) de largeur a 8 laizes. -Murale en papier\u00a0peint pr\u00e9encoll\u00e9e, lavable, s\u2019enl\u00e8ve \u00e0 sec et [&hellip;]<\/p>\n","protected":false},"featured_media":37860,"template":"","meta":{"_acf_changed":false},"product_brand":[203],"product_cat":[150,401],"product_tag":[9009,9010,9006,9167,8905,9340,9341],"class_list":{"0":"post-3602","1":"product","2":"type-product","3":"status-publish","4":"has-post-thumbnail","6":"product_brand-muralunique-com","7":"product_cat-fleurs-et-feuillages","8":"product_cat-tous-nos-produits","9":"product_tag-fleur","10":"product_tag-fleurs","11":"product_tag-floral-fr","12":"product_tag-macro-fr","13":"product_tag-plan-rapproche","14":"product_tag-rose","15":"product_tag-roses-fr","17":"first","18":"instock","19":"taxable","20":"shipping-taxable","21":"purchasable","22":"product-type-variable","23":"has-default-attributes"},"acf":[],"_links":{"self":[{"href":"https:\/\/www.muralunique.com\/fr\/wp-json\/wp\/v2\/product\/3602","targetHints":{"allow":["GET"]}}],"collection":[{"href":"https:\/\/www.muralunique.com\/fr\/wp-json\/wp\/v2\/product"}],"about":[{"href":"https:\/\/www.muralunique.com\/fr\/wp-json\/wp\/v2\/types\/product"}],"wp:featuredmedia":[{"embeddable":true,"href":"https:\/\/www.muralunique.com\/fr\/wp-json\/wp\/v2\/media\/37860"}],"wp:attachment":[{"href":"https:\/\/www.muralunique.com\/fr\/wp-json\/wp\/v2\/media?parent=3602"}],"wp:term":[{"taxonomy":"product_brand","embeddable":true,"href":"https:\/\/www.muralunique.com\/fr\/wp-json\/wp\/v2\/product_brand?post=3602"},{"taxonomy":"product_cat","embeddable":true,"href":"https:\/\/www.muralunique.com\/fr\/wp-json\/wp\/v2\/product_cat?post=3602"},{"taxonomy":"product_tag","embeddable":true,"href":"https:\/\/www.muralunique.com\/fr\/wp-json\/wp\/v2\/product_tag?post=3602"}],"curies":[{"name":"wp","href":"https:\/\/api.w.org\/{rel}","templated":true}]}}