{"id":3625,"date":"2012-02-07T17:18:05","date_gmt":"2012-02-07T17:18:05","guid":{"rendered":"https:\/\/muralunique.com\/?post_type=product&#038;p=3625"},"modified":"2023-08-22T13:28:56","modified_gmt":"2023-08-22T17:28:56","slug":"manhattan-la-nuit","status":"publish","type":"product","link":"https:\/\/www.muralunique.com\/fr\/produit\/manhattan-la-nuit\/","title":{"rendered":"Manhattan la Nuit"},"content":{"rendered":"<p>-Photo murale d&#8217;une vue incroyable de Manhattan, New York. Une murale id\u00e9ale pour cr\u00e9er un mur d&#8217;accent moderne et tendance.<\/p>\n<p>-La murale comprend des laizes de 18&#8243; (45cm) de largeur. Par exemple, une murale de 6&#8242; (1,83m) de largeur a 4 laizes et une murale de 12&#8242; (3,66m) de largeur a 8 laizes.<\/p>\n<p>-Murale en papier\u00a0peint pr\u00e9encoll\u00e9e, lavable, s&#8217;enl\u00e8ve \u00e0 sec et r\u00e9utilisable. Facile \u00e0 installer, se pose comme du papier\u00a0peint (tapisserie).<\/p>\n<p>-murale Manhattan, papier peint Manhattan, photo murale Manhattan, murale New York, papier peint New York, tapisserie murale New York, murale vue de Manhattan, papier peint vue de Manhattan<\/p>\n<p>&nbsp;<\/p>\n","protected":false},"excerpt":{"rendered":"<p>-Photo murale d&#8217;une vue incroyable de Manhattan, New York. Une murale id\u00e9ale pour cr\u00e9er un mur d&#8217;accent moderne et tendance. -La murale comprend des laizes de 18&#8243; (45cm) de largeur. Par exemple, une murale de 6&#8242; (1,83m) de largeur a 4 laizes et une murale de 12&#8242; (3,66m) de largeur a 8 laizes. -Murale en [&hellip;]<\/p>\n","protected":false},"featured_media":81070,"template":"","meta":{"_acf_changed":false},"product_brand":[203],"product_cat":[305,166,401],"product_tag":[8921,9499,9382,9381,9170,9226,9227,9230,8902,9500,8901],"class_list":{"0":"post-3625","1":"product","2":"type-product","3":"status-publish","4":"has-post-thumbnail","6":"product_brand-muralunique-com","7":"product_cat-produits-vedettes","8":"product_cat-scenes-urbaines-villes","9":"product_cat-tous-nos-produits","10":"product_tag-contemporain","11":"product_tag-etats-unis","12":"product_tag-grattes-ciels","13":"product_tag-horizon","14":"product_tag-manhattan-fr","15":"product_tag-new-york-fr","16":"product_tag-nuit","17":"product_tag-nyc-fr","18":"product_tag-paysage-urbain","19":"product_tag-urbain","20":"product_tag-ville","22":"first","23":"instock","24":"taxable","25":"shipping-taxable","26":"purchasable","27":"product-type-variable","28":"has-default-attributes"},"acf":[],"_links":{"self":[{"href":"https:\/\/www.muralunique.com\/fr\/wp-json\/wp\/v2\/product\/3625","targetHints":{"allow":["GET"]}}],"collection":[{"href":"https:\/\/www.muralunique.com\/fr\/wp-json\/wp\/v2\/product"}],"about":[{"href":"https:\/\/www.muralunique.com\/fr\/wp-json\/wp\/v2\/types\/product"}],"wp:featuredmedia":[{"embeddable":true,"href":"https:\/\/www.muralunique.com\/fr\/wp-json\/wp\/v2\/media\/81070"}],"wp:attachment":[{"href":"https:\/\/www.muralunique.com\/fr\/wp-json\/wp\/v2\/media?parent=3625"}],"wp:term":[{"taxonomy":"product_brand","embeddable":true,"href":"https:\/\/www.muralunique.com\/fr\/wp-json\/wp\/v2\/product_brand?post=3625"},{"taxonomy":"product_cat","embeddable":true,"href":"https:\/\/www.muralunique.com\/fr\/wp-json\/wp\/v2\/product_cat?post=3625"},{"taxonomy":"product_tag","embeddable":true,"href":"https:\/\/www.muralunique.com\/fr\/wp-json\/wp\/v2\/product_tag?post=3625"}],"curies":[{"name":"wp","href":"https:\/\/api.w.org\/{rel}","templated":true}]}}