{"id":3634,"date":"2012-02-08T09:30:13","date_gmt":"2012-02-08T09:30:13","guid":{"rendered":"https:\/\/muralunique.com\/?post_type=product&#038;p=3634"},"modified":"2022-04-16T19:44:12","modified_gmt":"2022-04-16T23:44:12","slug":"la-rue-des-bonbons-version-francaise","status":"publish","type":"product","link":"https:\/\/www.muralunique.com\/fr\/produit\/la-rue-des-bonbons-version-francaise\/","title":{"rendered":"La Rue des Bonbons (Version Fran\u00e7aise)"},"content":{"rendered":"<p>-Murale originale et exclusive d&#8217;une petite rue avec des pi\u00e9tons et des boutiques (version fran\u00e7aise). Cette murale amusante est parfaite pour une chambre d&#8217;enfants, une garderie, une salle de jeu, une salle d&#8217;attente ou une \u00e9cole.<\/p>\n<p>-La murale comprend des laizes de 18&#8243; (45cm) de largeur. Par exemple, une murale de 6&#8242; (1,83m) de largeur a 4 laizes et une murale de 12&#8242; (3,66m) de largeur a 8 laizes.<\/p>\n<p>-Murale en papier\u00a0peint pr\u00e9encoll\u00e9e, lavable, s&#8217;enl\u00e8ve \u00e0 sec et r\u00e9utilisable. Facile \u00e0 installer, se pose comme du papier\u00a0peint (tapisserie).<\/p>\n<p>-Cette murale provient d&#8217;une toile de l&#8217;artiste Johanne P\u00e9pin.<\/p>\n<p>-murale rue des bonbons, murale pour enfants, murale pour garderie, papier peint pour enfants, tapisserie pour enfants<\/p>\n","protected":false},"excerpt":{"rendered":"<p>-Murale originale et exclusive d&#8217;une petite rue avec des pi\u00e9tons et des boutiques (version fran\u00e7aise). Cette murale amusante est parfaite pour une chambre d&#8217;enfants, une garderie, une salle de jeu, une salle d&#8217;attente ou une \u00e9cole. -La murale comprend des laizes de 18&#8243; (45cm) de largeur. Par exemple, une murale de 6&#8242; (1,83m) de largeur [&hellip;]<\/p>\n","protected":false},"featured_media":32931,"template":"","meta":{"_acf_changed":false},"product_brand":[133],"product_cat":[173,401,425],"product_tag":[9272,8791,8790,8870,8869,8792,9368,8894,8895,9427,9125,9461,9420,9099,9423,9510],"class_list":{"0":"post-3634","1":"product","2":"type-product","3":"status-publish","4":"has-post-thumbnail","6":"artist-johanne-pepin-fr","7":"product_brand-johanne-pepin","8":"product_cat-enfants","9":"product_cat-tous-nos-produits","10":"product_cat-ultra-haute-d-finition-art","11":"product_tag-animalerie","12":"product_tag-bebe","13":"product_tag-bebes","14":"product_tag-bonbon","15":"product_tag-bonbons","16":"product_tag-boulangerie","17":"product_tag-boutiques","18":"product_tag-enfant","19":"product_tag-enfants","20":"product_tag-ete","21":"product_tag-gamins","22":"product_tag-jouets","23":"product_tag-magasins","24":"product_tag-maisons","25":"product_tag-rue","26":"product_tag-village-fr","28":"first","29":"instock","30":"taxable","31":"shipping-taxable","32":"purchasable","33":"product-type-variable","34":"has-default-attributes"},"acf":[],"_links":{"self":[{"href":"https:\/\/www.muralunique.com\/fr\/wp-json\/wp\/v2\/product\/3634","targetHints":{"allow":["GET"]}}],"collection":[{"href":"https:\/\/www.muralunique.com\/fr\/wp-json\/wp\/v2\/product"}],"about":[{"href":"https:\/\/www.muralunique.com\/fr\/wp-json\/wp\/v2\/types\/product"}],"wp:featuredmedia":[{"embeddable":true,"href":"https:\/\/www.muralunique.com\/fr\/wp-json\/wp\/v2\/media\/32931"}],"wp:attachment":[{"href":"https:\/\/www.muralunique.com\/fr\/wp-json\/wp\/v2\/media?parent=3634"}],"wp:term":[{"taxonomy":"product_brand","embeddable":true,"href":"https:\/\/www.muralunique.com\/fr\/wp-json\/wp\/v2\/product_brand?post=3634"},{"taxonomy":"product_cat","embeddable":true,"href":"https:\/\/www.muralunique.com\/fr\/wp-json\/wp\/v2\/product_cat?post=3634"},{"taxonomy":"product_tag","embeddable":true,"href":"https:\/\/www.muralunique.com\/fr\/wp-json\/wp\/v2\/product_tag?post=3634"}],"curies":[{"name":"wp","href":"https:\/\/api.w.org\/{rel}","templated":true}]}}