{"id":3642,"date":"2012-02-08T09:39:33","date_gmt":"2012-02-08T09:39:33","guid":{"rendered":"https:\/\/muralunique.com\/?post_type=product&#038;p=3642"},"modified":"2022-04-16T19:44:15","modified_gmt":"2022-04-16T23:44:15","slug":"larbre-aux-enfants","status":"publish","type":"product","link":"https:\/\/www.muralunique.com\/fr\/produit\/larbre-aux-enfants\/","title":{"rendered":"L&#8217;Arbre aux Enfants"},"content":{"rendered":"<p>-Une murale en papier peint\u00a0originale d&#8217;un arbre avec des enfants. Cr\u00e9ation de Johanne P\u00e9pin.<\/p>\n<p>-La murale comprend des laizes de 18&#8243; (45cm) de largeur. Par exemple, une murale de 6&#8242; (1,83m) de largeur a 4 laizes et une murale de 12&#8242; (3,66m) de largeur a 8 laizes.<\/p>\n<p>-Murale en papier\u00a0peint pr\u00e9encoll\u00e9e, lavable, s&#8217;enl\u00e8ve \u00e0 sec et r\u00e9utilisable. Facile \u00e0 installer, se pose comme du papier\u00a0peint (tapisserie).<\/p>\n<p>-Cette toile est une cr\u00e9ation de Johanne P\u00e9pin.<\/p>\n<p>-murale de l&#8217;arbre aux enfants, murale d&#8217;un arbre pour enfants, murale pour enfants, murale en papier peint pour enfants, murale pour chambre d&#8217;enfants<\/p>\n","protected":false},"excerpt":{"rendered":"<p>-Une murale en papier peint\u00a0originale d&#8217;un arbre avec des enfants. Cr\u00e9ation de Johanne P\u00e9pin. -La murale comprend des laizes de 18&#8243; (45cm) de largeur. Par exemple, une murale de 6&#8242; (1,83m) de largeur a 4 laizes et une murale de 12&#8242; (3,66m) de largeur a 8 laizes. -Murale en papier\u00a0peint pr\u00e9encoll\u00e9e, lavable, s&#8217;enl\u00e8ve \u00e0 sec [&hellip;]<\/p>\n","protected":false},"featured_media":3643,"template":"","meta":{"_acf_changed":false},"product_brand":[133],"product_cat":[173,401,425],"product_tag":[8766,9036,9477,8791,8790,9038,8894,8895,9427,9125,9284],"class_list":{"0":"post-3642","1":"product","2":"type-product","3":"status-publish","4":"has-post-thumbnail","6":"artist-johanne-pepin-fr","7":"product_brand-johanne-pepin","8":"product_cat-enfants","9":"product_cat-tous-nos-produits","10":"product_cat-ultra-haute-d-finition-art","11":"product_tag-amusant","12":"product_tag-amusement","13":"product_tag-arbre","14":"product_tag-bebe","15":"product_tag-bebes","16":"product_tag-drole","17":"product_tag-enfant","18":"product_tag-enfants","19":"product_tag-ete","20":"product_tag-gamins","21":"product_tag-jouer","23":"first","24":"instock","25":"taxable","26":"shipping-taxable","27":"purchasable","28":"product-type-variable","29":"has-default-attributes"},"acf":[],"_links":{"self":[{"href":"https:\/\/www.muralunique.com\/fr\/wp-json\/wp\/v2\/product\/3642","targetHints":{"allow":["GET"]}}],"collection":[{"href":"https:\/\/www.muralunique.com\/fr\/wp-json\/wp\/v2\/product"}],"about":[{"href":"https:\/\/www.muralunique.com\/fr\/wp-json\/wp\/v2\/types\/product"}],"wp:featuredmedia":[{"embeddable":true,"href":"https:\/\/www.muralunique.com\/fr\/wp-json\/wp\/v2\/media\/3643"}],"wp:attachment":[{"href":"https:\/\/www.muralunique.com\/fr\/wp-json\/wp\/v2\/media?parent=3642"}],"wp:term":[{"taxonomy":"product_brand","embeddable":true,"href":"https:\/\/www.muralunique.com\/fr\/wp-json\/wp\/v2\/product_brand?post=3642"},{"taxonomy":"product_cat","embeddable":true,"href":"https:\/\/www.muralunique.com\/fr\/wp-json\/wp\/v2\/product_cat?post=3642"},{"taxonomy":"product_tag","embeddable":true,"href":"https:\/\/www.muralunique.com\/fr\/wp-json\/wp\/v2\/product_tag?post=3642"}],"curies":[{"name":"wp","href":"https:\/\/api.w.org\/{rel}","templated":true}]}}